{"id":6886,"date":"2021-07-23T12:55:44","date_gmt":"2021-07-23T17:57:44","guid":{"rendered":"https:\/\/musuqilla.info\/?post_type=product&#038;p=6886"},"modified":"2021-07-23T14:03:43","modified_gmt":"2021-07-23T19:03:43","slug":"hoja-desprendida","status":"publish","type":"product","link":"https:\/\/musuqilla.info\/es\/harawikuna-qulqakuna\/hoja-desprendida\/","title":{"rendered":"Hoja desprendida"},"content":{"rendered":"","protected":false},"excerpt":{"rendered":"<p>En los amarillos del<br \/>\nocaso donde muere el<br \/>\nd\u00eda encargu\u00e9 al viento<br \/>\nque guarde tu nombre<br \/>\nhasta mi retorno<\/p>\n<p>Escarb\u00e9 a ciegas<br \/>\nobscuros caminos<br \/>\nbusc\u00e1ndote.<br \/>\nLuci\u00e9rnagas<br \/>\ngrit\u00e1ndome<br \/>\nNo lo vi pasar<br \/>\nnunca lo vi. <\/p>\n<p>Sobre praderas<br \/>\ndesnudas de viajante<br \/>\nperegrino<br \/>\nmis castigados<br \/>\nandares cayeron<br \/>\nen el espanto<\/p>\n<p>Angustias<br \/>\ninterminables<br \/>\nopacaron mis d\u00e9biles<br \/>\nfuerzas.<br \/>\nVol\u00e9 por los aires<br \/>\nbajo el surco abierto<br \/>\nque deja huella en el<br \/>\nmismo cielo<br \/>\npara buscarte<br \/>\nHermosa hoja<br \/>\ndesprendida<\/p>\n<p>He salido con el sol<br \/>\nde verano<br \/>\nllovi\u00e9ndome estos<br \/>\ninviernos de<br \/>\ncongeladas nostalgias.<br \/>\nTodo es desolaci\u00f3n.<\/p>\n<p>A mi paso he visto<br \/>\ndiez, cien, mil<br \/>\ncaminantes como yo<br \/>\nllevando en sus<br \/>\nalforjas<br \/>\nilusiones<br \/>\ncopiosamente<br \/>\nsilenciadas.<\/p>\n<p>Es la nada de los<br \/>\ncaminos<br \/>\nEl elipsis de los<br \/>\ntiempos.<\/p>\n<p>Busco la flor silvestre<br \/>\nque regu\u00e9 con<br \/>\nl\u00e1grimas<br \/>\nencargar\u00e9 tu fuerza<br \/>\ny mi fuerza<br \/>\nen sus p\u00e9talos<br \/>\npara decir que<br \/>\n\u00a1Te he de encontrar!<br \/>\n\u00a1Te encontrar\u00e9!<br \/>\nAunque la vida me cueste. \t\t\t\t\t\t\t\t                     \u00a1Te encontrar\u00e9!<\/p>\n","protected":false},"featured_media":6846,"template":"","meta":{"_monsterinsights_skip_tracking":false,"_monsterinsights_sitenote_active":false,"_monsterinsights_sitenote_note":"","_monsterinsights_sitenote_category":0},"product_brand":[],"product_cat":[279,295,107],"product_tag":[],"press":[],"class_list":{"0":"post-6886","1":"product","2":"type-product","3":"status-publish","4":"has-post-thumbnail","6":"product_author-alida-castaneda-guerra-es","7":"product_cat-musuq-illa-libro","8":"product_cat-otros-poemas","9":"product_cat-poemas","10":"pa_country-peru-es-es","11":"pa_form-verso-libre","12":"pa_period-siglo-xxi","13":"pa_poetic-devices-ecfonesis","14":"pa_region-city-apurimac-es","15":"pa_region-city-ayacucho-es","16":"pa_theme-amor-intimidad","17":"pa_theme-melancolia","19":"first","20":"instock","21":"shipping-taxable","22":"product-type-external"},"yoast_head":"<!-- This site is optimized with the Yoast SEO plugin v27.6 - https:\/\/yoast.com\/product\/yoast-seo-wordpress\/ -->\n<title>Hoja desprendida - Musuq Illa<\/title>\n<meta name=\"robots\" content=\"index, follow, max-snippet:-1, max-image-preview:large, max-video-preview:-1\" \/>\n<link rel=\"canonical\" href=\"https:\/\/musuqilla.info\/es\/harawikuna-qulqakuna\/hoja-desprendida\/\" \/>\n<meta property=\"og:locale\" content=\"es_ES\" \/>\n<meta property=\"og:type\" content=\"article\" \/>\n<meta property=\"og:title\" content=\"Hoja desprendida - Musuq Illa\" \/>\n<meta property=\"og:description\" content=\"En los amarillos del  ocaso donde muere el  d\u00eda encargu\u00e9 al viento  que guarde tu nombre  hasta mi retorno  Escarb\u00e9 a ciegas  obscuros caminos busc\u00e1ndote. Luci\u00e9rnagas  grit\u00e1ndome No lo vi pasar  nunca lo vi.   Sobre praderas  desnudas de viajante  peregrino  mis castigados  andares cayeron  en el espanto  Angustias  interminables  opacaron mis d\u00e9biles  fuerzas. Vol\u00e9 por los aires  bajo el surco abierto  que deja huella en el  mismo cielo  para buscarte Hermosa hoja  desprendida  He salido con el sol  de verano llovi\u00e9ndome estos  inviernos de  congeladas nostalgias.  Todo es desolaci\u00f3n.  A mi paso he visto  diez, cien, mil  caminantes como yo  llevando en sus  alforjas ilusiones  copiosamente  silenciadas.  Es la nada de los  caminos  El elipsis de los  tiempos.  Busco la flor silvestre  que regu\u00e9 con  l\u00e1grimas encargar\u00e9 tu fuerza  y mi fuerza en sus p\u00e9talos  para decir que  \u00a1Te he de encontrar! \u00a1Te encontrar\u00e9! Aunque la vida me cueste.               \u00a1Te encontrar\u00e9!\" \/>\n<meta property=\"og:url\" content=\"https:\/\/musuqilla.info\/es\/harawikuna-qulqakuna\/hoja-desprendida\/\" \/>\n<meta property=\"og:site_name\" content=\"Musuq Illa\" \/>\n<meta property=\"article:modified_time\" content=\"2021-07-23T19:03:43+00:00\" \/>\n<meta property=\"og:image\" content=\"https:\/\/musuqilla.info\/wp-content\/uploads\/2021\/07\/castaneda-guerra_sikisqa-sumac-raphi_04f.jpg\" \/>\n\t<meta property=\"og:image:width\" content=\"855\" \/>\n\t<meta property=\"og:image:height\" content=\"1280\" \/>\n\t<meta property=\"og:image:type\" content=\"image\/jpeg\" \/>\n<meta name=\"twitter:card\" content=\"summary_large_image\" \/>\n<meta name=\"twitter:site\" content=\"@MusuqIlla\" \/>\n<script type=\"application\/ld+json\" class=\"yoast-schema-graph\">{\"@context\":\"https:\\\/\\\/schema.org\",\"@graph\":[{\"@type\":\"WebPage\",\"@id\":\"https:\\\/\\\/musuqilla.info\\\/es\\\/harawikuna-qulqakuna\\\/hoja-desprendida\\\/\",\"url\":\"https:\\\/\\\/musuqilla.info\\\/es\\\/harawikuna-qulqakuna\\\/hoja-desprendida\\\/\",\"name\":\"Hoja desprendida - Musuq Illa\",\"isPartOf\":{\"@id\":\"https:\\\/\\\/musuqilla.info\\\/es\\\/#website\"},\"primaryImageOfPage\":{\"@id\":\"https:\\\/\\\/musuqilla.info\\\/es\\\/harawikuna-qulqakuna\\\/hoja-desprendida\\\/#primaryimage\"},\"image\":{\"@id\":\"https:\\\/\\\/musuqilla.info\\\/es\\\/harawikuna-qulqakuna\\\/hoja-desprendida\\\/#primaryimage\"},\"thumbnailUrl\":\"https:\\\/\\\/musuqilla.info\\\/wp-content\\\/uploads\\\/2021\\\/07\\\/castaneda-guerra_sikisqa-sumac-raphi_04f.jpg\",\"datePublished\":\"2021-07-23T17:57:44+00:00\",\"dateModified\":\"2021-07-23T19:03:43+00:00\",\"breadcrumb\":{\"@id\":\"https:\\\/\\\/musuqilla.info\\\/es\\\/harawikuna-qulqakuna\\\/hoja-desprendida\\\/#breadcrumb\"},\"inLanguage\":\"es-PE\",\"potentialAction\":[{\"@type\":\"ReadAction\",\"target\":[\"https:\\\/\\\/musuqilla.info\\\/es\\\/harawikuna-qulqakuna\\\/hoja-desprendida\\\/\"]}]},{\"@type\":\"ImageObject\",\"inLanguage\":\"es-PE\",\"@id\":\"https:\\\/\\\/musuqilla.info\\\/es\\\/harawikuna-qulqakuna\\\/hoja-desprendida\\\/#primaryimage\",\"url\":\"https:\\\/\\\/musuqilla.info\\\/wp-content\\\/uploads\\\/2021\\\/07\\\/castaneda-guerra_sikisqa-sumac-raphi_04f.jpg\",\"contentUrl\":\"https:\\\/\\\/musuqilla.info\\\/wp-content\\\/uploads\\\/2021\\\/07\\\/castaneda-guerra_sikisqa-sumac-raphi_04f.jpg\",\"width\":855,\"height\":1280},{\"@type\":\"BreadcrumbList\",\"@id\":\"https:\\\/\\\/musuqilla.info\\\/es\\\/harawikuna-qulqakuna\\\/hoja-desprendida\\\/#breadcrumb\",\"itemListElement\":[{\"@type\":\"ListItem\",\"position\":1,\"name\":\"Inicio\",\"item\":\"https:\\\/\\\/musuqilla.info\\\/es\\\/\"},{\"@type\":\"ListItem\",\"position\":2,\"name\":\"Estante\",\"item\":\"https:\\\/\\\/musuqilla.info\\\/es\\\/estante\\\/\"},{\"@type\":\"ListItem\",\"position\":3,\"name\":\"Hoja desprendida\"}]},{\"@type\":\"WebSite\",\"@id\":\"https:\\\/\\\/musuqilla.info\\\/es\\\/#website\",\"url\":\"https:\\\/\\\/musuqilla.info\\\/es\\\/\",\"name\":\"Musuq Illa\",\"description\":\"Harawikuna runasimipi\",\"publisher\":{\"@id\":\"https:\\\/\\\/musuqilla.info\\\/es\\\/#organization\"},\"potentialAction\":[{\"@type\":\"SearchAction\",\"target\":{\"@type\":\"EntryPoint\",\"urlTemplate\":\"https:\\\/\\\/musuqilla.info\\\/es\\\/?s={search_term_string}\"},\"query-input\":{\"@type\":\"PropertyValueSpecification\",\"valueRequired\":true,\"valueName\":\"search_term_string\"}}],\"inLanguage\":\"es-PE\"},{\"@type\":\"Organization\",\"@id\":\"https:\\\/\\\/musuqilla.info\\\/es\\\/#organization\",\"name\":\"Musuq Illa\",\"url\":\"https:\\\/\\\/musuqilla.info\\\/es\\\/\",\"logo\":{\"@type\":\"ImageObject\",\"inLanguage\":\"es-PE\",\"@id\":\"https:\\\/\\\/musuqilla.info\\\/es\\\/#\\\/schema\\\/logo\\\/image\\\/\",\"url\":\"https:\\\/\\\/i0.wp.com\\\/musuqilla.info\\\/wp-content\\\/uploads\\\/2020\\\/11\\\/musuq_illa_masthead_logo_txt_E_2x_smaller.png?fit=348%2C264&ssl=1\",\"contentUrl\":\"https:\\\/\\\/i0.wp.com\\\/musuqilla.info\\\/wp-content\\\/uploads\\\/2020\\\/11\\\/musuq_illa_masthead_logo_txt_E_2x_smaller.png?fit=348%2C264&ssl=1\",\"width\":348,\"height\":264,\"caption\":\"Musuq Illa\"},\"image\":{\"@id\":\"https:\\\/\\\/musuqilla.info\\\/es\\\/#\\\/schema\\\/logo\\\/image\\\/\"},\"sameAs\":[\"https:\\\/\\\/x.com\\\/MusuqIlla\"]}]}<\/script>\n<!-- \/ Yoast SEO plugin. -->","yoast_head_json":{"title":"Hoja desprendida - Musuq Illa","robots":{"index":"index","follow":"follow","max-snippet":"max-snippet:-1","max-image-preview":"max-image-preview:large","max-video-preview":"max-video-preview:-1"},"canonical":"https:\/\/musuqilla.info\/es\/harawikuna-qulqakuna\/hoja-desprendida\/","og_locale":"es_ES","og_type":"article","og_title":"Hoja desprendida - Musuq Illa","og_description":"En los amarillos del  ocaso donde muere el  d\u00eda encargu\u00e9 al viento  que guarde tu nombre  hasta mi retorno  Escarb\u00e9 a ciegas  obscuros caminos busc\u00e1ndote. Luci\u00e9rnagas  grit\u00e1ndome No lo vi pasar  nunca lo vi.   Sobre praderas  desnudas de viajante  peregrino  mis castigados  andares cayeron  en el espanto  Angustias  interminables  opacaron mis d\u00e9biles  fuerzas. Vol\u00e9 por los aires  bajo el surco abierto  que deja huella en el  mismo cielo  para buscarte Hermosa hoja  desprendida  He salido con el sol  de verano llovi\u00e9ndome estos  inviernos de  congeladas nostalgias.  Todo es desolaci\u00f3n.  A mi paso he visto  diez, cien, mil  caminantes como yo  llevando en sus  alforjas ilusiones  copiosamente  silenciadas.  Es la nada de los  caminos  El elipsis de los  tiempos.  Busco la flor silvestre  que regu\u00e9 con  l\u00e1grimas encargar\u00e9 tu fuerza  y mi fuerza en sus p\u00e9talos  para decir que  \u00a1Te he de encontrar! \u00a1Te encontrar\u00e9! Aunque la vida me cueste.               \u00a1Te encontrar\u00e9!","og_url":"https:\/\/musuqilla.info\/es\/harawikuna-qulqakuna\/hoja-desprendida\/","og_site_name":"Musuq Illa","article_modified_time":"2021-07-23T19:03:43+00:00","og_image":[{"width":855,"height":1280,"url":"https:\/\/musuqilla.info\/wp-content\/uploads\/2021\/07\/castaneda-guerra_sikisqa-sumac-raphi_04f.jpg","type":"image\/jpeg"}],"twitter_card":"summary_large_image","twitter_site":"@MusuqIlla","schema":{"@context":"https:\/\/schema.org","@graph":[{"@type":"WebPage","@id":"https:\/\/musuqilla.info\/es\/harawikuna-qulqakuna\/hoja-desprendida\/","url":"https:\/\/musuqilla.info\/es\/harawikuna-qulqakuna\/hoja-desprendida\/","name":"Hoja desprendida - Musuq Illa","isPartOf":{"@id":"https:\/\/musuqilla.info\/es\/#website"},"primaryImageOfPage":{"@id":"https:\/\/musuqilla.info\/es\/harawikuna-qulqakuna\/hoja-desprendida\/#primaryimage"},"image":{"@id":"https:\/\/musuqilla.info\/es\/harawikuna-qulqakuna\/hoja-desprendida\/#primaryimage"},"thumbnailUrl":"https:\/\/musuqilla.info\/wp-content\/uploads\/2021\/07\/castaneda-guerra_sikisqa-sumac-raphi_04f.jpg","datePublished":"2021-07-23T17:57:44+00:00","dateModified":"2021-07-23T19:03:43+00:00","breadcrumb":{"@id":"https:\/\/musuqilla.info\/es\/harawikuna-qulqakuna\/hoja-desprendida\/#breadcrumb"},"inLanguage":"es-PE","potentialAction":[{"@type":"ReadAction","target":["https:\/\/musuqilla.info\/es\/harawikuna-qulqakuna\/hoja-desprendida\/"]}]},{"@type":"ImageObject","inLanguage":"es-PE","@id":"https:\/\/musuqilla.info\/es\/harawikuna-qulqakuna\/hoja-desprendida\/#primaryimage","url":"https:\/\/musuqilla.info\/wp-content\/uploads\/2021\/07\/castaneda-guerra_sikisqa-sumac-raphi_04f.jpg","contentUrl":"https:\/\/musuqilla.info\/wp-content\/uploads\/2021\/07\/castaneda-guerra_sikisqa-sumac-raphi_04f.jpg","width":855,"height":1280},{"@type":"BreadcrumbList","@id":"https:\/\/musuqilla.info\/es\/harawikuna-qulqakuna\/hoja-desprendida\/#breadcrumb","itemListElement":[{"@type":"ListItem","position":1,"name":"Inicio","item":"https:\/\/musuqilla.info\/es\/"},{"@type":"ListItem","position":2,"name":"Estante","item":"https:\/\/musuqilla.info\/es\/estante\/"},{"@type":"ListItem","position":3,"name":"Hoja desprendida"}]},{"@type":"WebSite","@id":"https:\/\/musuqilla.info\/es\/#website","url":"https:\/\/musuqilla.info\/es\/","name":"Musuq Illa","description":"Harawikuna runasimipi","publisher":{"@id":"https:\/\/musuqilla.info\/es\/#organization"},"potentialAction":[{"@type":"SearchAction","target":{"@type":"EntryPoint","urlTemplate":"https:\/\/musuqilla.info\/es\/?s={search_term_string}"},"query-input":{"@type":"PropertyValueSpecification","valueRequired":true,"valueName":"search_term_string"}}],"inLanguage":"es-PE"},{"@type":"Organization","@id":"https:\/\/musuqilla.info\/es\/#organization","name":"Musuq Illa","url":"https:\/\/musuqilla.info\/es\/","logo":{"@type":"ImageObject","inLanguage":"es-PE","@id":"https:\/\/musuqilla.info\/es\/#\/schema\/logo\/image\/","url":"https:\/\/i0.wp.com\/musuqilla.info\/wp-content\/uploads\/2020\/11\/musuq_illa_masthead_logo_txt_E_2x_smaller.png?fit=348%2C264&ssl=1","contentUrl":"https:\/\/i0.wp.com\/musuqilla.info\/wp-content\/uploads\/2020\/11\/musuq_illa_masthead_logo_txt_E_2x_smaller.png?fit=348%2C264&ssl=1","width":348,"height":264,"caption":"Musuq Illa"},"image":{"@id":"https:\/\/musuqilla.info\/es\/#\/schema\/logo\/image\/"},"sameAs":["https:\/\/x.com\/MusuqIlla"]}]}},"_links":{"self":[{"href":"https:\/\/musuqilla.info\/es\/wp-json\/wp\/v2\/product\/6886","targetHints":{"allow":["GET"]}}],"collection":[{"href":"https:\/\/musuqilla.info\/es\/wp-json\/wp\/v2\/product"}],"about":[{"href":"https:\/\/musuqilla.info\/es\/wp-json\/wp\/v2\/types\/product"}],"wp:featuredmedia":[{"embeddable":true,"href":"https:\/\/musuqilla.info\/es\/wp-json\/wp\/v2\/media\/6846"}],"wp:attachment":[{"href":"https:\/\/musuqilla.info\/es\/wp-json\/wp\/v2\/media?parent=6886"}],"wp:term":[{"taxonomy":"product_brand","embeddable":true,"href":"https:\/\/musuqilla.info\/es\/wp-json\/wp\/v2\/product_brand?post=6886"},{"taxonomy":"product_cat","embeddable":true,"href":"https:\/\/musuqilla.info\/es\/wp-json\/wp\/v2\/product_cat?post=6886"},{"taxonomy":"product_tag","embeddable":true,"href":"https:\/\/musuqilla.info\/es\/wp-json\/wp\/v2\/product_tag?post=6886"},{"taxonomy":"press","embeddable":true,"href":"https:\/\/musuqilla.info\/es\/wp-json\/wp\/v2\/press?post=6886"}],"curies":[{"name":"wp","href":"https:\/\/api.w.org\/{rel}","templated":true}]}}