{"id":6828,"date":"2021-07-16T16:53:24","date_gmt":"2021-07-16T21:53:24","guid":{"rendered":"https:\/\/musuqilla.info\/?post_type=product&#038;p=6828"},"modified":"2021-07-16T21:15:16","modified_gmt":"2021-07-17T02:15:16","slug":"hijo-del-amaru","status":"publish","type":"product","link":"https:\/\/musuqilla.info\/es\/harawikuna-qulqakuna\/hijo-del-amaru\/","title":{"rendered":"Hijo del Amaru"},"content":{"rendered":"","protected":false},"excerpt":{"rendered":"<p>Se inmutaron las monta\u00f1as<br \/>\ncuando el universo tembl\u00f3,<br \/>\nhaciendo estallar su grito<br \/>\narrib\u00f3 el ind\u00f3mito Qorilazo,<br \/>\ncomo el legendario Anqoayllu<br \/>\nabri\u00f3 el pecho del ocaso<br \/>\ny como el \u00e1guila sideral<br \/>\nrompi\u00f3 los silencios del pajonal.<\/p>\n<p>Se puso de pie la multitud<br \/>\ncuando lleg\u00f3 el hijo del Amaru,<br \/>\nWalaycho entr\u00f3 a la plaza<br \/>\ncon su poncho rojo \u201clechucero\u201d,<br \/>\ncomo queriendo beber su sangre<br \/>\njuguete\u00f3 con el Mishito<br \/>\ny como insinuando conocer la muerte<br \/>\napareci\u00f3 en las astas del toro.<\/p>\n<p>Repic\u00f3 y repic\u00f3 la Mar\u00eda Angola<br \/>\nevocando ayatakis f\u00fanebres<br \/>\ny la muchedumbre reunida<br \/>\nimploraba al Apu Qaqansa<br \/>\n\u00a1No mueras Qorilazo hermanoooooo\u2026!<br \/>\n\u00a1Viva Pancho G\u00f3mez Negr\u00f3onnn\u2026.!;<br \/>\nen ese momento revent\u00f3 el rayo<br \/>\nWalaycho se levant\u00f3 y muy valiente<br \/>\npu\u00f1os en alto, salud\u00f3 a los chumbivilcanos.<\/p>\n<p>\u00bfDonde anduviste Qorilazo<br \/>\nmientras el wayanay desplegaba su vuelo?<br \/>\n\u00bfplaticabas con el tayta Inti<br \/>\no secabas los sollozos de la Luna?<br \/>\ndesde que partiste hermano<br \/>\nestamos aqu\u00ed, junto a nuestro pueblo<br \/>\nhaciendo crecer la furia<br \/>\nhasta que raye la aurora.<\/p>\n","protected":false},"featured_media":6825,"template":"","meta":{"_monsterinsights_skip_tracking":false,"_monsterinsights_sitenote_active":false,"_monsterinsights_sitenote_note":"","_monsterinsights_sitenote_category":0},"product_brand":[],"product_cat":[279,295,107],"product_tag":[],"press":[],"class_list":{"0":"post-6828","1":"product","2":"type-product","3":"status-publish","4":"has-post-thumbnail","6":"product_author-washington-cordova-huaman-es","7":"product_cat-musuq-illa-libro","8":"product_cat-otros-poemas","9":"product_cat-poemas","10":"pa_country-peru-es-es","11":"pa_form-verso-libre","12":"pa_period-siglo-xxi","13":"pa_region-city-apurimac-es","14":"pa_theme-filosofia-andina","15":"pa_theme-flora-y-fauna-andina","16":"pa_theme-identidad-indigena","17":"pa_theme-paisaje-andino","19":"first","20":"instock","21":"shipping-taxable","22":"product-type-external"},"yoast_head":"<!-- This site is optimized with the Yoast SEO plugin v27.6 - https:\/\/yoast.com\/product\/yoast-seo-wordpress\/ -->\n<title>Hijo del Amaru - Musuq Illa<\/title>\n<meta name=\"robots\" content=\"index, follow, max-snippet:-1, max-image-preview:large, max-video-preview:-1\" \/>\n<link rel=\"canonical\" href=\"https:\/\/musuqilla.info\/es\/harawikuna-qulqakuna\/hijo-del-amaru\/\" \/>\n<meta property=\"og:locale\" content=\"es_ES\" \/>\n<meta property=\"og:type\" content=\"article\" \/>\n<meta property=\"og:title\" content=\"Hijo del Amaru - Musuq Illa\" \/>\n<meta property=\"og:description\" content=\"Se inmutaron las monta\u00f1as cuando el universo tembl\u00f3, haciendo estallar su grito arrib\u00f3 el ind\u00f3mito Qorilazo, como el legendario Anqoayllu abri\u00f3 el pecho del ocaso y como el \u00e1guila sideral rompi\u00f3 los silencios del pajonal.  Se puso de pie la multitud cuando lleg\u00f3 el hijo del Amaru, Walaycho entr\u00f3 a la plaza con su poncho rojo \u201clechucero\u201d, como queriendo beber su sangre juguete\u00f3 con el Mishito y como insinuando conocer la muerte apareci\u00f3 en las astas del toro.  Repic\u00f3 y repic\u00f3 la Mar\u00eda Angola evocando ayatakis f\u00fanebres y la muchedumbre reunida imploraba al Apu Qaqansa \u00a1No mueras Qorilazo hermanoooooo\u2026! \u00a1Viva Pancho G\u00f3mez Negr\u00f3onnn\u2026.!; en ese momento revent\u00f3 el rayo Walaycho se levant\u00f3 y muy valiente pu\u00f1os en alto, salud\u00f3 a los chumbivilcanos.  \u00bfDonde anduviste Qorilazo mientras el wayanay desplegaba su vuelo? \u00bfplaticabas con el tayta Inti o secabas los sollozos de la Luna? desde que partiste hermano estamos aqu\u00ed, junto a nuestro pueblo haciendo crecer la furia hasta que raye la aurora.\" \/>\n<meta property=\"og:url\" content=\"https:\/\/musuqilla.info\/es\/harawikuna-qulqakuna\/hijo-del-amaru\/\" \/>\n<meta property=\"og:site_name\" content=\"Musuq Illa\" \/>\n<meta property=\"article:modified_time\" content=\"2021-07-17T02:15:16+00:00\" \/>\n<meta property=\"og:image\" content=\"https:\/\/musuqilla.info\/wp-content\/uploads\/2021\/07\/cordova-huaman_amaruq-churin_07g.jpg\" \/>\n\t<meta property=\"og:image:width\" content=\"855\" \/>\n\t<meta property=\"og:image:height\" content=\"1280\" \/>\n\t<meta property=\"og:image:type\" content=\"image\/jpeg\" \/>\n<meta name=\"twitter:card\" content=\"summary_large_image\" \/>\n<meta name=\"twitter:site\" content=\"@MusuqIlla\" \/>\n<script type=\"application\/ld+json\" class=\"yoast-schema-graph\">{\"@context\":\"https:\\\/\\\/schema.org\",\"@graph\":[{\"@type\":\"WebPage\",\"@id\":\"https:\\\/\\\/musuqilla.info\\\/es\\\/harawikuna-qulqakuna\\\/hijo-del-amaru\\\/\",\"url\":\"https:\\\/\\\/musuqilla.info\\\/es\\\/harawikuna-qulqakuna\\\/hijo-del-amaru\\\/\",\"name\":\"Hijo del Amaru - Musuq Illa\",\"isPartOf\":{\"@id\":\"https:\\\/\\\/musuqilla.info\\\/es\\\/#website\"},\"primaryImageOfPage\":{\"@id\":\"https:\\\/\\\/musuqilla.info\\\/es\\\/harawikuna-qulqakuna\\\/hijo-del-amaru\\\/#primaryimage\"},\"image\":{\"@id\":\"https:\\\/\\\/musuqilla.info\\\/es\\\/harawikuna-qulqakuna\\\/hijo-del-amaru\\\/#primaryimage\"},\"thumbnailUrl\":\"https:\\\/\\\/musuqilla.info\\\/wp-content\\\/uploads\\\/2021\\\/07\\\/cordova-huaman_amaruq-churin_07g.jpg\",\"datePublished\":\"2021-07-16T21:53:24+00:00\",\"dateModified\":\"2021-07-17T02:15:16+00:00\",\"breadcrumb\":{\"@id\":\"https:\\\/\\\/musuqilla.info\\\/es\\\/harawikuna-qulqakuna\\\/hijo-del-amaru\\\/#breadcrumb\"},\"inLanguage\":\"es-PE\",\"potentialAction\":[{\"@type\":\"ReadAction\",\"target\":[\"https:\\\/\\\/musuqilla.info\\\/es\\\/harawikuna-qulqakuna\\\/hijo-del-amaru\\\/\"]}]},{\"@type\":\"ImageObject\",\"inLanguage\":\"es-PE\",\"@id\":\"https:\\\/\\\/musuqilla.info\\\/es\\\/harawikuna-qulqakuna\\\/hijo-del-amaru\\\/#primaryimage\",\"url\":\"https:\\\/\\\/musuqilla.info\\\/wp-content\\\/uploads\\\/2021\\\/07\\\/cordova-huaman_amaruq-churin_07g.jpg\",\"contentUrl\":\"https:\\\/\\\/musuqilla.info\\\/wp-content\\\/uploads\\\/2021\\\/07\\\/cordova-huaman_amaruq-churin_07g.jpg\",\"width\":855,\"height\":1280},{\"@type\":\"BreadcrumbList\",\"@id\":\"https:\\\/\\\/musuqilla.info\\\/es\\\/harawikuna-qulqakuna\\\/hijo-del-amaru\\\/#breadcrumb\",\"itemListElement\":[{\"@type\":\"ListItem\",\"position\":1,\"name\":\"Inicio\",\"item\":\"https:\\\/\\\/musuqilla.info\\\/es\\\/\"},{\"@type\":\"ListItem\",\"position\":2,\"name\":\"Estante\",\"item\":\"https:\\\/\\\/musuqilla.info\\\/es\\\/estante\\\/\"},{\"@type\":\"ListItem\",\"position\":3,\"name\":\"Hijo del Amaru\"}]},{\"@type\":\"WebSite\",\"@id\":\"https:\\\/\\\/musuqilla.info\\\/es\\\/#website\",\"url\":\"https:\\\/\\\/musuqilla.info\\\/es\\\/\",\"name\":\"Musuq Illa\",\"description\":\"Harawikuna runasimipi\",\"publisher\":{\"@id\":\"https:\\\/\\\/musuqilla.info\\\/es\\\/#organization\"},\"potentialAction\":[{\"@type\":\"SearchAction\",\"target\":{\"@type\":\"EntryPoint\",\"urlTemplate\":\"https:\\\/\\\/musuqilla.info\\\/es\\\/?s={search_term_string}\"},\"query-input\":{\"@type\":\"PropertyValueSpecification\",\"valueRequired\":true,\"valueName\":\"search_term_string\"}}],\"inLanguage\":\"es-PE\"},{\"@type\":\"Organization\",\"@id\":\"https:\\\/\\\/musuqilla.info\\\/es\\\/#organization\",\"name\":\"Musuq Illa\",\"url\":\"https:\\\/\\\/musuqilla.info\\\/es\\\/\",\"logo\":{\"@type\":\"ImageObject\",\"inLanguage\":\"es-PE\",\"@id\":\"https:\\\/\\\/musuqilla.info\\\/es\\\/#\\\/schema\\\/logo\\\/image\\\/\",\"url\":\"https:\\\/\\\/i0.wp.com\\\/musuqilla.info\\\/wp-content\\\/uploads\\\/2020\\\/11\\\/musuq_illa_masthead_logo_txt_E_2x_smaller.png?fit=348%2C264&ssl=1\",\"contentUrl\":\"https:\\\/\\\/i0.wp.com\\\/musuqilla.info\\\/wp-content\\\/uploads\\\/2020\\\/11\\\/musuq_illa_masthead_logo_txt_E_2x_smaller.png?fit=348%2C264&ssl=1\",\"width\":348,\"height\":264,\"caption\":\"Musuq Illa\"},\"image\":{\"@id\":\"https:\\\/\\\/musuqilla.info\\\/es\\\/#\\\/schema\\\/logo\\\/image\\\/\"},\"sameAs\":[\"https:\\\/\\\/x.com\\\/MusuqIlla\"]}]}<\/script>\n<!-- \/ Yoast SEO plugin. -->","yoast_head_json":{"title":"Hijo del Amaru - Musuq Illa","robots":{"index":"index","follow":"follow","max-snippet":"max-snippet:-1","max-image-preview":"max-image-preview:large","max-video-preview":"max-video-preview:-1"},"canonical":"https:\/\/musuqilla.info\/es\/harawikuna-qulqakuna\/hijo-del-amaru\/","og_locale":"es_ES","og_type":"article","og_title":"Hijo del Amaru - Musuq Illa","og_description":"Se inmutaron las monta\u00f1as cuando el universo tembl\u00f3, haciendo estallar su grito arrib\u00f3 el ind\u00f3mito Qorilazo, como el legendario Anqoayllu abri\u00f3 el pecho del ocaso y como el \u00e1guila sideral rompi\u00f3 los silencios del pajonal.  Se puso de pie la multitud cuando lleg\u00f3 el hijo del Amaru, Walaycho entr\u00f3 a la plaza con su poncho rojo \u201clechucero\u201d, como queriendo beber su sangre juguete\u00f3 con el Mishito y como insinuando conocer la muerte apareci\u00f3 en las astas del toro.  Repic\u00f3 y repic\u00f3 la Mar\u00eda Angola evocando ayatakis f\u00fanebres y la muchedumbre reunida imploraba al Apu Qaqansa \u00a1No mueras Qorilazo hermanoooooo\u2026! \u00a1Viva Pancho G\u00f3mez Negr\u00f3onnn\u2026.!; en ese momento revent\u00f3 el rayo Walaycho se levant\u00f3 y muy valiente pu\u00f1os en alto, salud\u00f3 a los chumbivilcanos.  \u00bfDonde anduviste Qorilazo mientras el wayanay desplegaba su vuelo? \u00bfplaticabas con el tayta Inti o secabas los sollozos de la Luna? desde que partiste hermano estamos aqu\u00ed, junto a nuestro pueblo haciendo crecer la furia hasta que raye la aurora.","og_url":"https:\/\/musuqilla.info\/es\/harawikuna-qulqakuna\/hijo-del-amaru\/","og_site_name":"Musuq Illa","article_modified_time":"2021-07-17T02:15:16+00:00","og_image":[{"width":855,"height":1280,"url":"https:\/\/musuqilla.info\/wp-content\/uploads\/2021\/07\/cordova-huaman_amaruq-churin_07g.jpg","type":"image\/jpeg"}],"twitter_card":"summary_large_image","twitter_site":"@MusuqIlla","schema":{"@context":"https:\/\/schema.org","@graph":[{"@type":"WebPage","@id":"https:\/\/musuqilla.info\/es\/harawikuna-qulqakuna\/hijo-del-amaru\/","url":"https:\/\/musuqilla.info\/es\/harawikuna-qulqakuna\/hijo-del-amaru\/","name":"Hijo del Amaru - Musuq Illa","isPartOf":{"@id":"https:\/\/musuqilla.info\/es\/#website"},"primaryImageOfPage":{"@id":"https:\/\/musuqilla.info\/es\/harawikuna-qulqakuna\/hijo-del-amaru\/#primaryimage"},"image":{"@id":"https:\/\/musuqilla.info\/es\/harawikuna-qulqakuna\/hijo-del-amaru\/#primaryimage"},"thumbnailUrl":"https:\/\/musuqilla.info\/wp-content\/uploads\/2021\/07\/cordova-huaman_amaruq-churin_07g.jpg","datePublished":"2021-07-16T21:53:24+00:00","dateModified":"2021-07-17T02:15:16+00:00","breadcrumb":{"@id":"https:\/\/musuqilla.info\/es\/harawikuna-qulqakuna\/hijo-del-amaru\/#breadcrumb"},"inLanguage":"es-PE","potentialAction":[{"@type":"ReadAction","target":["https:\/\/musuqilla.info\/es\/harawikuna-qulqakuna\/hijo-del-amaru\/"]}]},{"@type":"ImageObject","inLanguage":"es-PE","@id":"https:\/\/musuqilla.info\/es\/harawikuna-qulqakuna\/hijo-del-amaru\/#primaryimage","url":"https:\/\/musuqilla.info\/wp-content\/uploads\/2021\/07\/cordova-huaman_amaruq-churin_07g.jpg","contentUrl":"https:\/\/musuqilla.info\/wp-content\/uploads\/2021\/07\/cordova-huaman_amaruq-churin_07g.jpg","width":855,"height":1280},{"@type":"BreadcrumbList","@id":"https:\/\/musuqilla.info\/es\/harawikuna-qulqakuna\/hijo-del-amaru\/#breadcrumb","itemListElement":[{"@type":"ListItem","position":1,"name":"Inicio","item":"https:\/\/musuqilla.info\/es\/"},{"@type":"ListItem","position":2,"name":"Estante","item":"https:\/\/musuqilla.info\/es\/estante\/"},{"@type":"ListItem","position":3,"name":"Hijo del Amaru"}]},{"@type":"WebSite","@id":"https:\/\/musuqilla.info\/es\/#website","url":"https:\/\/musuqilla.info\/es\/","name":"Musuq Illa","description":"Harawikuna runasimipi","publisher":{"@id":"https:\/\/musuqilla.info\/es\/#organization"},"potentialAction":[{"@type":"SearchAction","target":{"@type":"EntryPoint","urlTemplate":"https:\/\/musuqilla.info\/es\/?s={search_term_string}"},"query-input":{"@type":"PropertyValueSpecification","valueRequired":true,"valueName":"search_term_string"}}],"inLanguage":"es-PE"},{"@type":"Organization","@id":"https:\/\/musuqilla.info\/es\/#organization","name":"Musuq Illa","url":"https:\/\/musuqilla.info\/es\/","logo":{"@type":"ImageObject","inLanguage":"es-PE","@id":"https:\/\/musuqilla.info\/es\/#\/schema\/logo\/image\/","url":"https:\/\/i0.wp.com\/musuqilla.info\/wp-content\/uploads\/2020\/11\/musuq_illa_masthead_logo_txt_E_2x_smaller.png?fit=348%2C264&ssl=1","contentUrl":"https:\/\/i0.wp.com\/musuqilla.info\/wp-content\/uploads\/2020\/11\/musuq_illa_masthead_logo_txt_E_2x_smaller.png?fit=348%2C264&ssl=1","width":348,"height":264,"caption":"Musuq Illa"},"image":{"@id":"https:\/\/musuqilla.info\/es\/#\/schema\/logo\/image\/"},"sameAs":["https:\/\/x.com\/MusuqIlla"]}]}},"_links":{"self":[{"href":"https:\/\/musuqilla.info\/es\/wp-json\/wp\/v2\/product\/6828","targetHints":{"allow":["GET"]}}],"collection":[{"href":"https:\/\/musuqilla.info\/es\/wp-json\/wp\/v2\/product"}],"about":[{"href":"https:\/\/musuqilla.info\/es\/wp-json\/wp\/v2\/types\/product"}],"wp:featuredmedia":[{"embeddable":true,"href":"https:\/\/musuqilla.info\/es\/wp-json\/wp\/v2\/media\/6825"}],"wp:attachment":[{"href":"https:\/\/musuqilla.info\/es\/wp-json\/wp\/v2\/media?parent=6828"}],"wp:term":[{"taxonomy":"product_brand","embeddable":true,"href":"https:\/\/musuqilla.info\/es\/wp-json\/wp\/v2\/product_brand?post=6828"},{"taxonomy":"product_cat","embeddable":true,"href":"https:\/\/musuqilla.info\/es\/wp-json\/wp\/v2\/product_cat?post=6828"},{"taxonomy":"product_tag","embeddable":true,"href":"https:\/\/musuqilla.info\/es\/wp-json\/wp\/v2\/product_tag?post=6828"},{"taxonomy":"press","embeddable":true,"href":"https:\/\/musuqilla.info\/es\/wp-json\/wp\/v2\/press?post=6828"}],"curies":[{"name":"wp","href":"https:\/\/api.w.org\/{rel}","templated":true}]}}