{"id":6822,"date":"2021-07-16T16:59:38","date_gmt":"2021-07-16T21:59:38","guid":{"rendered":"https:\/\/musuqilla.info\/?post_type=product&#038;p=6822"},"modified":"2021-07-16T21:16:43","modified_gmt":"2021-07-17T02:16:43","slug":"camino-escondido","status":"publish","type":"product","link":"https:\/\/musuqilla.info\/es\/harawikuna-qulqakuna\/camino-escondido\/","title":{"rendered":"Camino escondido"},"content":{"rendered":"","protected":false},"excerpt":{"rendered":"<p>Son las miradas del alba<br \/>\nque anidando esperanzas<br \/>\nesculpen rostros fraternos,<br \/>\nson los venaditos hermosos<br \/>\nque juguetean alegres<br \/>\nen los parajes desolados.<\/p>\n<p>Son los cortejos imperdonables<br \/>\nque acurrucados bajo un tunal<br \/>\nhilvanan caricias de la lluvia,<br \/>\nson los suspiros de torcaza<br \/>\nque siembran alientos<br \/>\nen los caminos escondidos.<\/p>\n<p>As\u00ed es el querer, canto milenario<br \/>\nexpresi\u00f3n ardiente del arrebol<br \/>\ncoraje infinito del tiempo<br \/>\nojitos negros de capul\u00ed<br \/>\ny l\u00e1grimas del viento fr\u00edo<br \/>\nen los brazos de un pisonay.<\/p>\n<p>As\u00ed es el amor, hermosa flor<br \/>\nsilbido claro del pajonal<br \/>\nsonrisa de azucenas blancas<br \/>\ncabello de arco iris<br \/>\ny aroma de flor silvestre<br \/>\nen el pecho de la monta\u00f1a.<\/p>\n<p>As\u00ed es la ternura, rayito de luna<br \/>\nensue\u00f1o perp\u00e9tuo de colibr\u00ed<br \/>\nsuave mejilla del roc\u00edo<br \/>\nrecuerdo de ilusiones despreciadas<br \/>\ny grito enfadado del silencio<br \/>\nen el vientre profundo de la tierra.<\/p>\n","protected":false},"featured_media":6810,"template":"","meta":{"_monsterinsights_skip_tracking":false,"_monsterinsights_sitenote_active":false,"_monsterinsights_sitenote_note":"","_monsterinsights_sitenote_category":0},"product_brand":[],"product_cat":[283,279,107],"product_tag":[],"press":[],"class_list":{"0":"post-6822","1":"product","2":"type-product","3":"status-publish","4":"has-post-thumbnail","6":"product_author-washington-cordova-huaman-es","7":"product_cat-capitulo-4","8":"product_cat-musuq-illa-libro","9":"product_cat-poemas","10":"pa_country-peru-es-es","11":"pa_form-hexasilabo","12":"pa_form-verso-libre","13":"pa_period-siglo-xxi","14":"pa_region-city-apurimac-es","15":"pa_theme-amor-intimidad","16":"pa_theme-flora-y-fauna-andina","17":"pa_theme-paisaje-andino","19":"first","20":"instock","21":"shipping-taxable","22":"product-type-external"},"yoast_head":"<!-- This site is optimized with the Yoast SEO plugin v27.6 - https:\/\/yoast.com\/product\/yoast-seo-wordpress\/ -->\n<title>Camino escondido - Musuq Illa<\/title>\n<meta name=\"robots\" content=\"index, follow, max-snippet:-1, max-image-preview:large, max-video-preview:-1\" \/>\n<link rel=\"canonical\" href=\"https:\/\/musuqilla.info\/es\/harawikuna-qulqakuna\/camino-escondido\/\" \/>\n<meta property=\"og:locale\" content=\"es_ES\" \/>\n<meta property=\"og:type\" content=\"article\" \/>\n<meta property=\"og:title\" content=\"Camino escondido - Musuq Illa\" \/>\n<meta property=\"og:description\" content=\"Son las miradas del alba que anidando esperanzas esculpen rostros fraternos, son los venaditos hermosos que juguetean alegres en los parajes desolados.  Son los cortejos imperdonables que acurrucados bajo un tunal hilvanan caricias de la lluvia, son los suspiros de torcaza que siembran alientos en los caminos escondidos.  As\u00ed es el querer, canto milenario expresi\u00f3n ardiente del arrebol coraje infinito del tiempo ojitos negros de capul\u00ed y l\u00e1grimas del viento fr\u00edo en los brazos de un pisonay.  As\u00ed es el amor, hermosa flor silbido claro del pajonal sonrisa de azucenas blancas cabello de arco iris y aroma de flor silvestre en el pecho de la monta\u00f1a.  As\u00ed es la ternura, rayito de luna ensue\u00f1o perp\u00e9tuo de colibr\u00ed suave mejilla del roc\u00edo recuerdo de ilusiones despreciadas y grito enfadado del silencio en el vientre profundo de la tierra.\" \/>\n<meta property=\"og:url\" content=\"https:\/\/musuqilla.info\/es\/harawikuna-qulqakuna\/camino-escondido\/\" \/>\n<meta property=\"og:site_name\" content=\"Musuq Illa\" \/>\n<meta property=\"article:modified_time\" content=\"2021-07-17T02:16:43+00:00\" \/>\n<meta property=\"og:image\" content=\"https:\/\/musuqilla.info\/wp-content\/uploads\/2021\/07\/cordova-huaman_pakasqa-nan_07e.jpg\" \/>\n\t<meta property=\"og:image:width\" content=\"855\" \/>\n\t<meta property=\"og:image:height\" content=\"1280\" \/>\n\t<meta property=\"og:image:type\" content=\"image\/jpeg\" \/>\n<meta name=\"twitter:card\" content=\"summary_large_image\" \/>\n<meta name=\"twitter:site\" content=\"@MusuqIlla\" \/>\n<script type=\"application\/ld+json\" class=\"yoast-schema-graph\">{\"@context\":\"https:\\\/\\\/schema.org\",\"@graph\":[{\"@type\":\"WebPage\",\"@id\":\"https:\\\/\\\/musuqilla.info\\\/es\\\/harawikuna-qulqakuna\\\/camino-escondido\\\/\",\"url\":\"https:\\\/\\\/musuqilla.info\\\/es\\\/harawikuna-qulqakuna\\\/camino-escondido\\\/\",\"name\":\"Camino escondido - Musuq Illa\",\"isPartOf\":{\"@id\":\"https:\\\/\\\/musuqilla.info\\\/es\\\/#website\"},\"primaryImageOfPage\":{\"@id\":\"https:\\\/\\\/musuqilla.info\\\/es\\\/harawikuna-qulqakuna\\\/camino-escondido\\\/#primaryimage\"},\"image\":{\"@id\":\"https:\\\/\\\/musuqilla.info\\\/es\\\/harawikuna-qulqakuna\\\/camino-escondido\\\/#primaryimage\"},\"thumbnailUrl\":\"https:\\\/\\\/musuqilla.info\\\/wp-content\\\/uploads\\\/2021\\\/07\\\/cordova-huaman_pakasqa-nan_07e.jpg\",\"datePublished\":\"2021-07-16T21:59:38+00:00\",\"dateModified\":\"2021-07-17T02:16:43+00:00\",\"breadcrumb\":{\"@id\":\"https:\\\/\\\/musuqilla.info\\\/es\\\/harawikuna-qulqakuna\\\/camino-escondido\\\/#breadcrumb\"},\"inLanguage\":\"es-PE\",\"potentialAction\":[{\"@type\":\"ReadAction\",\"target\":[\"https:\\\/\\\/musuqilla.info\\\/es\\\/harawikuna-qulqakuna\\\/camino-escondido\\\/\"]}]},{\"@type\":\"ImageObject\",\"inLanguage\":\"es-PE\",\"@id\":\"https:\\\/\\\/musuqilla.info\\\/es\\\/harawikuna-qulqakuna\\\/camino-escondido\\\/#primaryimage\",\"url\":\"https:\\\/\\\/musuqilla.info\\\/wp-content\\\/uploads\\\/2021\\\/07\\\/cordova-huaman_pakasqa-nan_07e.jpg\",\"contentUrl\":\"https:\\\/\\\/musuqilla.info\\\/wp-content\\\/uploads\\\/2021\\\/07\\\/cordova-huaman_pakasqa-nan_07e.jpg\",\"width\":855,\"height\":1280},{\"@type\":\"BreadcrumbList\",\"@id\":\"https:\\\/\\\/musuqilla.info\\\/es\\\/harawikuna-qulqakuna\\\/camino-escondido\\\/#breadcrumb\",\"itemListElement\":[{\"@type\":\"ListItem\",\"position\":1,\"name\":\"Inicio\",\"item\":\"https:\\\/\\\/musuqilla.info\\\/es\\\/\"},{\"@type\":\"ListItem\",\"position\":2,\"name\":\"Estante\",\"item\":\"https:\\\/\\\/musuqilla.info\\\/es\\\/estante\\\/\"},{\"@type\":\"ListItem\",\"position\":3,\"name\":\"Camino escondido\"}]},{\"@type\":\"WebSite\",\"@id\":\"https:\\\/\\\/musuqilla.info\\\/es\\\/#website\",\"url\":\"https:\\\/\\\/musuqilla.info\\\/es\\\/\",\"name\":\"Musuq Illa\",\"description\":\"Harawikuna runasimipi\",\"publisher\":{\"@id\":\"https:\\\/\\\/musuqilla.info\\\/es\\\/#organization\"},\"potentialAction\":[{\"@type\":\"SearchAction\",\"target\":{\"@type\":\"EntryPoint\",\"urlTemplate\":\"https:\\\/\\\/musuqilla.info\\\/es\\\/?s={search_term_string}\"},\"query-input\":{\"@type\":\"PropertyValueSpecification\",\"valueRequired\":true,\"valueName\":\"search_term_string\"}}],\"inLanguage\":\"es-PE\"},{\"@type\":\"Organization\",\"@id\":\"https:\\\/\\\/musuqilla.info\\\/es\\\/#organization\",\"name\":\"Musuq Illa\",\"url\":\"https:\\\/\\\/musuqilla.info\\\/es\\\/\",\"logo\":{\"@type\":\"ImageObject\",\"inLanguage\":\"es-PE\",\"@id\":\"https:\\\/\\\/musuqilla.info\\\/es\\\/#\\\/schema\\\/logo\\\/image\\\/\",\"url\":\"https:\\\/\\\/i0.wp.com\\\/musuqilla.info\\\/wp-content\\\/uploads\\\/2020\\\/11\\\/musuq_illa_masthead_logo_txt_E_2x_smaller.png?fit=348%2C264&ssl=1\",\"contentUrl\":\"https:\\\/\\\/i0.wp.com\\\/musuqilla.info\\\/wp-content\\\/uploads\\\/2020\\\/11\\\/musuq_illa_masthead_logo_txt_E_2x_smaller.png?fit=348%2C264&ssl=1\",\"width\":348,\"height\":264,\"caption\":\"Musuq Illa\"},\"image\":{\"@id\":\"https:\\\/\\\/musuqilla.info\\\/es\\\/#\\\/schema\\\/logo\\\/image\\\/\"},\"sameAs\":[\"https:\\\/\\\/x.com\\\/MusuqIlla\"]}]}<\/script>\n<!-- \/ Yoast SEO plugin. -->","yoast_head_json":{"title":"Camino escondido - Musuq Illa","robots":{"index":"index","follow":"follow","max-snippet":"max-snippet:-1","max-image-preview":"max-image-preview:large","max-video-preview":"max-video-preview:-1"},"canonical":"https:\/\/musuqilla.info\/es\/harawikuna-qulqakuna\/camino-escondido\/","og_locale":"es_ES","og_type":"article","og_title":"Camino escondido - Musuq Illa","og_description":"Son las miradas del alba que anidando esperanzas esculpen rostros fraternos, son los venaditos hermosos que juguetean alegres en los parajes desolados.  Son los cortejos imperdonables que acurrucados bajo un tunal hilvanan caricias de la lluvia, son los suspiros de torcaza que siembran alientos en los caminos escondidos.  As\u00ed es el querer, canto milenario expresi\u00f3n ardiente del arrebol coraje infinito del tiempo ojitos negros de capul\u00ed y l\u00e1grimas del viento fr\u00edo en los brazos de un pisonay.  As\u00ed es el amor, hermosa flor silbido claro del pajonal sonrisa de azucenas blancas cabello de arco iris y aroma de flor silvestre en el pecho de la monta\u00f1a.  As\u00ed es la ternura, rayito de luna ensue\u00f1o perp\u00e9tuo de colibr\u00ed suave mejilla del roc\u00edo recuerdo de ilusiones despreciadas y grito enfadado del silencio en el vientre profundo de la tierra.","og_url":"https:\/\/musuqilla.info\/es\/harawikuna-qulqakuna\/camino-escondido\/","og_site_name":"Musuq Illa","article_modified_time":"2021-07-17T02:16:43+00:00","og_image":[{"width":855,"height":1280,"url":"https:\/\/musuqilla.info\/wp-content\/uploads\/2021\/07\/cordova-huaman_pakasqa-nan_07e.jpg","type":"image\/jpeg"}],"twitter_card":"summary_large_image","twitter_site":"@MusuqIlla","schema":{"@context":"https:\/\/schema.org","@graph":[{"@type":"WebPage","@id":"https:\/\/musuqilla.info\/es\/harawikuna-qulqakuna\/camino-escondido\/","url":"https:\/\/musuqilla.info\/es\/harawikuna-qulqakuna\/camino-escondido\/","name":"Camino escondido - Musuq Illa","isPartOf":{"@id":"https:\/\/musuqilla.info\/es\/#website"},"primaryImageOfPage":{"@id":"https:\/\/musuqilla.info\/es\/harawikuna-qulqakuna\/camino-escondido\/#primaryimage"},"image":{"@id":"https:\/\/musuqilla.info\/es\/harawikuna-qulqakuna\/camino-escondido\/#primaryimage"},"thumbnailUrl":"https:\/\/musuqilla.info\/wp-content\/uploads\/2021\/07\/cordova-huaman_pakasqa-nan_07e.jpg","datePublished":"2021-07-16T21:59:38+00:00","dateModified":"2021-07-17T02:16:43+00:00","breadcrumb":{"@id":"https:\/\/musuqilla.info\/es\/harawikuna-qulqakuna\/camino-escondido\/#breadcrumb"},"inLanguage":"es-PE","potentialAction":[{"@type":"ReadAction","target":["https:\/\/musuqilla.info\/es\/harawikuna-qulqakuna\/camino-escondido\/"]}]},{"@type":"ImageObject","inLanguage":"es-PE","@id":"https:\/\/musuqilla.info\/es\/harawikuna-qulqakuna\/camino-escondido\/#primaryimage","url":"https:\/\/musuqilla.info\/wp-content\/uploads\/2021\/07\/cordova-huaman_pakasqa-nan_07e.jpg","contentUrl":"https:\/\/musuqilla.info\/wp-content\/uploads\/2021\/07\/cordova-huaman_pakasqa-nan_07e.jpg","width":855,"height":1280},{"@type":"BreadcrumbList","@id":"https:\/\/musuqilla.info\/es\/harawikuna-qulqakuna\/camino-escondido\/#breadcrumb","itemListElement":[{"@type":"ListItem","position":1,"name":"Inicio","item":"https:\/\/musuqilla.info\/es\/"},{"@type":"ListItem","position":2,"name":"Estante","item":"https:\/\/musuqilla.info\/es\/estante\/"},{"@type":"ListItem","position":3,"name":"Camino escondido"}]},{"@type":"WebSite","@id":"https:\/\/musuqilla.info\/es\/#website","url":"https:\/\/musuqilla.info\/es\/","name":"Musuq Illa","description":"Harawikuna runasimipi","publisher":{"@id":"https:\/\/musuqilla.info\/es\/#organization"},"potentialAction":[{"@type":"SearchAction","target":{"@type":"EntryPoint","urlTemplate":"https:\/\/musuqilla.info\/es\/?s={search_term_string}"},"query-input":{"@type":"PropertyValueSpecification","valueRequired":true,"valueName":"search_term_string"}}],"inLanguage":"es-PE"},{"@type":"Organization","@id":"https:\/\/musuqilla.info\/es\/#organization","name":"Musuq Illa","url":"https:\/\/musuqilla.info\/es\/","logo":{"@type":"ImageObject","inLanguage":"es-PE","@id":"https:\/\/musuqilla.info\/es\/#\/schema\/logo\/image\/","url":"https:\/\/i0.wp.com\/musuqilla.info\/wp-content\/uploads\/2020\/11\/musuq_illa_masthead_logo_txt_E_2x_smaller.png?fit=348%2C264&ssl=1","contentUrl":"https:\/\/i0.wp.com\/musuqilla.info\/wp-content\/uploads\/2020\/11\/musuq_illa_masthead_logo_txt_E_2x_smaller.png?fit=348%2C264&ssl=1","width":348,"height":264,"caption":"Musuq Illa"},"image":{"@id":"https:\/\/musuqilla.info\/es\/#\/schema\/logo\/image\/"},"sameAs":["https:\/\/x.com\/MusuqIlla"]}]}},"_links":{"self":[{"href":"https:\/\/musuqilla.info\/es\/wp-json\/wp\/v2\/product\/6822","targetHints":{"allow":["GET"]}}],"collection":[{"href":"https:\/\/musuqilla.info\/es\/wp-json\/wp\/v2\/product"}],"about":[{"href":"https:\/\/musuqilla.info\/es\/wp-json\/wp\/v2\/types\/product"}],"wp:featuredmedia":[{"embeddable":true,"href":"https:\/\/musuqilla.info\/es\/wp-json\/wp\/v2\/media\/6810"}],"wp:attachment":[{"href":"https:\/\/musuqilla.info\/es\/wp-json\/wp\/v2\/media?parent=6822"}],"wp:term":[{"taxonomy":"product_brand","embeddable":true,"href":"https:\/\/musuqilla.info\/es\/wp-json\/wp\/v2\/product_brand?post=6822"},{"taxonomy":"product_cat","embeddable":true,"href":"https:\/\/musuqilla.info\/es\/wp-json\/wp\/v2\/product_cat?post=6822"},{"taxonomy":"product_tag","embeddable":true,"href":"https:\/\/musuqilla.info\/es\/wp-json\/wp\/v2\/product_tag?post=6822"},{"taxonomy":"press","embeddable":true,"href":"https:\/\/musuqilla.info\/es\/wp-json\/wp\/v2\/press?post=6822"}],"curies":[{"name":"wp","href":"https:\/\/api.w.org\/{rel}","templated":true}]}}