{"id":6777,"date":"2021-07-09T16:58:08","date_gmt":"2021-07-09T21:58:08","guid":{"rendered":"https:\/\/musuqilla.info\/?post_type=product&#038;p=6777"},"modified":"2021-07-09T17:35:11","modified_gmt":"2021-07-09T22:35:11","slug":"el-arcoiris","status":"publish","type":"product","link":"https:\/\/musuqilla.info\/es\/harawikuna-qulqakuna\/el-arcoiris\/","title":{"rendered":"El Arco\u00edris"},"content":{"rendered":"","protected":false},"excerpt":{"rendered":"<p>Ruidosamente la lluvia est\u00e1 llegando<br \/>\nla chacra se llena de frescor<br \/>\nlos \u00e1rboles se mecen sensuales a la lluvia<br \/>\nlos cerros comienzan a soltar desde lo alto<br \/>\nsus brillantes cabellos de plata. <\/p>\n<p>\u2014Yo tambi\u00e9n, quiero jugar con la lluvia<br \/>\n salpicando el agua correteo<br \/>\nde pronto en el cielo veo<br \/>\n\u00bfQu\u00e9 es aquello que est\u00e1 brillando?<br \/>\ncon sus colores mis ojos est\u00e1 alegrando?<\/p>\n<p>\u201cObserva bien, me dec\u00eda mi abuela\u2026<br \/>\nel sol con los colores est\u00e1 jugando<br \/>\npara ello, la tierra de muchos colores hay que adornar\u201d<br \/>\nMirando los sembrad\u00edos me dec\u00eda mi abuela:<br \/>\n\u201cDe verde, de rojo, de amarillo, de rosado<br \/>\nde azul, de naranja, de morado\u2026<br \/>\nY la Madre Tierra se alegrar\u00e1<br \/>\ncon el agua de la lluvia<br \/>\ncon el calor del sol<br \/>\ny el amor de los hombres<br \/>\nel arco\u00edris crear\u00e1.\u201d<br \/>\nMe dec\u00eda mi abuela&#8230;<\/p>\n","protected":false},"featured_media":6760,"template":"","meta":{"_monsterinsights_skip_tracking":false,"_monsterinsights_sitenote_active":false,"_monsterinsights_sitenote_note":"","_monsterinsights_sitenote_category":0},"product_brand":[],"product_cat":[280,279,107],"product_tag":[],"press":[],"class_list":{"0":"post-6777","1":"product","2":"type-product","3":"status-publish","4":"has-post-thumbnail","6":"product_author-julieta-zurita-cavero-es","7":"product_cat-capitulo-1","8":"product_cat-musuq-illa-libro","9":"product_cat-poemas","10":"pa_country-bolivia-es","11":"pa_form-verso-libre","12":"pa_period-siglo-xxi","13":"pa_poetic-devices-onomatopeya","14":"pa_region-city-cochabamba-es","15":"pa_theme-agricultura","16":"pa_theme-celebratorio","17":"pa_theme-flora-y-fauna-andina","18":"pa_theme-paisaje-andino","20":"first","21":"instock","22":"shipping-taxable","23":"product-type-external"},"yoast_head":"<!-- This site is optimized with the Yoast SEO plugin v27.4 - https:\/\/yoast.com\/product\/yoast-seo-wordpress\/ -->\n<title>El Arco\u00edris - Musuq Illa<\/title>\n<meta name=\"robots\" content=\"index, follow, max-snippet:-1, max-image-preview:large, max-video-preview:-1\" \/>\n<link rel=\"canonical\" href=\"https:\/\/musuqilla.info\/es\/harawikuna-qulqakuna\/el-arcoiris\/\" \/>\n<meta property=\"og:locale\" content=\"es_ES\" \/>\n<meta property=\"og:type\" content=\"article\" \/>\n<meta property=\"og:title\" content=\"El Arco\u00edris - Musuq Illa\" \/>\n<meta property=\"og:description\" content=\"Ruidosamente la lluvia est\u00e1 llegando la chacra se llena de frescor los \u00e1rboles se mecen sensuales a la lluvia los cerros comienzan a soltar desde lo alto sus brillantes cabellos de plata.   \u2014Yo tambi\u00e9n, quiero jugar con la lluvia  salpicando el agua correteo de pronto en el cielo veo \u00bfQu\u00e9 es aquello que est\u00e1 brillando? con sus colores mis ojos est\u00e1 alegrando?  \u201cObserva bien, me dec\u00eda mi abuela\u2026 el sol con los colores est\u00e1 jugando  para ello, la tierra de muchos colores hay que adornar\u201d Mirando los sembrad\u00edos me dec\u00eda mi abuela: \u201cDe verde, de rojo, de amarillo, de rosado de azul, de naranja, de morado\u2026  Y la Madre Tierra se alegrar\u00e1  con el agua de la lluvia con el calor del sol y el amor de los hombres  el arco\u00edris crear\u00e1.\u201d Me dec\u00eda mi abuela...\" \/>\n<meta property=\"og:url\" content=\"https:\/\/musuqilla.info\/es\/harawikuna-qulqakuna\/el-arcoiris\/\" \/>\n<meta property=\"og:site_name\" content=\"Musuq Illa\" \/>\n<meta property=\"article:modified_time\" content=\"2021-07-09T22:35:11+00:00\" \/>\n<meta property=\"og:image\" content=\"https:\/\/musuqilla.info\/wp-content\/uploads\/2021\/07\/zurita-cavero_kuychi_10d.jpg\" \/>\n\t<meta property=\"og:image:width\" content=\"855\" \/>\n\t<meta property=\"og:image:height\" content=\"1280\" \/>\n\t<meta property=\"og:image:type\" content=\"image\/jpeg\" \/>\n<meta name=\"twitter:card\" content=\"summary_large_image\" \/>\n<meta name=\"twitter:site\" content=\"@MusuqIlla\" \/>\n<script type=\"application\/ld+json\" class=\"yoast-schema-graph\">{\"@context\":\"https:\\\/\\\/schema.org\",\"@graph\":[{\"@type\":\"WebPage\",\"@id\":\"https:\\\/\\\/musuqilla.info\\\/es\\\/harawikuna-qulqakuna\\\/el-arcoiris\\\/\",\"url\":\"https:\\\/\\\/musuqilla.info\\\/es\\\/harawikuna-qulqakuna\\\/el-arcoiris\\\/\",\"name\":\"El Arco\u00edris - Musuq Illa\",\"isPartOf\":{\"@id\":\"https:\\\/\\\/musuqilla.info\\\/es\\\/#website\"},\"primaryImageOfPage\":{\"@id\":\"https:\\\/\\\/musuqilla.info\\\/es\\\/harawikuna-qulqakuna\\\/el-arcoiris\\\/#primaryimage\"},\"image\":{\"@id\":\"https:\\\/\\\/musuqilla.info\\\/es\\\/harawikuna-qulqakuna\\\/el-arcoiris\\\/#primaryimage\"},\"thumbnailUrl\":\"https:\\\/\\\/musuqilla.info\\\/wp-content\\\/uploads\\\/2021\\\/07\\\/zurita-cavero_kuychi_10d.jpg\",\"datePublished\":\"2021-07-09T21:58:08+00:00\",\"dateModified\":\"2021-07-09T22:35:11+00:00\",\"breadcrumb\":{\"@id\":\"https:\\\/\\\/musuqilla.info\\\/es\\\/harawikuna-qulqakuna\\\/el-arcoiris\\\/#breadcrumb\"},\"inLanguage\":\"es-PE\",\"potentialAction\":[{\"@type\":\"ReadAction\",\"target\":[\"https:\\\/\\\/musuqilla.info\\\/es\\\/harawikuna-qulqakuna\\\/el-arcoiris\\\/\"]}]},{\"@type\":\"ImageObject\",\"inLanguage\":\"es-PE\",\"@id\":\"https:\\\/\\\/musuqilla.info\\\/es\\\/harawikuna-qulqakuna\\\/el-arcoiris\\\/#primaryimage\",\"url\":\"https:\\\/\\\/musuqilla.info\\\/wp-content\\\/uploads\\\/2021\\\/07\\\/zurita-cavero_kuychi_10d.jpg\",\"contentUrl\":\"https:\\\/\\\/musuqilla.info\\\/wp-content\\\/uploads\\\/2021\\\/07\\\/zurita-cavero_kuychi_10d.jpg\",\"width\":855,\"height\":1280},{\"@type\":\"BreadcrumbList\",\"@id\":\"https:\\\/\\\/musuqilla.info\\\/es\\\/harawikuna-qulqakuna\\\/el-arcoiris\\\/#breadcrumb\",\"itemListElement\":[{\"@type\":\"ListItem\",\"position\":1,\"name\":\"Inicio\",\"item\":\"https:\\\/\\\/musuqilla.info\\\/es\\\/\"},{\"@type\":\"ListItem\",\"position\":2,\"name\":\"Estante\",\"item\":\"https:\\\/\\\/musuqilla.info\\\/es\\\/estante\\\/\"},{\"@type\":\"ListItem\",\"position\":3,\"name\":\"El Arco\u00edris\"}]},{\"@type\":\"WebSite\",\"@id\":\"https:\\\/\\\/musuqilla.info\\\/es\\\/#website\",\"url\":\"https:\\\/\\\/musuqilla.info\\\/es\\\/\",\"name\":\"Musuq Illa\",\"description\":\"Harawikuna runasimipi\",\"publisher\":{\"@id\":\"https:\\\/\\\/musuqilla.info\\\/es\\\/#organization\"},\"potentialAction\":[{\"@type\":\"SearchAction\",\"target\":{\"@type\":\"EntryPoint\",\"urlTemplate\":\"https:\\\/\\\/musuqilla.info\\\/es\\\/?s={search_term_string}\"},\"query-input\":{\"@type\":\"PropertyValueSpecification\",\"valueRequired\":true,\"valueName\":\"search_term_string\"}}],\"inLanguage\":\"es-PE\"},{\"@type\":\"Organization\",\"@id\":\"https:\\\/\\\/musuqilla.info\\\/es\\\/#organization\",\"name\":\"Musuq Illa\",\"url\":\"https:\\\/\\\/musuqilla.info\\\/es\\\/\",\"logo\":{\"@type\":\"ImageObject\",\"inLanguage\":\"es-PE\",\"@id\":\"https:\\\/\\\/musuqilla.info\\\/es\\\/#\\\/schema\\\/logo\\\/image\\\/\",\"url\":\"https:\\\/\\\/i0.wp.com\\\/musuqilla.info\\\/wp-content\\\/uploads\\\/2020\\\/11\\\/musuq_illa_masthead_logo_txt_E_2x_smaller.png?fit=348%2C264&ssl=1\",\"contentUrl\":\"https:\\\/\\\/i0.wp.com\\\/musuqilla.info\\\/wp-content\\\/uploads\\\/2020\\\/11\\\/musuq_illa_masthead_logo_txt_E_2x_smaller.png?fit=348%2C264&ssl=1\",\"width\":348,\"height\":264,\"caption\":\"Musuq Illa\"},\"image\":{\"@id\":\"https:\\\/\\\/musuqilla.info\\\/es\\\/#\\\/schema\\\/logo\\\/image\\\/\"},\"sameAs\":[\"https:\\\/\\\/x.com\\\/MusuqIlla\"]}]}<\/script>\n<!-- \/ Yoast SEO plugin. -->","yoast_head_json":{"title":"El Arco\u00edris - Musuq Illa","robots":{"index":"index","follow":"follow","max-snippet":"max-snippet:-1","max-image-preview":"max-image-preview:large","max-video-preview":"max-video-preview:-1"},"canonical":"https:\/\/musuqilla.info\/es\/harawikuna-qulqakuna\/el-arcoiris\/","og_locale":"es_ES","og_type":"article","og_title":"El Arco\u00edris - Musuq Illa","og_description":"Ruidosamente la lluvia est\u00e1 llegando la chacra se llena de frescor los \u00e1rboles se mecen sensuales a la lluvia los cerros comienzan a soltar desde lo alto sus brillantes cabellos de plata.   \u2014Yo tambi\u00e9n, quiero jugar con la lluvia  salpicando el agua correteo de pronto en el cielo veo \u00bfQu\u00e9 es aquello que est\u00e1 brillando? con sus colores mis ojos est\u00e1 alegrando?  \u201cObserva bien, me dec\u00eda mi abuela\u2026 el sol con los colores est\u00e1 jugando  para ello, la tierra de muchos colores hay que adornar\u201d Mirando los sembrad\u00edos me dec\u00eda mi abuela: \u201cDe verde, de rojo, de amarillo, de rosado de azul, de naranja, de morado\u2026  Y la Madre Tierra se alegrar\u00e1  con el agua de la lluvia con el calor del sol y el amor de los hombres  el arco\u00edris crear\u00e1.\u201d Me dec\u00eda mi abuela...","og_url":"https:\/\/musuqilla.info\/es\/harawikuna-qulqakuna\/el-arcoiris\/","og_site_name":"Musuq Illa","article_modified_time":"2021-07-09T22:35:11+00:00","og_image":[{"width":855,"height":1280,"url":"https:\/\/musuqilla.info\/wp-content\/uploads\/2021\/07\/zurita-cavero_kuychi_10d.jpg","type":"image\/jpeg"}],"twitter_card":"summary_large_image","twitter_site":"@MusuqIlla","schema":{"@context":"https:\/\/schema.org","@graph":[{"@type":"WebPage","@id":"https:\/\/musuqilla.info\/es\/harawikuna-qulqakuna\/el-arcoiris\/","url":"https:\/\/musuqilla.info\/es\/harawikuna-qulqakuna\/el-arcoiris\/","name":"El Arco\u00edris - Musuq Illa","isPartOf":{"@id":"https:\/\/musuqilla.info\/es\/#website"},"primaryImageOfPage":{"@id":"https:\/\/musuqilla.info\/es\/harawikuna-qulqakuna\/el-arcoiris\/#primaryimage"},"image":{"@id":"https:\/\/musuqilla.info\/es\/harawikuna-qulqakuna\/el-arcoiris\/#primaryimage"},"thumbnailUrl":"https:\/\/musuqilla.info\/wp-content\/uploads\/2021\/07\/zurita-cavero_kuychi_10d.jpg","datePublished":"2021-07-09T21:58:08+00:00","dateModified":"2021-07-09T22:35:11+00:00","breadcrumb":{"@id":"https:\/\/musuqilla.info\/es\/harawikuna-qulqakuna\/el-arcoiris\/#breadcrumb"},"inLanguage":"es-PE","potentialAction":[{"@type":"ReadAction","target":["https:\/\/musuqilla.info\/es\/harawikuna-qulqakuna\/el-arcoiris\/"]}]},{"@type":"ImageObject","inLanguage":"es-PE","@id":"https:\/\/musuqilla.info\/es\/harawikuna-qulqakuna\/el-arcoiris\/#primaryimage","url":"https:\/\/musuqilla.info\/wp-content\/uploads\/2021\/07\/zurita-cavero_kuychi_10d.jpg","contentUrl":"https:\/\/musuqilla.info\/wp-content\/uploads\/2021\/07\/zurita-cavero_kuychi_10d.jpg","width":855,"height":1280},{"@type":"BreadcrumbList","@id":"https:\/\/musuqilla.info\/es\/harawikuna-qulqakuna\/el-arcoiris\/#breadcrumb","itemListElement":[{"@type":"ListItem","position":1,"name":"Inicio","item":"https:\/\/musuqilla.info\/es\/"},{"@type":"ListItem","position":2,"name":"Estante","item":"https:\/\/musuqilla.info\/es\/estante\/"},{"@type":"ListItem","position":3,"name":"El Arco\u00edris"}]},{"@type":"WebSite","@id":"https:\/\/musuqilla.info\/es\/#website","url":"https:\/\/musuqilla.info\/es\/","name":"Musuq Illa","description":"Harawikuna runasimipi","publisher":{"@id":"https:\/\/musuqilla.info\/es\/#organization"},"potentialAction":[{"@type":"SearchAction","target":{"@type":"EntryPoint","urlTemplate":"https:\/\/musuqilla.info\/es\/?s={search_term_string}"},"query-input":{"@type":"PropertyValueSpecification","valueRequired":true,"valueName":"search_term_string"}}],"inLanguage":"es-PE"},{"@type":"Organization","@id":"https:\/\/musuqilla.info\/es\/#organization","name":"Musuq Illa","url":"https:\/\/musuqilla.info\/es\/","logo":{"@type":"ImageObject","inLanguage":"es-PE","@id":"https:\/\/musuqilla.info\/es\/#\/schema\/logo\/image\/","url":"https:\/\/i0.wp.com\/musuqilla.info\/wp-content\/uploads\/2020\/11\/musuq_illa_masthead_logo_txt_E_2x_smaller.png?fit=348%2C264&ssl=1","contentUrl":"https:\/\/i0.wp.com\/musuqilla.info\/wp-content\/uploads\/2020\/11\/musuq_illa_masthead_logo_txt_E_2x_smaller.png?fit=348%2C264&ssl=1","width":348,"height":264,"caption":"Musuq Illa"},"image":{"@id":"https:\/\/musuqilla.info\/es\/#\/schema\/logo\/image\/"},"sameAs":["https:\/\/x.com\/MusuqIlla"]}]}},"_links":{"self":[{"href":"https:\/\/musuqilla.info\/es\/wp-json\/wp\/v2\/product\/6777","targetHints":{"allow":["GET"]}}],"collection":[{"href":"https:\/\/musuqilla.info\/es\/wp-json\/wp\/v2\/product"}],"about":[{"href":"https:\/\/musuqilla.info\/es\/wp-json\/wp\/v2\/types\/product"}],"wp:featuredmedia":[{"embeddable":true,"href":"https:\/\/musuqilla.info\/es\/wp-json\/wp\/v2\/media\/6760"}],"wp:attachment":[{"href":"https:\/\/musuqilla.info\/es\/wp-json\/wp\/v2\/media?parent=6777"}],"wp:term":[{"taxonomy":"product_brand","embeddable":true,"href":"https:\/\/musuqilla.info\/es\/wp-json\/wp\/v2\/product_brand?post=6777"},{"taxonomy":"product_cat","embeddable":true,"href":"https:\/\/musuqilla.info\/es\/wp-json\/wp\/v2\/product_cat?post=6777"},{"taxonomy":"product_tag","embeddable":true,"href":"https:\/\/musuqilla.info\/es\/wp-json\/wp\/v2\/product_tag?post=6777"},{"taxonomy":"press","embeddable":true,"href":"https:\/\/musuqilla.info\/es\/wp-json\/wp\/v2\/press?post=6777"}],"curies":[{"name":"wp","href":"https:\/\/api.w.org\/{rel}","templated":true}]}}