{"id":6702,"date":"2021-07-02T16:58:21","date_gmt":"2021-07-02T21:58:21","guid":{"rendered":"https:\/\/musuqilla.info\/?post_type=product&#038;p=6702"},"modified":"2021-07-02T17:44:52","modified_gmt":"2021-07-02T22:44:52","slug":"pachakutipaq-e-mail-2","status":"publish","type":"product","link":"https:\/\/musuqilla.info\/es\/harawikuna-qulqakuna\/pachakutipaq-e-mail-2\/","title":{"rendered":"Pachakutipaq e-mail 2"},"content":{"rendered":"","protected":false},"excerpt":{"rendered":"<p>Pablo Andr\u00e9s Landeo wawqiypaq,<br \/>\nAqupampa nuwilanrayku<br \/>\n&nbsp;<br \/>\nRuwashaykiku<br \/>\nAncha suyasqa PA CHA KU TIQ, nuqayku, haway\u00f1iykikuna, usqay kutimunaykita sunquykuwan watuspa, tiqsi muyuq llapa suyunkunaman t\u2019akarikuyku. Ichaqa, chay karu llaqtakunapi\u00f1a kaspapas, kunputadurapi\u00f1a qillqaspapas, rimasqaykitan, huk rimaykunawan kuskata parlashayku, mana p\u2019inqakuspalla rimakushayku. Hatun Plasakunapi, hanaq pacha hasp\u2019iq wasikunapi, runa hunt\u2019a hatun k\u2019iqllukunapipas, misk\u2019itapuni rimakushayku, wawaykuwan yanaykuwan. Uniwirsidadkunapipas, simiykita yachay\u00f1iykitawan mast&#8217;arishayku, yachachishayku. Huk hanaq pachakunapi mana riksisqa ima kawsaqkunatapas, Voyaguer muyuchapi, qhiswa siminchispi \u00f1an napayukuyku\u00f1a. Takinchiskunapas yutubirpi\u00f1am aswantaraq tiqsi muyuta tusuchishan. \u00d1an hatun willakuy nuwilatapas qillqaruyku\u00f1a simillanchispi. Apullay, chayta willarikuyki sunquyki<br \/>\nShaynatan nuqayku, haway\u00f1iykikuna, llapallaykupuni, kutimunaykita qallarishayku. Kay qullqillawan kawsaytapas, runaq ch\u2019uya munaywanmi wi\u00f1aypaq siq\u2019upusaqku. Pachamamawan allinlla kawsaywanmi, kapitalismuq kawsay wa\u00f1uchisqanta kaqmanta kawsarichisaqku, munayllawan \u00f1uqanchispa runakunaq wayllukuyllawan. Ar\u00ed shaynapunim kanqa. Saminchawallaykuya, kuraq apullay. Kawsaq sansa samay\u00f1iykiwan allinta kallpachawayku, ruwakunaykita tukunaykupaq. Hatun Pachakuti, \u00f1uqaykun ruwashaykikuqa manam hukkunachu. Qillqaywan runata qispichishayku, mana\u00f1a pipas tayta mamanchista kallikunapi saruchananpaq; mana\u00f1a pipas wawqipananchispa allpanta, ununta, sach\u2019anta, qurinta, qullqinta, antantawan qichunanpaq; mana\u00f1a pipas p\u2019inqay \u00f1awiwan qhawawasunanpaq, nuqaykun ruwashaykiku, PACHAKUTIY, kunanqa qispiymanmi kutirishanki. Kunanqa llallishanchismi wi\u00f1aypaq wi\u00f1ayllapaq, ancha suyasqa PA CHA KU TIQ.<\/p>\n","protected":false},"featured_media":6691,"template":"","meta":{"_monsterinsights_skip_tracking":false,"_monsterinsights_sitenote_active":false,"_monsterinsights_sitenote_note":"","_monsterinsights_sitenote_category":0},"product_brand":[],"product_cat":[285,279,107],"product_tag":[],"press":[],"class_list":{"0":"post-6702","1":"product","2":"type-product","3":"status-publish","4":"has-post-thumbnail","6":"product_author-niel-agripino-palomino-gonzales-es","7":"product_cat-introduccion","8":"product_cat-musuq-illa-libro","9":"product_cat-poemas","10":"pa_country-peru-es-es","11":"pa_form-poema-epistolar","12":"pa_form-verso-libre","13":"pa_period-siglo-xxi","14":"pa_region-city-apurimac-es","15":"pa_theme-filosofia-andina","16":"pa_theme-identidad-indigena","17":"pa_theme-sociopolitica","19":"first","20":"instock","21":"shipping-taxable","22":"product-type-external"},"yoast_head":"<!-- This site is optimized with the Yoast SEO plugin v27.4 - https:\/\/yoast.com\/product\/yoast-seo-wordpress\/ -->\n<title>Pachakutipaq e-mail 2 - Musuq Illa<\/title>\n<meta name=\"robots\" content=\"index, follow, max-snippet:-1, max-image-preview:large, max-video-preview:-1\" \/>\n<link rel=\"canonical\" href=\"https:\/\/musuqilla.info\/es\/harawikuna-qulqakuna\/pachakutipaq-e-mail-2\/\" \/>\n<meta property=\"og:locale\" content=\"es_ES\" \/>\n<meta property=\"og:type\" content=\"article\" \/>\n<meta property=\"og:title\" content=\"Pachakutipaq e-mail 2 - Musuq Illa\" \/>\n<meta property=\"og:description\" content=\"Pablo Andr\u00e9s Landeo wawqiypaq, Aqupampa nuwilanrayku &nbsp; Ruwashaykiku Ancha suyasqa PA CHA KU TIQ, nuqayku, haway\u00f1iykikuna, usqay kutimunaykita sunquykuwan watuspa, tiqsi muyuq llapa suyunkunaman t\u2019akarikuyku. Ichaqa, chay karu llaqtakunapi\u00f1a kaspapas, kunputadurapi\u00f1a qillqaspapas, rimasqaykitan, huk rimaykunawan kuskata parlashayku, mana p\u2019inqakuspalla rimakushayku. Hatun Plasakunapi, hanaq pacha hasp\u2019iq wasikunapi, runa hunt\u2019a hatun k\u2019iqllukunapipas, misk\u2019itapuni rimakushayku, wawaykuwan yanaykuwan. Uniwirsidadkunapipas, simiykita yachay\u00f1iykitawan mast&#039;arishayku, yachachishayku. Huk hanaq pachakunapi mana riksisqa ima kawsaqkunatapas, Voyaguer muyuchapi, qhiswa siminchispi \u00f1an napayukuyku\u00f1a. Takinchiskunapas yutubirpi\u00f1am aswantaraq tiqsi muyuta tusuchishan. \u00d1an hatun willakuy nuwilatapas qillqaruyku\u00f1a simillanchispi. Apullay, chayta willarikuyki sunquyki Shaynatan nuqayku, haway\u00f1iykikuna, llapallaykupuni, kutimunaykita qallarishayku. Kay qullqillawan kawsaytapas, runaq ch\u2019uya munaywanmi wi\u00f1aypaq siq\u2019upusaqku. Pachamamawan allinlla kawsaywanmi, kapitalismuq kawsay wa\u00f1uchisqanta kaqmanta kawsarichisaqku, munayllawan \u00f1uqanchispa runakunaq wayllukuyllawan. Ar\u00ed shaynapunim kanqa. Saminchawallaykuya, kuraq apullay. Kawsaq sansa samay\u00f1iykiwan allinta kallpachawayku, ruwakunaykita tukunaykupaq. Hatun Pachakuti, \u00f1uqaykun ruwashaykikuqa manam hukkunachu. Qillqaywan runata qispichishayku, mana\u00f1a pipas tayta mamanchista kallikunapi saruchananpaq; mana\u00f1a pipas wawqipananchispa allpanta, ununta, sach\u2019anta, qurinta, qullqinta, antantawan qichunanpaq; mana\u00f1a pipas p\u2019inqay \u00f1awiwan qhawawasunanpaq, nuqaykun ruwashaykiku, PACHAKUTIY, kunanqa qispiymanmi kutirishanki. Kunanqa llallishanchismi wi\u00f1aypaq wi\u00f1ayllapaq, ancha suyasqa PA CHA KU TIQ.\" \/>\n<meta property=\"og:url\" content=\"https:\/\/musuqilla.info\/es\/harawikuna-qulqakuna\/pachakutipaq-e-mail-2\/\" \/>\n<meta property=\"og:site_name\" content=\"Musuq Illa\" \/>\n<meta property=\"article:modified_time\" content=\"2021-07-02T22:44:52+00:00\" \/>\n<meta property=\"og:image\" content=\"https:\/\/musuqilla.info\/wp-content\/uploads\/2021\/06\/palomino-gonzales_pachakutipaq-email-2_11a.jpg\" \/>\n\t<meta property=\"og:image:width\" content=\"855\" \/>\n\t<meta property=\"og:image:height\" content=\"1280\" \/>\n\t<meta property=\"og:image:type\" content=\"image\/jpeg\" \/>\n<meta name=\"twitter:card\" content=\"summary_large_image\" \/>\n<meta name=\"twitter:site\" content=\"@MusuqIlla\" \/>\n<script type=\"application\/ld+json\" class=\"yoast-schema-graph\">{\"@context\":\"https:\\\/\\\/schema.org\",\"@graph\":[{\"@type\":\"WebPage\",\"@id\":\"https:\\\/\\\/musuqilla.info\\\/es\\\/harawikuna-qulqakuna\\\/pachakutipaq-e-mail-2\\\/\",\"url\":\"https:\\\/\\\/musuqilla.info\\\/es\\\/harawikuna-qulqakuna\\\/pachakutipaq-e-mail-2\\\/\",\"name\":\"Pachakutipaq e-mail 2 - Musuq Illa\",\"isPartOf\":{\"@id\":\"https:\\\/\\\/musuqilla.info\\\/es\\\/#website\"},\"primaryImageOfPage\":{\"@id\":\"https:\\\/\\\/musuqilla.info\\\/es\\\/harawikuna-qulqakuna\\\/pachakutipaq-e-mail-2\\\/#primaryimage\"},\"image\":{\"@id\":\"https:\\\/\\\/musuqilla.info\\\/es\\\/harawikuna-qulqakuna\\\/pachakutipaq-e-mail-2\\\/#primaryimage\"},\"thumbnailUrl\":\"https:\\\/\\\/musuqilla.info\\\/wp-content\\\/uploads\\\/2021\\\/06\\\/palomino-gonzales_pachakutipaq-email-2_11a.jpg\",\"datePublished\":\"2021-07-02T21:58:21+00:00\",\"dateModified\":\"2021-07-02T22:44:52+00:00\",\"breadcrumb\":{\"@id\":\"https:\\\/\\\/musuqilla.info\\\/es\\\/harawikuna-qulqakuna\\\/pachakutipaq-e-mail-2\\\/#breadcrumb\"},\"inLanguage\":\"es-PE\",\"potentialAction\":[{\"@type\":\"ReadAction\",\"target\":[\"https:\\\/\\\/musuqilla.info\\\/es\\\/harawikuna-qulqakuna\\\/pachakutipaq-e-mail-2\\\/\"]}]},{\"@type\":\"ImageObject\",\"inLanguage\":\"es-PE\",\"@id\":\"https:\\\/\\\/musuqilla.info\\\/es\\\/harawikuna-qulqakuna\\\/pachakutipaq-e-mail-2\\\/#primaryimage\",\"url\":\"https:\\\/\\\/musuqilla.info\\\/wp-content\\\/uploads\\\/2021\\\/06\\\/palomino-gonzales_pachakutipaq-email-2_11a.jpg\",\"contentUrl\":\"https:\\\/\\\/musuqilla.info\\\/wp-content\\\/uploads\\\/2021\\\/06\\\/palomino-gonzales_pachakutipaq-email-2_11a.jpg\",\"width\":855,\"height\":1280},{\"@type\":\"BreadcrumbList\",\"@id\":\"https:\\\/\\\/musuqilla.info\\\/es\\\/harawikuna-qulqakuna\\\/pachakutipaq-e-mail-2\\\/#breadcrumb\",\"itemListElement\":[{\"@type\":\"ListItem\",\"position\":1,\"name\":\"Inicio\",\"item\":\"https:\\\/\\\/musuqilla.info\\\/es\\\/\"},{\"@type\":\"ListItem\",\"position\":2,\"name\":\"Estante\",\"item\":\"https:\\\/\\\/musuqilla.info\\\/es\\\/estante\\\/\"},{\"@type\":\"ListItem\",\"position\":3,\"name\":\"Pachakutipaq e-mail 2\"}]},{\"@type\":\"WebSite\",\"@id\":\"https:\\\/\\\/musuqilla.info\\\/es\\\/#website\",\"url\":\"https:\\\/\\\/musuqilla.info\\\/es\\\/\",\"name\":\"Musuq Illa\",\"description\":\"Harawikuna runasimipi\",\"publisher\":{\"@id\":\"https:\\\/\\\/musuqilla.info\\\/es\\\/#organization\"},\"potentialAction\":[{\"@type\":\"SearchAction\",\"target\":{\"@type\":\"EntryPoint\",\"urlTemplate\":\"https:\\\/\\\/musuqilla.info\\\/es\\\/?s={search_term_string}\"},\"query-input\":{\"@type\":\"PropertyValueSpecification\",\"valueRequired\":true,\"valueName\":\"search_term_string\"}}],\"inLanguage\":\"es-PE\"},{\"@type\":\"Organization\",\"@id\":\"https:\\\/\\\/musuqilla.info\\\/es\\\/#organization\",\"name\":\"Musuq Illa\",\"url\":\"https:\\\/\\\/musuqilla.info\\\/es\\\/\",\"logo\":{\"@type\":\"ImageObject\",\"inLanguage\":\"es-PE\",\"@id\":\"https:\\\/\\\/musuqilla.info\\\/es\\\/#\\\/schema\\\/logo\\\/image\\\/\",\"url\":\"https:\\\/\\\/i0.wp.com\\\/musuqilla.info\\\/wp-content\\\/uploads\\\/2020\\\/11\\\/musuq_illa_masthead_logo_txt_E_2x_smaller.png?fit=348%2C264&ssl=1\",\"contentUrl\":\"https:\\\/\\\/i0.wp.com\\\/musuqilla.info\\\/wp-content\\\/uploads\\\/2020\\\/11\\\/musuq_illa_masthead_logo_txt_E_2x_smaller.png?fit=348%2C264&ssl=1\",\"width\":348,\"height\":264,\"caption\":\"Musuq Illa\"},\"image\":{\"@id\":\"https:\\\/\\\/musuqilla.info\\\/es\\\/#\\\/schema\\\/logo\\\/image\\\/\"},\"sameAs\":[\"https:\\\/\\\/x.com\\\/MusuqIlla\"]}]}<\/script>\n<!-- \/ Yoast SEO plugin. -->","yoast_head_json":{"title":"Pachakutipaq e-mail 2 - Musuq Illa","robots":{"index":"index","follow":"follow","max-snippet":"max-snippet:-1","max-image-preview":"max-image-preview:large","max-video-preview":"max-video-preview:-1"},"canonical":"https:\/\/musuqilla.info\/es\/harawikuna-qulqakuna\/pachakutipaq-e-mail-2\/","og_locale":"es_ES","og_type":"article","og_title":"Pachakutipaq e-mail 2 - Musuq Illa","og_description":"Pablo Andr\u00e9s Landeo wawqiypaq, Aqupampa nuwilanrayku &nbsp; Ruwashaykiku Ancha suyasqa PA CHA KU TIQ, nuqayku, haway\u00f1iykikuna, usqay kutimunaykita sunquykuwan watuspa, tiqsi muyuq llapa suyunkunaman t\u2019akarikuyku. Ichaqa, chay karu llaqtakunapi\u00f1a kaspapas, kunputadurapi\u00f1a qillqaspapas, rimasqaykitan, huk rimaykunawan kuskata parlashayku, mana p\u2019inqakuspalla rimakushayku. Hatun Plasakunapi, hanaq pacha hasp\u2019iq wasikunapi, runa hunt\u2019a hatun k\u2019iqllukunapipas, misk\u2019itapuni rimakushayku, wawaykuwan yanaykuwan. Uniwirsidadkunapipas, simiykita yachay\u00f1iykitawan mast'arishayku, yachachishayku. Huk hanaq pachakunapi mana riksisqa ima kawsaqkunatapas, Voyaguer muyuchapi, qhiswa siminchispi \u00f1an napayukuyku\u00f1a. Takinchiskunapas yutubirpi\u00f1am aswantaraq tiqsi muyuta tusuchishan. \u00d1an hatun willakuy nuwilatapas qillqaruyku\u00f1a simillanchispi. Apullay, chayta willarikuyki sunquyki Shaynatan nuqayku, haway\u00f1iykikuna, llapallaykupuni, kutimunaykita qallarishayku. Kay qullqillawan kawsaytapas, runaq ch\u2019uya munaywanmi wi\u00f1aypaq siq\u2019upusaqku. Pachamamawan allinlla kawsaywanmi, kapitalismuq kawsay wa\u00f1uchisqanta kaqmanta kawsarichisaqku, munayllawan \u00f1uqanchispa runakunaq wayllukuyllawan. Ar\u00ed shaynapunim kanqa. Saminchawallaykuya, kuraq apullay. Kawsaq sansa samay\u00f1iykiwan allinta kallpachawayku, ruwakunaykita tukunaykupaq. Hatun Pachakuti, \u00f1uqaykun ruwashaykikuqa manam hukkunachu. Qillqaywan runata qispichishayku, mana\u00f1a pipas tayta mamanchista kallikunapi saruchananpaq; mana\u00f1a pipas wawqipananchispa allpanta, ununta, sach\u2019anta, qurinta, qullqinta, antantawan qichunanpaq; mana\u00f1a pipas p\u2019inqay \u00f1awiwan qhawawasunanpaq, nuqaykun ruwashaykiku, PACHAKUTIY, kunanqa qispiymanmi kutirishanki. Kunanqa llallishanchismi wi\u00f1aypaq wi\u00f1ayllapaq, ancha suyasqa PA CHA KU TIQ.","og_url":"https:\/\/musuqilla.info\/es\/harawikuna-qulqakuna\/pachakutipaq-e-mail-2\/","og_site_name":"Musuq Illa","article_modified_time":"2021-07-02T22:44:52+00:00","og_image":[{"width":855,"height":1280,"url":"https:\/\/musuqilla.info\/wp-content\/uploads\/2021\/06\/palomino-gonzales_pachakutipaq-email-2_11a.jpg","type":"image\/jpeg"}],"twitter_card":"summary_large_image","twitter_site":"@MusuqIlla","schema":{"@context":"https:\/\/schema.org","@graph":[{"@type":"WebPage","@id":"https:\/\/musuqilla.info\/es\/harawikuna-qulqakuna\/pachakutipaq-e-mail-2\/","url":"https:\/\/musuqilla.info\/es\/harawikuna-qulqakuna\/pachakutipaq-e-mail-2\/","name":"Pachakutipaq e-mail 2 - Musuq Illa","isPartOf":{"@id":"https:\/\/musuqilla.info\/es\/#website"},"primaryImageOfPage":{"@id":"https:\/\/musuqilla.info\/es\/harawikuna-qulqakuna\/pachakutipaq-e-mail-2\/#primaryimage"},"image":{"@id":"https:\/\/musuqilla.info\/es\/harawikuna-qulqakuna\/pachakutipaq-e-mail-2\/#primaryimage"},"thumbnailUrl":"https:\/\/musuqilla.info\/wp-content\/uploads\/2021\/06\/palomino-gonzales_pachakutipaq-email-2_11a.jpg","datePublished":"2021-07-02T21:58:21+00:00","dateModified":"2021-07-02T22:44:52+00:00","breadcrumb":{"@id":"https:\/\/musuqilla.info\/es\/harawikuna-qulqakuna\/pachakutipaq-e-mail-2\/#breadcrumb"},"inLanguage":"es-PE","potentialAction":[{"@type":"ReadAction","target":["https:\/\/musuqilla.info\/es\/harawikuna-qulqakuna\/pachakutipaq-e-mail-2\/"]}]},{"@type":"ImageObject","inLanguage":"es-PE","@id":"https:\/\/musuqilla.info\/es\/harawikuna-qulqakuna\/pachakutipaq-e-mail-2\/#primaryimage","url":"https:\/\/musuqilla.info\/wp-content\/uploads\/2021\/06\/palomino-gonzales_pachakutipaq-email-2_11a.jpg","contentUrl":"https:\/\/musuqilla.info\/wp-content\/uploads\/2021\/06\/palomino-gonzales_pachakutipaq-email-2_11a.jpg","width":855,"height":1280},{"@type":"BreadcrumbList","@id":"https:\/\/musuqilla.info\/es\/harawikuna-qulqakuna\/pachakutipaq-e-mail-2\/#breadcrumb","itemListElement":[{"@type":"ListItem","position":1,"name":"Inicio","item":"https:\/\/musuqilla.info\/es\/"},{"@type":"ListItem","position":2,"name":"Estante","item":"https:\/\/musuqilla.info\/es\/estante\/"},{"@type":"ListItem","position":3,"name":"Pachakutipaq e-mail 2"}]},{"@type":"WebSite","@id":"https:\/\/musuqilla.info\/es\/#website","url":"https:\/\/musuqilla.info\/es\/","name":"Musuq Illa","description":"Harawikuna runasimipi","publisher":{"@id":"https:\/\/musuqilla.info\/es\/#organization"},"potentialAction":[{"@type":"SearchAction","target":{"@type":"EntryPoint","urlTemplate":"https:\/\/musuqilla.info\/es\/?s={search_term_string}"},"query-input":{"@type":"PropertyValueSpecification","valueRequired":true,"valueName":"search_term_string"}}],"inLanguage":"es-PE"},{"@type":"Organization","@id":"https:\/\/musuqilla.info\/es\/#organization","name":"Musuq Illa","url":"https:\/\/musuqilla.info\/es\/","logo":{"@type":"ImageObject","inLanguage":"es-PE","@id":"https:\/\/musuqilla.info\/es\/#\/schema\/logo\/image\/","url":"https:\/\/i0.wp.com\/musuqilla.info\/wp-content\/uploads\/2020\/11\/musuq_illa_masthead_logo_txt_E_2x_smaller.png?fit=348%2C264&ssl=1","contentUrl":"https:\/\/i0.wp.com\/musuqilla.info\/wp-content\/uploads\/2020\/11\/musuq_illa_masthead_logo_txt_E_2x_smaller.png?fit=348%2C264&ssl=1","width":348,"height":264,"caption":"Musuq Illa"},"image":{"@id":"https:\/\/musuqilla.info\/es\/#\/schema\/logo\/image\/"},"sameAs":["https:\/\/x.com\/MusuqIlla"]}]}},"_links":{"self":[{"href":"https:\/\/musuqilla.info\/es\/wp-json\/wp\/v2\/product\/6702","targetHints":{"allow":["GET"]}}],"collection":[{"href":"https:\/\/musuqilla.info\/es\/wp-json\/wp\/v2\/product"}],"about":[{"href":"https:\/\/musuqilla.info\/es\/wp-json\/wp\/v2\/types\/product"}],"wp:featuredmedia":[{"embeddable":true,"href":"https:\/\/musuqilla.info\/es\/wp-json\/wp\/v2\/media\/6691"}],"wp:attachment":[{"href":"https:\/\/musuqilla.info\/es\/wp-json\/wp\/v2\/media?parent=6702"}],"wp:term":[{"taxonomy":"product_brand","embeddable":true,"href":"https:\/\/musuqilla.info\/es\/wp-json\/wp\/v2\/product_brand?post=6702"},{"taxonomy":"product_cat","embeddable":true,"href":"https:\/\/musuqilla.info\/es\/wp-json\/wp\/v2\/product_cat?post=6702"},{"taxonomy":"product_tag","embeddable":true,"href":"https:\/\/musuqilla.info\/es\/wp-json\/wp\/v2\/product_tag?post=6702"},{"taxonomy":"press","embeddable":true,"href":"https:\/\/musuqilla.info\/es\/wp-json\/wp\/v2\/press?post=6702"}],"curies":[{"name":"wp","href":"https:\/\/api.w.org\/{rel}","templated":true}]}}