{"id":4014,"date":"2021-02-12T16:55:06","date_gmt":"2021-02-12T21:55:06","guid":{"rendered":"https:\/\/musuqilla.info\/product\/musuq-illa-poetica-del-harawi-en-runasimi-2000-2020-es\/"},"modified":"2021-05-19T15:30:22","modified_gmt":"2021-05-19T20:30:22","slug":"musuq-illa-poetica-del-harawi-en-runasimi-2000-2020-es","status":"publish","type":"product","link":"https:\/\/musuqilla.info\/es\/harawikuna-qulqakuna\/musuq-illa-poetica-del-harawi-en-runasimi-2000-2020-es\/","title":{"rendered":"Musuq Illa: Po\u00e9tica del harawi en runasimi (2000-2020)"},"content":{"rendered":"","protected":false},"excerpt":{"rendered":"<p>Musuq Illa: Po\u00e9tica del harawi en runasimi (2000-2020) ofrece una aproximaci\u00f3n al panorama de la poes\u00eda contempor\u00e1nea escrita en runasimi (quechua) durante las \u00faltimas dos d\u00e9cadas. El libro explora varias corrientes tem\u00e1ticas, estil\u00edsticas e ideol\u00f3gicas de esta poes\u00eda al tomar caminos cr\u00edticos tanto de categor\u00edas filos\u00f3ficas y est\u00e9ticas andinas como de teor\u00edas cr\u00edticas provenientes de otras tradiciones. El proyecto de Musuq Illa es postular que las conversaciones entre categor\u00edas cr\u00edticas y est\u00e9ticas de m\u00faltiples tradiciones literarias nos pueden ayudar a descolonizar el conocimiento y a celebrar la importancia de las epistemolog\u00edas y las est\u00e9ticas literarias de tradiciones hist\u00f3ricamente enmudecidas por las hegemon\u00edas colonialistas. Entonces, el libro busca ser un proyecto de interconocimiento inspirado en conceptos andinos como el tinkuy y el ch\u2019iqchi \u2014de confluencias que se nutren, sin llegar a mezclarse del todo para poder distinguir las rutas iniciales que han tomado sus cauces. La meta de Musuq Illa es sugerir algunos \u00f1ankuna para dirigirnos hacia el di\u00e1logo, la comprensi\u00f3n y el conocimiento de la literatura en runasimi, adem\u00e1s de continuar conversaciones con los estudiosos, escritores y estudiantes de otras literaturas escritas en lenguas originarias de Abya-Yala.<\/p>\n","protected":false},"featured_media":4347,"template":"","meta":{"_monsterinsights_skip_tracking":false,"_monsterinsights_sitenote_active":false,"_monsterinsights_sitenote_note":"","_monsterinsights_sitenote_category":0},"product_brand":[],"product_cat":[106],"product_tag":[],"press":[359],"class_list":{"0":"post-4014","1":"product","2":"type-product","3":"status-publish","4":"has-post-thumbnail","6":"product_author-alison-krogel-es","7":"product_cat-libros","8":"press-pakarina-ediciones-es","10":"first","11":"instock","12":"shipping-taxable","13":"product-type-external"},"yoast_head":"<!-- This site is optimized with the Yoast SEO plugin v27.4 - https:\/\/yoast.com\/product\/yoast-seo-wordpress\/ -->\n<title>Musuq Illa: Po\u00e9tica del harawi en runasimi (2000-2020) - Musuq Illa<\/title>\n<meta name=\"robots\" content=\"index, follow, max-snippet:-1, max-image-preview:large, max-video-preview:-1\" \/>\n<link rel=\"canonical\" href=\"https:\/\/musuqilla.info\/es\/harawikuna-qulqakuna\/musuq-illa-poetica-del-harawi-en-runasimi-2000-2020-es\/\" \/>\n<meta property=\"og:locale\" content=\"es_ES\" \/>\n<meta property=\"og:type\" content=\"article\" \/>\n<meta property=\"og:title\" content=\"Musuq Illa: Po\u00e9tica del harawi en runasimi (2000-2020) - Musuq Illa\" \/>\n<meta property=\"og:description\" content=\"Musuq Illa: Po\u00e9tica del harawi en runasimi (2000-2020) ofrece una aproximaci\u00f3n al panorama de la poes\u00eda contempor\u00e1nea escrita en runasimi (quechua) durante las \u00faltimas dos d\u00e9cadas. El libro explora varias corrientes tem\u00e1ticas, estil\u00edsticas e ideol\u00f3gicas de esta poes\u00eda al tomar caminos cr\u00edticos tanto de categor\u00edas filos\u00f3ficas y est\u00e9ticas andinas como de teor\u00edas cr\u00edticas provenientes de otras tradiciones. El proyecto de Musuq Illa es postular que las conversaciones entre categor\u00edas cr\u00edticas y est\u00e9ticas de m\u00faltiples tradiciones literarias nos pueden ayudar a descolonizar el conocimiento y a celebrar la importancia de las epistemolog\u00edas y las est\u00e9ticas literarias de tradiciones hist\u00f3ricamente enmudecidas por las hegemon\u00edas colonialistas. Entonces, el libro busca ser un proyecto de interconocimiento inspirado en conceptos andinos como el tinkuy y el ch\u2019iqchi \u2014de confluencias que se nutren, sin llegar a mezclarse del todo para poder distinguir las rutas iniciales que han tomado sus cauces. La meta de Musuq Illa es sugerir algunos \u00f1ankuna para dirigirnos hacia el di\u00e1logo, la comprensi\u00f3n y el conocimiento de la literatura en runasimi, adem\u00e1s de continuar conversaciones con los estudiosos, escritores y estudiantes de otras literaturas escritas en lenguas originarias de Abya-Yala.\" \/>\n<meta property=\"og:url\" content=\"https:\/\/musuqilla.info\/es\/harawikuna-qulqakuna\/musuq-illa-poetica-del-harawi-en-runasimi-2000-2020-es\/\" \/>\n<meta property=\"og:site_name\" content=\"Musuq Illa\" \/>\n<meta property=\"article:modified_time\" content=\"2021-05-19T20:30:22+00:00\" \/>\n<meta property=\"og:image\" content=\"https:\/\/musuqilla.info\/wp-content\/uploads\/2021\/03\/musuq-illa-qara_smaller.jpg\" \/>\n\t<meta property=\"og:image:width\" content=\"586\" \/>\n\t<meta property=\"og:image:height\" content=\"853\" \/>\n\t<meta property=\"og:image:type\" content=\"image\/jpeg\" \/>\n<meta name=\"twitter:card\" content=\"summary_large_image\" \/>\n<meta name=\"twitter:site\" content=\"@MusuqIlla\" \/>\n<script type=\"application\/ld+json\" class=\"yoast-schema-graph\">{\"@context\":\"https:\\\/\\\/schema.org\",\"@graph\":[{\"@type\":\"WebPage\",\"@id\":\"https:\\\/\\\/musuqilla.info\\\/es\\\/harawikuna-qulqakuna\\\/musuq-illa-poetica-del-harawi-en-runasimi-2000-2020-es\\\/\",\"url\":\"https:\\\/\\\/musuqilla.info\\\/es\\\/harawikuna-qulqakuna\\\/musuq-illa-poetica-del-harawi-en-runasimi-2000-2020-es\\\/\",\"name\":\"Musuq Illa: Po\u00e9tica del harawi en runasimi (2000-2020) - Musuq Illa\",\"isPartOf\":{\"@id\":\"https:\\\/\\\/musuqilla.info\\\/es\\\/#website\"},\"primaryImageOfPage\":{\"@id\":\"https:\\\/\\\/musuqilla.info\\\/es\\\/harawikuna-qulqakuna\\\/musuq-illa-poetica-del-harawi-en-runasimi-2000-2020-es\\\/#primaryimage\"},\"image\":{\"@id\":\"https:\\\/\\\/musuqilla.info\\\/es\\\/harawikuna-qulqakuna\\\/musuq-illa-poetica-del-harawi-en-runasimi-2000-2020-es\\\/#primaryimage\"},\"thumbnailUrl\":\"https:\\\/\\\/musuqilla.info\\\/wp-content\\\/uploads\\\/2021\\\/03\\\/musuq-illa-qara_smaller.jpg\",\"datePublished\":\"2021-02-12T21:55:06+00:00\",\"dateModified\":\"2021-05-19T20:30:22+00:00\",\"breadcrumb\":{\"@id\":\"https:\\\/\\\/musuqilla.info\\\/es\\\/harawikuna-qulqakuna\\\/musuq-illa-poetica-del-harawi-en-runasimi-2000-2020-es\\\/#breadcrumb\"},\"inLanguage\":\"es-PE\",\"potentialAction\":[{\"@type\":\"ReadAction\",\"target\":[\"https:\\\/\\\/musuqilla.info\\\/es\\\/harawikuna-qulqakuna\\\/musuq-illa-poetica-del-harawi-en-runasimi-2000-2020-es\\\/\"]}]},{\"@type\":\"ImageObject\",\"inLanguage\":\"es-PE\",\"@id\":\"https:\\\/\\\/musuqilla.info\\\/es\\\/harawikuna-qulqakuna\\\/musuq-illa-poetica-del-harawi-en-runasimi-2000-2020-es\\\/#primaryimage\",\"url\":\"https:\\\/\\\/musuqilla.info\\\/wp-content\\\/uploads\\\/2021\\\/03\\\/musuq-illa-qara_smaller.jpg\",\"contentUrl\":\"https:\\\/\\\/musuqilla.info\\\/wp-content\\\/uploads\\\/2021\\\/03\\\/musuq-illa-qara_smaller.jpg\",\"width\":586,\"height\":853,\"caption\":\"Musuq Illa: Po\u00e9tica del harawi en runasimi (2000-2020) poratada\"},{\"@type\":\"BreadcrumbList\",\"@id\":\"https:\\\/\\\/musuqilla.info\\\/es\\\/harawikuna-qulqakuna\\\/musuq-illa-poetica-del-harawi-en-runasimi-2000-2020-es\\\/#breadcrumb\",\"itemListElement\":[{\"@type\":\"ListItem\",\"position\":1,\"name\":\"Inicio\",\"item\":\"https:\\\/\\\/musuqilla.info\\\/es\\\/\"},{\"@type\":\"ListItem\",\"position\":2,\"name\":\"Estante\",\"item\":\"https:\\\/\\\/musuqilla.info\\\/es\\\/estante\\\/\"},{\"@type\":\"ListItem\",\"position\":3,\"name\":\"Musuq Illa: Po\u00e9tica del harawi en runasimi (2000-2020)\"}]},{\"@type\":\"WebSite\",\"@id\":\"https:\\\/\\\/musuqilla.info\\\/es\\\/#website\",\"url\":\"https:\\\/\\\/musuqilla.info\\\/es\\\/\",\"name\":\"Musuq Illa\",\"description\":\"Harawikuna runasimipi\",\"publisher\":{\"@id\":\"https:\\\/\\\/musuqilla.info\\\/es\\\/#organization\"},\"potentialAction\":[{\"@type\":\"SearchAction\",\"target\":{\"@type\":\"EntryPoint\",\"urlTemplate\":\"https:\\\/\\\/musuqilla.info\\\/es\\\/?s={search_term_string}\"},\"query-input\":{\"@type\":\"PropertyValueSpecification\",\"valueRequired\":true,\"valueName\":\"search_term_string\"}}],\"inLanguage\":\"es-PE\"},{\"@type\":\"Organization\",\"@id\":\"https:\\\/\\\/musuqilla.info\\\/es\\\/#organization\",\"name\":\"Musuq Illa\",\"url\":\"https:\\\/\\\/musuqilla.info\\\/es\\\/\",\"logo\":{\"@type\":\"ImageObject\",\"inLanguage\":\"es-PE\",\"@id\":\"https:\\\/\\\/musuqilla.info\\\/es\\\/#\\\/schema\\\/logo\\\/image\\\/\",\"url\":\"https:\\\/\\\/i0.wp.com\\\/musuqilla.info\\\/wp-content\\\/uploads\\\/2020\\\/11\\\/musuq_illa_masthead_logo_txt_E_2x_smaller.png?fit=348%2C264&ssl=1\",\"contentUrl\":\"https:\\\/\\\/i0.wp.com\\\/musuqilla.info\\\/wp-content\\\/uploads\\\/2020\\\/11\\\/musuq_illa_masthead_logo_txt_E_2x_smaller.png?fit=348%2C264&ssl=1\",\"width\":348,\"height\":264,\"caption\":\"Musuq Illa\"},\"image\":{\"@id\":\"https:\\\/\\\/musuqilla.info\\\/es\\\/#\\\/schema\\\/logo\\\/image\\\/\"},\"sameAs\":[\"https:\\\/\\\/x.com\\\/MusuqIlla\"]}]}<\/script>\n<!-- \/ Yoast SEO plugin. -->","yoast_head_json":{"title":"Musuq Illa: Po\u00e9tica del harawi en runasimi (2000-2020) - Musuq Illa","robots":{"index":"index","follow":"follow","max-snippet":"max-snippet:-1","max-image-preview":"max-image-preview:large","max-video-preview":"max-video-preview:-1"},"canonical":"https:\/\/musuqilla.info\/es\/harawikuna-qulqakuna\/musuq-illa-poetica-del-harawi-en-runasimi-2000-2020-es\/","og_locale":"es_ES","og_type":"article","og_title":"Musuq Illa: Po\u00e9tica del harawi en runasimi (2000-2020) - Musuq Illa","og_description":"Musuq Illa: Po\u00e9tica del harawi en runasimi (2000-2020) ofrece una aproximaci\u00f3n al panorama de la poes\u00eda contempor\u00e1nea escrita en runasimi (quechua) durante las \u00faltimas dos d\u00e9cadas. El libro explora varias corrientes tem\u00e1ticas, estil\u00edsticas e ideol\u00f3gicas de esta poes\u00eda al tomar caminos cr\u00edticos tanto de categor\u00edas filos\u00f3ficas y est\u00e9ticas andinas como de teor\u00edas cr\u00edticas provenientes de otras tradiciones. El proyecto de Musuq Illa es postular que las conversaciones entre categor\u00edas cr\u00edticas y est\u00e9ticas de m\u00faltiples tradiciones literarias nos pueden ayudar a descolonizar el conocimiento y a celebrar la importancia de las epistemolog\u00edas y las est\u00e9ticas literarias de tradiciones hist\u00f3ricamente enmudecidas por las hegemon\u00edas colonialistas. Entonces, el libro busca ser un proyecto de interconocimiento inspirado en conceptos andinos como el tinkuy y el ch\u2019iqchi \u2014de confluencias que se nutren, sin llegar a mezclarse del todo para poder distinguir las rutas iniciales que han tomado sus cauces. La meta de Musuq Illa es sugerir algunos \u00f1ankuna para dirigirnos hacia el di\u00e1logo, la comprensi\u00f3n y el conocimiento de la literatura en runasimi, adem\u00e1s de continuar conversaciones con los estudiosos, escritores y estudiantes de otras literaturas escritas en lenguas originarias de Abya-Yala.","og_url":"https:\/\/musuqilla.info\/es\/harawikuna-qulqakuna\/musuq-illa-poetica-del-harawi-en-runasimi-2000-2020-es\/","og_site_name":"Musuq Illa","article_modified_time":"2021-05-19T20:30:22+00:00","og_image":[{"width":586,"height":853,"url":"https:\/\/musuqilla.info\/wp-content\/uploads\/2021\/03\/musuq-illa-qara_smaller.jpg","type":"image\/jpeg"}],"twitter_card":"summary_large_image","twitter_site":"@MusuqIlla","schema":{"@context":"https:\/\/schema.org","@graph":[{"@type":"WebPage","@id":"https:\/\/musuqilla.info\/es\/harawikuna-qulqakuna\/musuq-illa-poetica-del-harawi-en-runasimi-2000-2020-es\/","url":"https:\/\/musuqilla.info\/es\/harawikuna-qulqakuna\/musuq-illa-poetica-del-harawi-en-runasimi-2000-2020-es\/","name":"Musuq Illa: Po\u00e9tica del harawi en runasimi (2000-2020) - Musuq Illa","isPartOf":{"@id":"https:\/\/musuqilla.info\/es\/#website"},"primaryImageOfPage":{"@id":"https:\/\/musuqilla.info\/es\/harawikuna-qulqakuna\/musuq-illa-poetica-del-harawi-en-runasimi-2000-2020-es\/#primaryimage"},"image":{"@id":"https:\/\/musuqilla.info\/es\/harawikuna-qulqakuna\/musuq-illa-poetica-del-harawi-en-runasimi-2000-2020-es\/#primaryimage"},"thumbnailUrl":"https:\/\/musuqilla.info\/wp-content\/uploads\/2021\/03\/musuq-illa-qara_smaller.jpg","datePublished":"2021-02-12T21:55:06+00:00","dateModified":"2021-05-19T20:30:22+00:00","breadcrumb":{"@id":"https:\/\/musuqilla.info\/es\/harawikuna-qulqakuna\/musuq-illa-poetica-del-harawi-en-runasimi-2000-2020-es\/#breadcrumb"},"inLanguage":"es-PE","potentialAction":[{"@type":"ReadAction","target":["https:\/\/musuqilla.info\/es\/harawikuna-qulqakuna\/musuq-illa-poetica-del-harawi-en-runasimi-2000-2020-es\/"]}]},{"@type":"ImageObject","inLanguage":"es-PE","@id":"https:\/\/musuqilla.info\/es\/harawikuna-qulqakuna\/musuq-illa-poetica-del-harawi-en-runasimi-2000-2020-es\/#primaryimage","url":"https:\/\/musuqilla.info\/wp-content\/uploads\/2021\/03\/musuq-illa-qara_smaller.jpg","contentUrl":"https:\/\/musuqilla.info\/wp-content\/uploads\/2021\/03\/musuq-illa-qara_smaller.jpg","width":586,"height":853,"caption":"Musuq Illa: Po\u00e9tica del harawi en runasimi (2000-2020) poratada"},{"@type":"BreadcrumbList","@id":"https:\/\/musuqilla.info\/es\/harawikuna-qulqakuna\/musuq-illa-poetica-del-harawi-en-runasimi-2000-2020-es\/#breadcrumb","itemListElement":[{"@type":"ListItem","position":1,"name":"Inicio","item":"https:\/\/musuqilla.info\/es\/"},{"@type":"ListItem","position":2,"name":"Estante","item":"https:\/\/musuqilla.info\/es\/estante\/"},{"@type":"ListItem","position":3,"name":"Musuq Illa: Po\u00e9tica del harawi en runasimi (2000-2020)"}]},{"@type":"WebSite","@id":"https:\/\/musuqilla.info\/es\/#website","url":"https:\/\/musuqilla.info\/es\/","name":"Musuq Illa","description":"Harawikuna runasimipi","publisher":{"@id":"https:\/\/musuqilla.info\/es\/#organization"},"potentialAction":[{"@type":"SearchAction","target":{"@type":"EntryPoint","urlTemplate":"https:\/\/musuqilla.info\/es\/?s={search_term_string}"},"query-input":{"@type":"PropertyValueSpecification","valueRequired":true,"valueName":"search_term_string"}}],"inLanguage":"es-PE"},{"@type":"Organization","@id":"https:\/\/musuqilla.info\/es\/#organization","name":"Musuq Illa","url":"https:\/\/musuqilla.info\/es\/","logo":{"@type":"ImageObject","inLanguage":"es-PE","@id":"https:\/\/musuqilla.info\/es\/#\/schema\/logo\/image\/","url":"https:\/\/i0.wp.com\/musuqilla.info\/wp-content\/uploads\/2020\/11\/musuq_illa_masthead_logo_txt_E_2x_smaller.png?fit=348%2C264&ssl=1","contentUrl":"https:\/\/i0.wp.com\/musuqilla.info\/wp-content\/uploads\/2020\/11\/musuq_illa_masthead_logo_txt_E_2x_smaller.png?fit=348%2C264&ssl=1","width":348,"height":264,"caption":"Musuq Illa"},"image":{"@id":"https:\/\/musuqilla.info\/es\/#\/schema\/logo\/image\/"},"sameAs":["https:\/\/x.com\/MusuqIlla"]}]}},"_links":{"self":[{"href":"https:\/\/musuqilla.info\/es\/wp-json\/wp\/v2\/product\/4014","targetHints":{"allow":["GET"]}}],"collection":[{"href":"https:\/\/musuqilla.info\/es\/wp-json\/wp\/v2\/product"}],"about":[{"href":"https:\/\/musuqilla.info\/es\/wp-json\/wp\/v2\/types\/product"}],"wp:featuredmedia":[{"embeddable":true,"href":"https:\/\/musuqilla.info\/es\/wp-json\/wp\/v2\/media\/4347"}],"wp:attachment":[{"href":"https:\/\/musuqilla.info\/es\/wp-json\/wp\/v2\/media?parent=4014"}],"wp:term":[{"taxonomy":"product_brand","embeddable":true,"href":"https:\/\/musuqilla.info\/es\/wp-json\/wp\/v2\/product_brand?post=4014"},{"taxonomy":"product_cat","embeddable":true,"href":"https:\/\/musuqilla.info\/es\/wp-json\/wp\/v2\/product_cat?post=4014"},{"taxonomy":"product_tag","embeddable":true,"href":"https:\/\/musuqilla.info\/es\/wp-json\/wp\/v2\/product_tag?post=4014"},{"taxonomy":"press","embeddable":true,"href":"https:\/\/musuqilla.info\/es\/wp-json\/wp\/v2\/press?post=4014"}],"curies":[{"name":"wp","href":"https:\/\/api.w.org\/{rel}","templated":true}]}}