{"id":6882,"date":"2021-07-23T12:50:05","date_gmt":"2021-07-23T17:51:05","guid":{"rendered":"https:\/\/musuqilla.info\/?post_type=product&#038;p=6882"},"modified":"2021-07-23T14:01:15","modified_gmt":"2021-07-23T19:01:15","slug":"chusaq-chunyaq-pacha-chinkaq-pacha","status":"publish","type":"product","link":"https:\/\/musuqilla.info\/en\/harawikuna-qulqakuna\/chusaq-chunyaq-pacha-chinkaq-pacha\/","title":{"rendered":"Chusaq Chunyaq Pacha, Chinkaq Pacha"},"content":{"rendered":"","protected":false},"excerpt":{"rendered":"<p>Yupiykita qatipaspan<br \/>\nchinkaq runa masiy<br \/>\nmana reqsisqa \u00f1ankunapi<br \/>\nthampishiani<br \/>\nKishkapas manan<br \/>\nkiskachu kasqa<br \/>\nrumipas llamp\u2019u llamp\u2019un<br \/>\nllakisqa puriq runapakqa<br \/>\nQaqa \u00f1ankuna purisqaypitaqmi<br \/>\nch\u2019aki wayq\u2019o ukukunamanta<br \/>\nwiqiywan karpasqa t\u2019ika<br \/>\npaqarimushian<br \/>\nImaynas Inti<br \/>\ntukuy p\u2019unchaw purisqanpi k\u2019anchaynita<br \/>\n\u00f1awsayachin<br \/>\nchhaynan hatun llakiq \u00f1it\u2019isqan<br \/>\nsuyani<br \/>\nmama killaq<br \/>\nlluqsimuyninta<br \/>\nMana\u00f1a samayniyuqtaqmi<br \/>\nwayraman llakiyta<br \/>\nq\u2019ipichishiani<br \/>\nrumi patapi saqeykuspa<br \/>\nqaqaq sonqonpi<br \/>\nwaqaychananpaq<br \/>\nMaypiraq kanki wasimasillay<br \/>\nmaypiraq llaqtamasiy<br \/>\nmaypiraq kanki runa masillay<br \/>\npiraq mana munashiaqta apasunki<br \/>\nPuku pukullan willariwan<br \/>\nyawar mayupin<br \/>\ntullullan\u00f1a tuytushian<br \/>\nkishka patapin chukchallan\u00f1a<br \/>\nqheparun nispa<br \/>\n(Taki)<br \/>\n\u201cAy tuytunki tutunki<br \/>\nyawar mayupis<br \/>\ntuytunki\u201d<br \/>\nNiwantaqmi<br \/>\nmanan kunanqa<br \/>\nkinsallachu pacha<br \/>\nnitaqmi uku pacha, kay pacha<br \/>\nhanaq pachallachu.<br \/>\nAyacuchukunapa<br \/>\nK\u2019irisqa sonqunmantan rikhurimun<br \/>\nhuk mana reqsisqa pacha<br \/>\nchinkaq ch\u2019usaq pacha nisqa<br \/>\nKhuyasqayki runa masiykitaqa<br \/>\n\u00f1awinta tutayarachispankun<br \/>\nwikch\u2019uykunku<br \/>\nallpaq sonqonpi<br \/>\nq\u2019os\u00f1i yakuyuq<br \/>\nmayuman<br \/>\nChay yaqa kallpaypa atipasqan<br \/>\nuyarishiaqtiymi<br \/>\nqori rapra siwarq\u2019enti<br \/>\nchay mana hayk\u2019aq<br \/>\ntutakunapi phawaq urpi<br \/>\nrikraypatapi tiyaramuspa<br \/>\nrinrillayman takiykamun<br \/>\nSutinqa manam<br \/>\nthasnukunqachu<br \/>\nmanan ushpayanqachu<br \/>\nsichuri yuyaniykipi<br \/>\nsonqoykupi allinta<br \/>\nmat\u2019iykunki chayqa, nispa.<br \/>\nKutimunqan<br \/>\nqoyllurkunaq marq\u2019arisqan<br \/>\ntayta intipa kanchayninwan<br \/>\nmama killapa llanthunpi kutimullanqan<br \/>\nChaymi sunita sayanki<br \/>\nmana hayk\u2019aq qunquraspa<br \/>\nmana piman pituchakuspa mamay.<br \/>\nChay chunyaq<br \/>\npachatan<br \/>\nwachachimusun<br \/>\nallin samaypi<br \/>\nmusuq kawsayman<br \/>\nMana\u00f1a pipas<br \/>\nmana\u00f1a maypas<br \/>\nmana\u00f1a hayk\u2019aqpas<br \/>\nmuchuy wa\u00f1uy<br \/>\nkutichimunanpaq<br \/>\nChaymi llakyniypa q\u2019aytunta<br \/>\nKururaspa<br \/>\nallinta kallpachakuspay<br \/>\nsunita sayarini<br \/>\nmana qhipata qhawaripa<br \/>\n\u00a1kutimuy! \u00a1kutimuy!<br \/>\nnispan qaparini<br \/>\n\u00d1oqa<br \/>\nhatun sonqo warmi<br \/>\nmamakunaq maman<br \/>\nuyariruni nanasqa qoyqukunata<br \/>\nHu\u00f1umuy mamay<br \/>\nyana makikunaq kuchusqan<br \/>\nchaki makiyta<br \/>\numayta, rikrayta kutichimuy<br \/>\n(Taki)<br \/>\n\u201cSiwarq\u2019entillay<br \/>\nqori rapracha<br \/>\nmaypitaq kanki\u201d<br \/>\nKaypin kashiani mamallay<br \/>\nsuyashiaykin<br \/>\nkaypipuni<br \/>\nrapraywan wisq\u00b4aykusun<br \/>\nwi\u00f1aypaq<br \/>\nchay ch\u2019in chay ch\u00b4usaq pachata mana hayk\u2019aq<br \/>\nkhuyasqayki wawaykikunata mullp\u00b4urunanpaq<br \/>\n(Taki)<br \/>\n\u201cHaku mamay puririsun<br \/>\nwawaykita mashkamusun\u201d<br \/>\nKutimunqan musuq kawsay<br \/>\nhamunqan alli allin kawsay<br \/>\nHinan kanqa<br \/>\nhinapunin<\/p>\n","protected":false},"featured_media":6839,"template":"","meta":{"_monsterinsights_skip_tracking":false,"_monsterinsights_sitenote_active":false,"_monsterinsights_sitenote_note":"","_monsterinsights_sitenote_category":0},"product_brand":[],"product_cat":[273,271,103],"product_tag":[],"press":[],"class_list":{"0":"post-6882","1":"product","2":"type-product","3":"status-publish","4":"has-post-thumbnail","6":"product_author-alida-castaneda-guerra-en","7":"product_cat-chapter-1","8":"product_cat-musuq-illa-book","9":"product_cat-poems","10":"pa_country-peru","11":"pa_form-free-verse","12":"pa_period-twenty-first-century","13":"pa_region-city-apurimac","14":"pa_region-city-ayacucho","15":"pa_theme-andean-landscape","16":"pa_theme-denunciatory","17":"pa_theme-domestic-space","18":"pa_theme-sociopolitical","20":"first","21":"instock","22":"shipping-taxable","23":"product-type-external"},"yoast_head":"<!-- This site is optimized with the Yoast SEO plugin v27.4 - https:\/\/yoast.com\/product\/yoast-seo-wordpress\/ -->\n<title>Chusaq Chunyaq Pacha, Chinkaq Pacha - Musuq Illa<\/title>\n<meta name=\"robots\" content=\"index, follow, max-snippet:-1, max-image-preview:large, max-video-preview:-1\" \/>\n<link rel=\"canonical\" href=\"https:\/\/musuqilla.info\/en\/harawikuna-qulqakuna\/chusaq-chunyaq-pacha-chinkaq-pacha\/\" \/>\n<meta property=\"og:locale\" content=\"en_US\" \/>\n<meta property=\"og:type\" content=\"article\" \/>\n<meta property=\"og:title\" content=\"Chusaq Chunyaq Pacha, Chinkaq Pacha - Musuq Illa\" \/>\n<meta property=\"og:description\" content=\"Yupiykita qatipaspan chinkaq runa masiy mana reqsisqa \u00f1ankunapi thampishiani Kishkapas manan kiskachu kasqa rumipas llamp\u2019u llamp\u2019un llakisqa puriq runapakqa Qaqa \u00f1ankuna purisqaypitaqmi ch\u2019aki wayq\u2019o ukukunamanta wiqiywan karpasqa t\u2019ika paqarimushian Imaynas Inti tukuy p\u2019unchaw purisqanpi k\u2019anchaynita \u00f1awsayachin chhaynan hatun llakiq \u00f1it\u2019isqan suyani mama killaq lluqsimuyninta Mana\u00f1a samayniyuqtaqmi wayraman llakiyta q\u2019ipichishiani rumi patapi saqeykuspa qaqaq sonqonpi waqaychananpaq Maypiraq kanki wasimasillay maypiraq llaqtamasiy maypiraq kanki runa masillay piraq mana munashiaqta apasunki Puku pukullan willariwan yawar mayupin tullullan\u00f1a tuytushian kishka patapin chukchallan\u00f1a qheparun nispa (Taki) \u201cAy tuytunki tutunki yawar mayupis tuytunki\u201d Niwantaqmi manan kunanqa kinsallachu pacha nitaqmi uku pacha, kay pacha hanaq pachallachu. Ayacuchukunapa K\u2019irisqa sonqunmantan rikhurimun huk mana reqsisqa pacha chinkaq ch\u2019usaq pacha nisqa Khuyasqayki runa masiykitaqa \u00f1awinta tutayarachispankun wikch\u2019uykunku allpaq sonqonpi q\u2019os\u00f1i yakuyuq mayuman Chay yaqa kallpaypa atipasqan uyarishiaqtiymi qori rapra siwarq\u2019enti chay mana hayk\u2019aq tutakunapi phawaq urpi rikraypatapi tiyaramuspa rinrillayman takiykamun Sutinqa manam thasnukunqachu manan ushpayanqachu sichuri yuyaniykipi sonqoykupi allinta mat\u2019iykunki chayqa, nispa. Kutimunqan qoyllurkunaq marq\u2019arisqan tayta intipa kanchayninwan mama killapa llanthunpi kutimullanqan Chaymi sunita sayanki mana hayk\u2019aq qunquraspa mana piman pituchakuspa mamay. Chay chunyaq pachatan wachachimusun allin samaypi musuq kawsayman Mana\u00f1a pipas mana\u00f1a maypas mana\u00f1a hayk\u2019aqpas muchuy wa\u00f1uy kutichimunanpaq Chaymi llakyniypa q\u2019aytunta Kururaspa allinta kallpachakuspay sunita sayarini mana qhipata qhawaripa \u00a1kutimuy! \u00a1kutimuy! nispan qaparini \u00d1oqa hatun sonqo warmi mamakunaq maman uyariruni nanasqa qoyqukunata Hu\u00f1umuy mamay yana makikunaq kuchusqan chaki makiyta umayta, rikrayta kutichimuy (Taki) \u201cSiwarq\u2019entillay qori rapracha maypitaq kanki\u201d Kaypin kashiani mamallay suyashiaykin kaypipuni rapraywan wisq\u00b4aykusun wi\u00f1aypaq chay ch\u2019in chay ch\u00b4usaq pachata mana hayk\u2019aq khuyasqayki wawaykikunata mullp\u00b4urunanpaq (Taki) \u201cHaku mamay puririsun wawaykita mashkamusun\u201d Kutimunqan musuq kawsay hamunqan alli allin kawsay Hinan kanqa hinapunin\" \/>\n<meta property=\"og:url\" content=\"https:\/\/musuqilla.info\/en\/harawikuna-qulqakuna\/chusaq-chunyaq-pacha-chinkaq-pacha\/\" \/>\n<meta property=\"og:site_name\" content=\"Musuq Illa\" \/>\n<meta property=\"article:modified_time\" content=\"2021-07-23T19:01:15+00:00\" \/>\n<meta property=\"og:image\" content=\"https:\/\/musuqilla.info\/wp-content\/uploads\/2021\/07\/castaneda-guerra_chusaq-chunyaq-pacha_04b.jpg\" \/>\n\t<meta property=\"og:image:width\" content=\"855\" \/>\n\t<meta property=\"og:image:height\" content=\"1280\" \/>\n\t<meta property=\"og:image:type\" content=\"image\/jpeg\" \/>\n<meta name=\"twitter:card\" content=\"summary_large_image\" \/>\n<meta name=\"twitter:site\" content=\"@MusuqIlla\" \/>\n<script type=\"application\/ld+json\" class=\"yoast-schema-graph\">{\"@context\":\"https:\\\/\\\/schema.org\",\"@graph\":[{\"@type\":\"WebPage\",\"@id\":\"https:\\\/\\\/musuqilla.info\\\/en\\\/harawikuna-qulqakuna\\\/chusaq-chunyaq-pacha-chinkaq-pacha\\\/\",\"url\":\"https:\\\/\\\/musuqilla.info\\\/en\\\/harawikuna-qulqakuna\\\/chusaq-chunyaq-pacha-chinkaq-pacha\\\/\",\"name\":\"Chusaq Chunyaq Pacha, Chinkaq Pacha - Musuq Illa\",\"isPartOf\":{\"@id\":\"https:\\\/\\\/musuqilla.info\\\/en\\\/#website\"},\"primaryImageOfPage\":{\"@id\":\"https:\\\/\\\/musuqilla.info\\\/en\\\/harawikuna-qulqakuna\\\/chusaq-chunyaq-pacha-chinkaq-pacha\\\/#primaryimage\"},\"image\":{\"@id\":\"https:\\\/\\\/musuqilla.info\\\/en\\\/harawikuna-qulqakuna\\\/chusaq-chunyaq-pacha-chinkaq-pacha\\\/#primaryimage\"},\"thumbnailUrl\":\"https:\\\/\\\/musuqilla.info\\\/wp-content\\\/uploads\\\/2021\\\/07\\\/castaneda-guerra_chusaq-chunyaq-pacha_04b.jpg\",\"datePublished\":\"2021-07-23T17:51:05+00:00\",\"dateModified\":\"2021-07-23T19:01:15+00:00\",\"breadcrumb\":{\"@id\":\"https:\\\/\\\/musuqilla.info\\\/en\\\/harawikuna-qulqakuna\\\/chusaq-chunyaq-pacha-chinkaq-pacha\\\/#breadcrumb\"},\"inLanguage\":\"en-US\",\"potentialAction\":[{\"@type\":\"ReadAction\",\"target\":[\"https:\\\/\\\/musuqilla.info\\\/en\\\/harawikuna-qulqakuna\\\/chusaq-chunyaq-pacha-chinkaq-pacha\\\/\"]}]},{\"@type\":\"ImageObject\",\"inLanguage\":\"en-US\",\"@id\":\"https:\\\/\\\/musuqilla.info\\\/en\\\/harawikuna-qulqakuna\\\/chusaq-chunyaq-pacha-chinkaq-pacha\\\/#primaryimage\",\"url\":\"https:\\\/\\\/musuqilla.info\\\/wp-content\\\/uploads\\\/2021\\\/07\\\/castaneda-guerra_chusaq-chunyaq-pacha_04b.jpg\",\"contentUrl\":\"https:\\\/\\\/musuqilla.info\\\/wp-content\\\/uploads\\\/2021\\\/07\\\/castaneda-guerra_chusaq-chunyaq-pacha_04b.jpg\",\"width\":855,\"height\":1280},{\"@type\":\"BreadcrumbList\",\"@id\":\"https:\\\/\\\/musuqilla.info\\\/en\\\/harawikuna-qulqakuna\\\/chusaq-chunyaq-pacha-chinkaq-pacha\\\/#breadcrumb\",\"itemListElement\":[{\"@type\":\"ListItem\",\"position\":1,\"name\":\"Home\",\"item\":\"https:\\\/\\\/musuqilla.info\\\/en\\\/\"},{\"@type\":\"ListItem\",\"position\":2,\"name\":\"Bookshelf\",\"item\":\"https:\\\/\\\/musuqilla.info\\\/en\\\/bookshelf\\\/\"},{\"@type\":\"ListItem\",\"position\":3,\"name\":\"Chusaq Chunyaq Pacha, Chinkaq Pacha\"}]},{\"@type\":\"WebSite\",\"@id\":\"https:\\\/\\\/musuqilla.info\\\/en\\\/#website\",\"url\":\"https:\\\/\\\/musuqilla.info\\\/en\\\/\",\"name\":\"Musuq Illa\",\"description\":\"Harawikuna runasimipi\",\"publisher\":{\"@id\":\"https:\\\/\\\/musuqilla.info\\\/en\\\/#organization\"},\"potentialAction\":[{\"@type\":\"SearchAction\",\"target\":{\"@type\":\"EntryPoint\",\"urlTemplate\":\"https:\\\/\\\/musuqilla.info\\\/en\\\/?s={search_term_string}\"},\"query-input\":{\"@type\":\"PropertyValueSpecification\",\"valueRequired\":true,\"valueName\":\"search_term_string\"}}],\"inLanguage\":\"en-US\"},{\"@type\":\"Organization\",\"@id\":\"https:\\\/\\\/musuqilla.info\\\/en\\\/#organization\",\"name\":\"Musuq Illa\",\"url\":\"https:\\\/\\\/musuqilla.info\\\/en\\\/\",\"logo\":{\"@type\":\"ImageObject\",\"inLanguage\":\"en-US\",\"@id\":\"https:\\\/\\\/musuqilla.info\\\/en\\\/#\\\/schema\\\/logo\\\/image\\\/\",\"url\":\"https:\\\/\\\/i0.wp.com\\\/musuqilla.info\\\/wp-content\\\/uploads\\\/2020\\\/11\\\/musuq_illa_masthead_logo_txt_E_2x_smaller.png?fit=348%2C264&ssl=1\",\"contentUrl\":\"https:\\\/\\\/i0.wp.com\\\/musuqilla.info\\\/wp-content\\\/uploads\\\/2020\\\/11\\\/musuq_illa_masthead_logo_txt_E_2x_smaller.png?fit=348%2C264&ssl=1\",\"width\":348,\"height\":264,\"caption\":\"Musuq Illa\"},\"image\":{\"@id\":\"https:\\\/\\\/musuqilla.info\\\/en\\\/#\\\/schema\\\/logo\\\/image\\\/\"},\"sameAs\":[\"https:\\\/\\\/x.com\\\/MusuqIlla\"]}]}<\/script>\n<!-- \/ Yoast SEO plugin. -->","yoast_head_json":{"title":"Chusaq Chunyaq Pacha, Chinkaq Pacha - Musuq Illa","robots":{"index":"index","follow":"follow","max-snippet":"max-snippet:-1","max-image-preview":"max-image-preview:large","max-video-preview":"max-video-preview:-1"},"canonical":"https:\/\/musuqilla.info\/en\/harawikuna-qulqakuna\/chusaq-chunyaq-pacha-chinkaq-pacha\/","og_locale":"en_US","og_type":"article","og_title":"Chusaq Chunyaq Pacha, Chinkaq Pacha - Musuq Illa","og_description":"Yupiykita qatipaspan chinkaq runa masiy mana reqsisqa \u00f1ankunapi thampishiani Kishkapas manan kiskachu kasqa rumipas llamp\u2019u llamp\u2019un llakisqa puriq runapakqa Qaqa \u00f1ankuna purisqaypitaqmi ch\u2019aki wayq\u2019o ukukunamanta wiqiywan karpasqa t\u2019ika paqarimushian Imaynas Inti tukuy p\u2019unchaw purisqanpi k\u2019anchaynita \u00f1awsayachin chhaynan hatun llakiq \u00f1it\u2019isqan suyani mama killaq lluqsimuyninta Mana\u00f1a samayniyuqtaqmi wayraman llakiyta q\u2019ipichishiani rumi patapi saqeykuspa qaqaq sonqonpi waqaychananpaq Maypiraq kanki wasimasillay maypiraq llaqtamasiy maypiraq kanki runa masillay piraq mana munashiaqta apasunki Puku pukullan willariwan yawar mayupin tullullan\u00f1a tuytushian kishka patapin chukchallan\u00f1a qheparun nispa (Taki) \u201cAy tuytunki tutunki yawar mayupis tuytunki\u201d Niwantaqmi manan kunanqa kinsallachu pacha nitaqmi uku pacha, kay pacha hanaq pachallachu. Ayacuchukunapa K\u2019irisqa sonqunmantan rikhurimun huk mana reqsisqa pacha chinkaq ch\u2019usaq pacha nisqa Khuyasqayki runa masiykitaqa \u00f1awinta tutayarachispankun wikch\u2019uykunku allpaq sonqonpi q\u2019os\u00f1i yakuyuq mayuman Chay yaqa kallpaypa atipasqan uyarishiaqtiymi qori rapra siwarq\u2019enti chay mana hayk\u2019aq tutakunapi phawaq urpi rikraypatapi tiyaramuspa rinrillayman takiykamun Sutinqa manam thasnukunqachu manan ushpayanqachu sichuri yuyaniykipi sonqoykupi allinta mat\u2019iykunki chayqa, nispa. Kutimunqan qoyllurkunaq marq\u2019arisqan tayta intipa kanchayninwan mama killapa llanthunpi kutimullanqan Chaymi sunita sayanki mana hayk\u2019aq qunquraspa mana piman pituchakuspa mamay. Chay chunyaq pachatan wachachimusun allin samaypi musuq kawsayman Mana\u00f1a pipas mana\u00f1a maypas mana\u00f1a hayk\u2019aqpas muchuy wa\u00f1uy kutichimunanpaq Chaymi llakyniypa q\u2019aytunta Kururaspa allinta kallpachakuspay sunita sayarini mana qhipata qhawaripa \u00a1kutimuy! \u00a1kutimuy! nispan qaparini \u00d1oqa hatun sonqo warmi mamakunaq maman uyariruni nanasqa qoyqukunata Hu\u00f1umuy mamay yana makikunaq kuchusqan chaki makiyta umayta, rikrayta kutichimuy (Taki) \u201cSiwarq\u2019entillay qori rapracha maypitaq kanki\u201d Kaypin kashiani mamallay suyashiaykin kaypipuni rapraywan wisq\u00b4aykusun wi\u00f1aypaq chay ch\u2019in chay ch\u00b4usaq pachata mana hayk\u2019aq khuyasqayki wawaykikunata mullp\u00b4urunanpaq (Taki) \u201cHaku mamay puririsun wawaykita mashkamusun\u201d Kutimunqan musuq kawsay hamunqan alli allin kawsay Hinan kanqa hinapunin","og_url":"https:\/\/musuqilla.info\/en\/harawikuna-qulqakuna\/chusaq-chunyaq-pacha-chinkaq-pacha\/","og_site_name":"Musuq Illa","article_modified_time":"2021-07-23T19:01:15+00:00","og_image":[{"width":855,"height":1280,"url":"https:\/\/musuqilla.info\/wp-content\/uploads\/2021\/07\/castaneda-guerra_chusaq-chunyaq-pacha_04b.jpg","type":"image\/jpeg"}],"twitter_card":"summary_large_image","twitter_site":"@MusuqIlla","schema":{"@context":"https:\/\/schema.org","@graph":[{"@type":"WebPage","@id":"https:\/\/musuqilla.info\/en\/harawikuna-qulqakuna\/chusaq-chunyaq-pacha-chinkaq-pacha\/","url":"https:\/\/musuqilla.info\/en\/harawikuna-qulqakuna\/chusaq-chunyaq-pacha-chinkaq-pacha\/","name":"Chusaq Chunyaq Pacha, Chinkaq Pacha - Musuq Illa","isPartOf":{"@id":"https:\/\/musuqilla.info\/en\/#website"},"primaryImageOfPage":{"@id":"https:\/\/musuqilla.info\/en\/harawikuna-qulqakuna\/chusaq-chunyaq-pacha-chinkaq-pacha\/#primaryimage"},"image":{"@id":"https:\/\/musuqilla.info\/en\/harawikuna-qulqakuna\/chusaq-chunyaq-pacha-chinkaq-pacha\/#primaryimage"},"thumbnailUrl":"https:\/\/musuqilla.info\/wp-content\/uploads\/2021\/07\/castaneda-guerra_chusaq-chunyaq-pacha_04b.jpg","datePublished":"2021-07-23T17:51:05+00:00","dateModified":"2021-07-23T19:01:15+00:00","breadcrumb":{"@id":"https:\/\/musuqilla.info\/en\/harawikuna-qulqakuna\/chusaq-chunyaq-pacha-chinkaq-pacha\/#breadcrumb"},"inLanguage":"en-US","potentialAction":[{"@type":"ReadAction","target":["https:\/\/musuqilla.info\/en\/harawikuna-qulqakuna\/chusaq-chunyaq-pacha-chinkaq-pacha\/"]}]},{"@type":"ImageObject","inLanguage":"en-US","@id":"https:\/\/musuqilla.info\/en\/harawikuna-qulqakuna\/chusaq-chunyaq-pacha-chinkaq-pacha\/#primaryimage","url":"https:\/\/musuqilla.info\/wp-content\/uploads\/2021\/07\/castaneda-guerra_chusaq-chunyaq-pacha_04b.jpg","contentUrl":"https:\/\/musuqilla.info\/wp-content\/uploads\/2021\/07\/castaneda-guerra_chusaq-chunyaq-pacha_04b.jpg","width":855,"height":1280},{"@type":"BreadcrumbList","@id":"https:\/\/musuqilla.info\/en\/harawikuna-qulqakuna\/chusaq-chunyaq-pacha-chinkaq-pacha\/#breadcrumb","itemListElement":[{"@type":"ListItem","position":1,"name":"Home","item":"https:\/\/musuqilla.info\/en\/"},{"@type":"ListItem","position":2,"name":"Bookshelf","item":"https:\/\/musuqilla.info\/en\/bookshelf\/"},{"@type":"ListItem","position":3,"name":"Chusaq Chunyaq Pacha, Chinkaq Pacha"}]},{"@type":"WebSite","@id":"https:\/\/musuqilla.info\/en\/#website","url":"https:\/\/musuqilla.info\/en\/","name":"Musuq Illa","description":"Harawikuna runasimipi","publisher":{"@id":"https:\/\/musuqilla.info\/en\/#organization"},"potentialAction":[{"@type":"SearchAction","target":{"@type":"EntryPoint","urlTemplate":"https:\/\/musuqilla.info\/en\/?s={search_term_string}"},"query-input":{"@type":"PropertyValueSpecification","valueRequired":true,"valueName":"search_term_string"}}],"inLanguage":"en-US"},{"@type":"Organization","@id":"https:\/\/musuqilla.info\/en\/#organization","name":"Musuq Illa","url":"https:\/\/musuqilla.info\/en\/","logo":{"@type":"ImageObject","inLanguage":"en-US","@id":"https:\/\/musuqilla.info\/en\/#\/schema\/logo\/image\/","url":"https:\/\/i0.wp.com\/musuqilla.info\/wp-content\/uploads\/2020\/11\/musuq_illa_masthead_logo_txt_E_2x_smaller.png?fit=348%2C264&ssl=1","contentUrl":"https:\/\/i0.wp.com\/musuqilla.info\/wp-content\/uploads\/2020\/11\/musuq_illa_masthead_logo_txt_E_2x_smaller.png?fit=348%2C264&ssl=1","width":348,"height":264,"caption":"Musuq Illa"},"image":{"@id":"https:\/\/musuqilla.info\/en\/#\/schema\/logo\/image\/"},"sameAs":["https:\/\/x.com\/MusuqIlla"]}]}},"_links":{"self":[{"href":"https:\/\/musuqilla.info\/en\/wp-json\/wp\/v2\/product\/6882","targetHints":{"allow":["GET"]}}],"collection":[{"href":"https:\/\/musuqilla.info\/en\/wp-json\/wp\/v2\/product"}],"about":[{"href":"https:\/\/musuqilla.info\/en\/wp-json\/wp\/v2\/types\/product"}],"wp:featuredmedia":[{"embeddable":true,"href":"https:\/\/musuqilla.info\/en\/wp-json\/wp\/v2\/media\/6839"}],"wp:attachment":[{"href":"https:\/\/musuqilla.info\/en\/wp-json\/wp\/v2\/media?parent=6882"}],"wp:term":[{"taxonomy":"product_brand","embeddable":true,"href":"https:\/\/musuqilla.info\/en\/wp-json\/wp\/v2\/product_brand?post=6882"},{"taxonomy":"product_cat","embeddable":true,"href":"https:\/\/musuqilla.info\/en\/wp-json\/wp\/v2\/product_cat?post=6882"},{"taxonomy":"product_tag","embeddable":true,"href":"https:\/\/musuqilla.info\/en\/wp-json\/wp\/v2\/product_tag?post=6882"},{"taxonomy":"press","embeddable":true,"href":"https:\/\/musuqilla.info\/en\/wp-json\/wp\/v2\/press?post=6882"}],"curies":[{"name":"wp","href":"https:\/\/api.w.org\/{rel}","templated":true}]}}