{"id":6456,"date":"2021-05-28T16:59:21","date_gmt":"2021-05-28T21:59:21","guid":{"rendered":"https:\/\/musuqilla.info\/?post_type=product&#038;p=6456"},"modified":"2021-05-28T15:40:25","modified_gmt":"2021-05-28T20:40:25","slug":"chinli-harawikuna","status":"publish","type":"product","link":"https:\/\/musuqilla.info\/en\/harawikuna-qulqakuna\/chinli-harawikuna\/","title":{"rendered":"Chinli harawikuna"},"content":{"rendered":"","protected":false},"excerpt":{"rendered":"<p>Aqsumama (00:05)<br \/>\nSupaypa qispichisqan<br \/>\nLlumchuy Waqachiq<br \/>\nwaynaytam qichuwanki.<br \/>\nPantapakuy (00:17)<br \/>\nMillay qatqi rurucha<br \/>\n\u201cYarqallaptinqa<br \/>\nmikuwanqam\u201d ninkichu?<br \/>\nChinka Chinka (00:28)<br \/>\nKillinsa\u00f1am sunquypas<br \/>\nSuyaymanqraqchu<br \/>\nQamya api sipaschata?<br \/>\nLlama Nakay (00:40)<br \/>\nYawriwan\u2026 yawrichawan<br \/>\nQasquchallaypi<br \/>\nAma kuchilluwanqa<br \/>\nMachay-Machay (00:53)<br \/>\nChay kuyakuyniykiqa<br \/>\nPaqpa aqam kasqa<br \/>\nTuta punchaw machachikuq<br \/>\n1Pintar el instante, la naturaleza de las emociones, la belleza en vuelo como hace el hayku, es posible desde el quechua. El humor, la s\u00e1tira, el erotismo, y toda la sensualidad posible, expresados con brevedad generan una sensaci\u00f3n extra\u00f1a, llaman la atenci\u00f3n, deleitan, fascinan, ruborizan. La econom\u00eda de palabra y la capacidad abarcadora de las ideas que se expresan son fundamentales. \u201cChinli\u201d significa breve, fr\u00e1gil, peque\u00f1o, instant\u00e1neo, acaso una alusi\u00f3n a la poes\u00eda fugaz que teje un picaflor o una mariposa en vuelo que juega y se enreda con su yana.<\/p>\n","protected":false},"featured_media":4808,"template":"","meta":{"_monsterinsights_skip_tracking":false,"_monsterinsights_sitenote_active":false,"_monsterinsights_sitenote_note":"","_monsterinsights_sitenote_category":0},"product_brand":[],"product_cat":[272,271,103],"product_tag":[],"press":[],"class_list":{"0":"post-6456","1":"product","2":"type-product","3":"status-publish","4":"has-post-thumbnail","6":"product_author-pablo-landeo-munoz-en","7":"product_cat-introduction","8":"product_cat-musuq-illa-book","9":"product_cat-poems","10":"pa_country-peru","11":"pa_form-haiku","12":"pa_period-twenty-first-century","13":"pa_region-city-huancavelica","14":"pa_theme-andean-flora-and-fauna","15":"pa_theme-andean-landscape","16":"pa_theme-andean-philosophy","18":"first","19":"instock","20":"shipping-taxable","21":"product-type-external"},"yoast_head":"<!-- This site is optimized with the Yoast SEO plugin v27.4 - https:\/\/yoast.com\/product\/yoast-seo-wordpress\/ -->\n<title>Chinli harawikuna - Musuq Illa<\/title>\n<meta name=\"robots\" content=\"index, follow, max-snippet:-1, max-image-preview:large, max-video-preview:-1\" \/>\n<link rel=\"canonical\" href=\"https:\/\/musuqilla.info\/en\/harawikuna-qulqakuna\/chinli-harawikuna\/\" \/>\n<meta property=\"og:locale\" content=\"en_US\" \/>\n<meta property=\"og:type\" content=\"article\" \/>\n<meta property=\"og:title\" content=\"Chinli harawikuna - Musuq Illa\" \/>\n<meta property=\"og:description\" content=\"Aqsumama (00:05) Supaypa qispichisqan Llumchuy Waqachiq waynaytam qichuwanki. Pantapakuy (00:17) Millay qatqi rurucha \u201cYarqallaptinqa mikuwanqam\u201d ninkichu? Chinka Chinka (00:28) Killinsa\u00f1am sunquypas Suyaymanqraqchu Qamya api sipaschata? Llama Nakay (00:40) Yawriwan\u2026 yawrichawan Qasquchallaypi Ama kuchilluwanqa Machay-Machay (00:53) Chay kuyakuyniykiqa Paqpa aqam kasqa Tuta punchaw machachikuq 1Pintar el instante, la naturaleza de las emociones, la belleza en vuelo como hace el hayku, es posible desde el quechua. El humor, la s\u00e1tira, el erotismo, y toda la sensualidad posible, expresados con brevedad generan una sensaci\u00f3n extra\u00f1a, llaman la atenci\u00f3n, deleitan, fascinan, ruborizan. La econom\u00eda de palabra y la capacidad abarcadora de las ideas que se expresan son fundamentales. \u201cChinli\u201d significa breve, fr\u00e1gil, peque\u00f1o, instant\u00e1neo, acaso una alusi\u00f3n a la poes\u00eda fugaz que teje un picaflor o una mariposa en vuelo que juega y se enreda con su yana.\" \/>\n<meta property=\"og:url\" content=\"https:\/\/musuqilla.info\/en\/harawikuna-qulqakuna\/chinli-harawikuna\/\" \/>\n<meta property=\"og:site_name\" content=\"Musuq Illa\" \/>\n<meta property=\"og:image\" content=\"https:\/\/musuqilla.info\/wp-content\/uploads\/2021\/03\/landeo-munoz_aqsumama_13a.jpg\" \/>\n\t<meta property=\"og:image:width\" content=\"855\" \/>\n\t<meta property=\"og:image:height\" content=\"1280\" \/>\n\t<meta property=\"og:image:type\" content=\"image\/jpeg\" \/>\n<meta name=\"twitter:card\" content=\"summary_large_image\" \/>\n<meta name=\"twitter:site\" content=\"@MusuqIlla\" \/>\n<script type=\"application\/ld+json\" class=\"yoast-schema-graph\">{\"@context\":\"https:\\\/\\\/schema.org\",\"@graph\":[{\"@type\":\"WebPage\",\"@id\":\"https:\\\/\\\/musuqilla.info\\\/en\\\/harawikuna-qulqakuna\\\/chinli-harawikuna\\\/\",\"url\":\"https:\\\/\\\/musuqilla.info\\\/en\\\/harawikuna-qulqakuna\\\/chinli-harawikuna\\\/\",\"name\":\"Chinli harawikuna - Musuq Illa\",\"isPartOf\":{\"@id\":\"https:\\\/\\\/musuqilla.info\\\/en\\\/#website\"},\"primaryImageOfPage\":{\"@id\":\"https:\\\/\\\/musuqilla.info\\\/en\\\/harawikuna-qulqakuna\\\/chinli-harawikuna\\\/#primaryimage\"},\"image\":{\"@id\":\"https:\\\/\\\/musuqilla.info\\\/en\\\/harawikuna-qulqakuna\\\/chinli-harawikuna\\\/#primaryimage\"},\"thumbnailUrl\":\"https:\\\/\\\/musuqilla.info\\\/wp-content\\\/uploads\\\/2021\\\/03\\\/landeo-munoz_aqsumama_13a.jpg\",\"datePublished\":\"2021-05-28T21:59:21+00:00\",\"breadcrumb\":{\"@id\":\"https:\\\/\\\/musuqilla.info\\\/en\\\/harawikuna-qulqakuna\\\/chinli-harawikuna\\\/#breadcrumb\"},\"inLanguage\":\"en-US\",\"potentialAction\":[{\"@type\":\"ReadAction\",\"target\":[\"https:\\\/\\\/musuqilla.info\\\/en\\\/harawikuna-qulqakuna\\\/chinli-harawikuna\\\/\"]}]},{\"@type\":\"ImageObject\",\"inLanguage\":\"en-US\",\"@id\":\"https:\\\/\\\/musuqilla.info\\\/en\\\/harawikuna-qulqakuna\\\/chinli-harawikuna\\\/#primaryimage\",\"url\":\"https:\\\/\\\/musuqilla.info\\\/wp-content\\\/uploads\\\/2021\\\/03\\\/landeo-munoz_aqsumama_13a.jpg\",\"contentUrl\":\"https:\\\/\\\/musuqilla.info\\\/wp-content\\\/uploads\\\/2021\\\/03\\\/landeo-munoz_aqsumama_13a.jpg\",\"width\":855,\"height\":1280},{\"@type\":\"BreadcrumbList\",\"@id\":\"https:\\\/\\\/musuqilla.info\\\/en\\\/harawikuna-qulqakuna\\\/chinli-harawikuna\\\/#breadcrumb\",\"itemListElement\":[{\"@type\":\"ListItem\",\"position\":1,\"name\":\"Home\",\"item\":\"https:\\\/\\\/musuqilla.info\\\/en\\\/\"},{\"@type\":\"ListItem\",\"position\":2,\"name\":\"Bookshelf\",\"item\":\"https:\\\/\\\/musuqilla.info\\\/en\\\/bookshelf\\\/\"},{\"@type\":\"ListItem\",\"position\":3,\"name\":\"Chinli harawikuna\"}]},{\"@type\":\"WebSite\",\"@id\":\"https:\\\/\\\/musuqilla.info\\\/en\\\/#website\",\"url\":\"https:\\\/\\\/musuqilla.info\\\/en\\\/\",\"name\":\"Musuq Illa\",\"description\":\"Harawikuna runasimipi\",\"publisher\":{\"@id\":\"https:\\\/\\\/musuqilla.info\\\/en\\\/#organization\"},\"potentialAction\":[{\"@type\":\"SearchAction\",\"target\":{\"@type\":\"EntryPoint\",\"urlTemplate\":\"https:\\\/\\\/musuqilla.info\\\/en\\\/?s={search_term_string}\"},\"query-input\":{\"@type\":\"PropertyValueSpecification\",\"valueRequired\":true,\"valueName\":\"search_term_string\"}}],\"inLanguage\":\"en-US\"},{\"@type\":\"Organization\",\"@id\":\"https:\\\/\\\/musuqilla.info\\\/en\\\/#organization\",\"name\":\"Musuq Illa\",\"url\":\"https:\\\/\\\/musuqilla.info\\\/en\\\/\",\"logo\":{\"@type\":\"ImageObject\",\"inLanguage\":\"en-US\",\"@id\":\"https:\\\/\\\/musuqilla.info\\\/en\\\/#\\\/schema\\\/logo\\\/image\\\/\",\"url\":\"https:\\\/\\\/i0.wp.com\\\/musuqilla.info\\\/wp-content\\\/uploads\\\/2020\\\/11\\\/musuq_illa_masthead_logo_txt_E_2x_smaller.png?fit=348%2C264&ssl=1\",\"contentUrl\":\"https:\\\/\\\/i0.wp.com\\\/musuqilla.info\\\/wp-content\\\/uploads\\\/2020\\\/11\\\/musuq_illa_masthead_logo_txt_E_2x_smaller.png?fit=348%2C264&ssl=1\",\"width\":348,\"height\":264,\"caption\":\"Musuq Illa\"},\"image\":{\"@id\":\"https:\\\/\\\/musuqilla.info\\\/en\\\/#\\\/schema\\\/logo\\\/image\\\/\"},\"sameAs\":[\"https:\\\/\\\/x.com\\\/MusuqIlla\"]}]}<\/script>\n<!-- \/ Yoast SEO plugin. -->","yoast_head_json":{"title":"Chinli harawikuna - Musuq Illa","robots":{"index":"index","follow":"follow","max-snippet":"max-snippet:-1","max-image-preview":"max-image-preview:large","max-video-preview":"max-video-preview:-1"},"canonical":"https:\/\/musuqilla.info\/en\/harawikuna-qulqakuna\/chinli-harawikuna\/","og_locale":"en_US","og_type":"article","og_title":"Chinli harawikuna - Musuq Illa","og_description":"Aqsumama (00:05) Supaypa qispichisqan Llumchuy Waqachiq waynaytam qichuwanki. Pantapakuy (00:17) Millay qatqi rurucha \u201cYarqallaptinqa mikuwanqam\u201d ninkichu? Chinka Chinka (00:28) Killinsa\u00f1am sunquypas Suyaymanqraqchu Qamya api sipaschata? Llama Nakay (00:40) Yawriwan\u2026 yawrichawan Qasquchallaypi Ama kuchilluwanqa Machay-Machay (00:53) Chay kuyakuyniykiqa Paqpa aqam kasqa Tuta punchaw machachikuq 1Pintar el instante, la naturaleza de las emociones, la belleza en vuelo como hace el hayku, es posible desde el quechua. El humor, la s\u00e1tira, el erotismo, y toda la sensualidad posible, expresados con brevedad generan una sensaci\u00f3n extra\u00f1a, llaman la atenci\u00f3n, deleitan, fascinan, ruborizan. La econom\u00eda de palabra y la capacidad abarcadora de las ideas que se expresan son fundamentales. \u201cChinli\u201d significa breve, fr\u00e1gil, peque\u00f1o, instant\u00e1neo, acaso una alusi\u00f3n a la poes\u00eda fugaz que teje un picaflor o una mariposa en vuelo que juega y se enreda con su yana.","og_url":"https:\/\/musuqilla.info\/en\/harawikuna-qulqakuna\/chinli-harawikuna\/","og_site_name":"Musuq Illa","og_image":[{"width":855,"height":1280,"url":"https:\/\/musuqilla.info\/wp-content\/uploads\/2021\/03\/landeo-munoz_aqsumama_13a.jpg","type":"image\/jpeg"}],"twitter_card":"summary_large_image","twitter_site":"@MusuqIlla","schema":{"@context":"https:\/\/schema.org","@graph":[{"@type":"WebPage","@id":"https:\/\/musuqilla.info\/en\/harawikuna-qulqakuna\/chinli-harawikuna\/","url":"https:\/\/musuqilla.info\/en\/harawikuna-qulqakuna\/chinli-harawikuna\/","name":"Chinli harawikuna - Musuq Illa","isPartOf":{"@id":"https:\/\/musuqilla.info\/en\/#website"},"primaryImageOfPage":{"@id":"https:\/\/musuqilla.info\/en\/harawikuna-qulqakuna\/chinli-harawikuna\/#primaryimage"},"image":{"@id":"https:\/\/musuqilla.info\/en\/harawikuna-qulqakuna\/chinli-harawikuna\/#primaryimage"},"thumbnailUrl":"https:\/\/musuqilla.info\/wp-content\/uploads\/2021\/03\/landeo-munoz_aqsumama_13a.jpg","datePublished":"2021-05-28T21:59:21+00:00","breadcrumb":{"@id":"https:\/\/musuqilla.info\/en\/harawikuna-qulqakuna\/chinli-harawikuna\/#breadcrumb"},"inLanguage":"en-US","potentialAction":[{"@type":"ReadAction","target":["https:\/\/musuqilla.info\/en\/harawikuna-qulqakuna\/chinli-harawikuna\/"]}]},{"@type":"ImageObject","inLanguage":"en-US","@id":"https:\/\/musuqilla.info\/en\/harawikuna-qulqakuna\/chinli-harawikuna\/#primaryimage","url":"https:\/\/musuqilla.info\/wp-content\/uploads\/2021\/03\/landeo-munoz_aqsumama_13a.jpg","contentUrl":"https:\/\/musuqilla.info\/wp-content\/uploads\/2021\/03\/landeo-munoz_aqsumama_13a.jpg","width":855,"height":1280},{"@type":"BreadcrumbList","@id":"https:\/\/musuqilla.info\/en\/harawikuna-qulqakuna\/chinli-harawikuna\/#breadcrumb","itemListElement":[{"@type":"ListItem","position":1,"name":"Home","item":"https:\/\/musuqilla.info\/en\/"},{"@type":"ListItem","position":2,"name":"Bookshelf","item":"https:\/\/musuqilla.info\/en\/bookshelf\/"},{"@type":"ListItem","position":3,"name":"Chinli harawikuna"}]},{"@type":"WebSite","@id":"https:\/\/musuqilla.info\/en\/#website","url":"https:\/\/musuqilla.info\/en\/","name":"Musuq Illa","description":"Harawikuna runasimipi","publisher":{"@id":"https:\/\/musuqilla.info\/en\/#organization"},"potentialAction":[{"@type":"SearchAction","target":{"@type":"EntryPoint","urlTemplate":"https:\/\/musuqilla.info\/en\/?s={search_term_string}"},"query-input":{"@type":"PropertyValueSpecification","valueRequired":true,"valueName":"search_term_string"}}],"inLanguage":"en-US"},{"@type":"Organization","@id":"https:\/\/musuqilla.info\/en\/#organization","name":"Musuq Illa","url":"https:\/\/musuqilla.info\/en\/","logo":{"@type":"ImageObject","inLanguage":"en-US","@id":"https:\/\/musuqilla.info\/en\/#\/schema\/logo\/image\/","url":"https:\/\/i0.wp.com\/musuqilla.info\/wp-content\/uploads\/2020\/11\/musuq_illa_masthead_logo_txt_E_2x_smaller.png?fit=348%2C264&ssl=1","contentUrl":"https:\/\/i0.wp.com\/musuqilla.info\/wp-content\/uploads\/2020\/11\/musuq_illa_masthead_logo_txt_E_2x_smaller.png?fit=348%2C264&ssl=1","width":348,"height":264,"caption":"Musuq Illa"},"image":{"@id":"https:\/\/musuqilla.info\/en\/#\/schema\/logo\/image\/"},"sameAs":["https:\/\/x.com\/MusuqIlla"]}]}},"_links":{"self":[{"href":"https:\/\/musuqilla.info\/en\/wp-json\/wp\/v2\/product\/6456","targetHints":{"allow":["GET"]}}],"collection":[{"href":"https:\/\/musuqilla.info\/en\/wp-json\/wp\/v2\/product"}],"about":[{"href":"https:\/\/musuqilla.info\/en\/wp-json\/wp\/v2\/types\/product"}],"wp:featuredmedia":[{"embeddable":true,"href":"https:\/\/musuqilla.info\/en\/wp-json\/wp\/v2\/media\/4808"}],"wp:attachment":[{"href":"https:\/\/musuqilla.info\/en\/wp-json\/wp\/v2\/media?parent=6456"}],"wp:term":[{"taxonomy":"product_brand","embeddable":true,"href":"https:\/\/musuqilla.info\/en\/wp-json\/wp\/v2\/product_brand?post=6456"},{"taxonomy":"product_cat","embeddable":true,"href":"https:\/\/musuqilla.info\/en\/wp-json\/wp\/v2\/product_cat?post=6456"},{"taxonomy":"product_tag","embeddable":true,"href":"https:\/\/musuqilla.info\/en\/wp-json\/wp\/v2\/product_tag?post=6456"},{"taxonomy":"press","embeddable":true,"href":"https:\/\/musuqilla.info\/en\/wp-json\/wp\/v2\/press?post=6456"}],"curies":[{"name":"wp","href":"https:\/\/api.w.org\/{rel}","templated":true}]}}