{"id":6393,"date":"2021-05-20T18:32:13","date_gmt":"2021-05-20T23:32:13","guid":{"rendered":"https:\/\/musuqilla.info\/harawikuna-qulqakuna\/kaykunapi\/"},"modified":"2021-05-21T13:21:05","modified_gmt":"2021-05-21T18:21:05","slug":"kaykunapi","status":"publish","type":"product","link":"https:\/\/musuqilla.info\/en\/harawikuna-qulqakuna\/kaykunapi\/","title":{"rendered":"Kaykunapi"},"content":{"rendered":"","protected":false},"excerpt":{"rendered":"<p>Kaykunapi \u00f1uqam purichkani tukuy law takimuspa allinta rimachkani<br \/>\nWasiymanta lluqsimuspa \u00f1uqam pasarqani<br \/>\nKaymi punchaw qamkunapaq llaqtamasiykuna apamuchkayki<br \/>\nHip-hop kay killapi<br \/>\nTuta hatarimuspa altuman qhawaspa, umayta muyuspa<br \/>\nHaku hermanoykuna qamkuna hatarimuychik<br \/>\nHaku hermanoykuna qamkuna hatarimuychik<br \/>\nPues hoy despert\u00e9 con las ganas de querer conocer<br \/>\nviajar, de sentirme bien my friend<br \/>\ny fluyendo con el viento cantar<br \/>\nde toda la cultura que queda en mi retina<br \/>\ncada vez que paso por aquella esquina<br \/>\nde nombre que qued\u00f3 marcado en la historia de nuestra naci\u00f3n<br \/>\nsomos el canto que nunca se perdi\u00f3<br \/>\ntan fuerte como un tenor que se escucha mi voz<br \/>\nen cada rinc\u00f3n<br \/>\nKaykunapi \u00f1uqam purichkani tukuy law takimuspa allinta rimanchkani<br \/>\nWasiymanta lluqsimuspa \u00f1uqam pasarqani<br \/>\nKaymi punchaw qamkunapaq llaqtamasiykuna apamuchkayki<br \/>\nHip-hop kay killapi tuta hatarimuspa altuman qhawaspa, umayta muyuspa<br \/>\nHaku hermanoykuna qamkuna hatarimuychik<br \/>\nHaku hermanoykuna qamkuna hatarimuychik<br \/>\nTranquilo vivo en mi tierra de paisajes y colores<br \/>\nde costumbres y regiones que<br \/>\nal pasar del tiempo form\u00f3 parte de mi vida<br \/>\nmientras sigo relajado con una sonrisa<br \/>\nDonde el caminar por avenidas de nuestra serran\u00eda<br \/>\nExpresi\u00f3n y m\u00fasica para la poes\u00eda<br \/>\nde este viajero bohemio que solo danza<br \/>\ncon la cultura andina que siente mi alma,<br \/>\nS\u00ed, con la cultura andina que siente mi alma<br \/>\nS\u00ed, con la cultura andina que siente mi alma, que<br \/>\nKaykunapi \u00f1uqam purichkani tukuy law takimuspa allinta rimachkani<br \/>\nWasiymanta lluqsimuspa \u00f1uqam pasarqani<br \/>\nKaymi punchaw qamkunapaq llaqtamasiykuna, apamuchkayki<br \/>\nHip-hop kay killapi tuta hatarimuspa<br \/>\nAltuman qhawaspa, umayta muyuspa<br \/>\nHaku hermanoykuna qamkuna hatarimuychik<br \/>\nHaku hermanoykuna qamkuna hatarimuychik,<br \/>\nSi yo digo m\u00fasica t\u00fa me respondes \u201cVida\u201d<br \/>\nM\u00fasica<br \/>\nVida<br \/>\nM\u00fasica<br \/>\nVida<br \/>\nSi yo digo m\u00fasica t\u00fa me respondes \u201cVida\u201d<br \/>\nM\u00fasica<br \/>\nVida<br \/>\nM\u00fasica<br \/>\nVida<br \/>\nSi yo digo rap t\u00fa me dices \u201cPoes\u00eda\u201d<br \/>\nRap<br \/>\nPoes\u00eda<br \/>\nRap<br \/>\nPoes\u00eda<br \/>\nKaykunapi<br \/>\nQamkunapaq waykaypanaykuna<\/p>\n","protected":false},"featured_media":4838,"template":"","meta":{"_monsterinsights_skip_tracking":false,"_monsterinsights_sitenote_active":false,"_monsterinsights_sitenote_note":"","_monsterinsights_sitenote_category":0},"product_brand":[],"product_cat":[277,271,426],"product_tag":[],"press":[],"class_list":{"0":"post-6393","1":"product","2":"type-product","3":"status-publish","4":"has-post-thumbnail","6":"product_author-liberato-kani-en","7":"product_cat-coda","8":"product_cat-musuq-illa-book","9":"product_cat-songs","10":"pa_country-peru","11":"pa_period-twenty-first-century","12":"pa_region-city-apurimac","13":"pa_region-city-lima","15":"first","16":"instock","17":"shipping-taxable","18":"product-type-external"},"yoast_head":"<!-- This site is optimized with the Yoast SEO plugin v27.4 - https:\/\/yoast.com\/product\/yoast-seo-wordpress\/ -->\n<title>Kaykunapi - Musuq Illa<\/title>\n<meta name=\"robots\" content=\"index, follow, max-snippet:-1, max-image-preview:large, max-video-preview:-1\" \/>\n<link rel=\"canonical\" href=\"https:\/\/musuqilla.info\/en\/harawikuna-qulqakuna\/kaykunapi\/\" \/>\n<meta property=\"og:locale\" content=\"en_US\" \/>\n<meta property=\"og:type\" content=\"article\" \/>\n<meta property=\"og:title\" content=\"Kaykunapi - Musuq Illa\" \/>\n<meta property=\"og:description\" content=\"Kaykunapi \u00f1uqam purichkani tukuy law takimuspa allinta rimachkani Wasiymanta lluqsimuspa \u00f1uqam pasarqani Kaymi punchaw qamkunapaq llaqtamasiykuna apamuchkayki Hip-hop kay killapi Tuta hatarimuspa altuman qhawaspa, umayta muyuspa Haku hermanoykuna qamkuna hatarimuychik Haku hermanoykuna qamkuna hatarimuychik Pues hoy despert\u00e9 con las ganas de querer conocer viajar, de sentirme bien my friend y fluyendo con el viento cantar de toda la cultura que queda en mi retina cada vez que paso por aquella esquina de nombre que qued\u00f3 marcado en la historia de nuestra naci\u00f3n somos el canto que nunca se perdi\u00f3 tan fuerte como un tenor que se escucha mi voz en cada rinc\u00f3n Kaykunapi \u00f1uqam purichkani tukuy law takimuspa allinta rimanchkani Wasiymanta lluqsimuspa \u00f1uqam pasarqani Kaymi punchaw qamkunapaq llaqtamasiykuna apamuchkayki Hip-hop kay killapi tuta hatarimuspa altuman qhawaspa, umayta muyuspa Haku hermanoykuna qamkuna hatarimuychik Haku hermanoykuna qamkuna hatarimuychik Tranquilo vivo en mi tierra de paisajes y colores de costumbres y regiones que al pasar del tiempo form\u00f3 parte de mi vida mientras sigo relajado con una sonrisa Donde el caminar por avenidas de nuestra serran\u00eda Expresi\u00f3n y m\u00fasica para la poes\u00eda de este viajero bohemio que solo danza con la cultura andina que siente mi alma, S\u00ed, con la cultura andina que siente mi alma S\u00ed, con la cultura andina que siente mi alma, que Kaykunapi \u00f1uqam purichkani tukuy law takimuspa allinta rimachkani Wasiymanta lluqsimuspa \u00f1uqam pasarqani Kaymi punchaw qamkunapaq llaqtamasiykuna, apamuchkayki Hip-hop kay killapi tuta hatarimuspa Altuman qhawaspa, umayta muyuspa Haku hermanoykuna qamkuna hatarimuychik Haku hermanoykuna qamkuna hatarimuychik,  Si yo digo m\u00fasica t\u00fa me respondes \u201cVida\u201d M\u00fasica Vida M\u00fasica Vida Si yo digo m\u00fasica t\u00fa me respondes \u201cVida\u201d M\u00fasica Vida M\u00fasica Vida Si yo digo rap t\u00fa me dices \u201cPoes\u00eda\u201d Rap Poes\u00eda Rap Poes\u00eda Kaykunapi Qamkunapaq waykaypanaykuna\" \/>\n<meta property=\"og:url\" content=\"https:\/\/musuqilla.info\/en\/harawikuna-qulqakuna\/kaykunapi\/\" \/>\n<meta property=\"og:site_name\" content=\"Musuq Illa\" \/>\n<meta property=\"article:modified_time\" content=\"2021-05-21T18:21:05+00:00\" \/>\n<meta property=\"og:image\" content=\"https:\/\/musuqilla.info\/wp-content\/uploads\/2021\/03\/liberato-kani_harawi-boom-bap_14e.jpg\" \/>\n\t<meta property=\"og:image:width\" content=\"855\" \/>\n\t<meta property=\"og:image:height\" content=\"1280\" \/>\n\t<meta property=\"og:image:type\" content=\"image\/jpeg\" \/>\n<meta name=\"twitter:card\" content=\"summary_large_image\" \/>\n<meta name=\"twitter:site\" content=\"@MusuqIlla\" \/>\n<script type=\"application\/ld+json\" class=\"yoast-schema-graph\">{\"@context\":\"https:\\\/\\\/schema.org\",\"@graph\":[{\"@type\":\"WebPage\",\"@id\":\"https:\\\/\\\/musuqilla.info\\\/en\\\/harawikuna-qulqakuna\\\/kaykunapi\\\/\",\"url\":\"https:\\\/\\\/musuqilla.info\\\/en\\\/harawikuna-qulqakuna\\\/kaykunapi\\\/\",\"name\":\"Kaykunapi - Musuq Illa\",\"isPartOf\":{\"@id\":\"https:\\\/\\\/musuqilla.info\\\/en\\\/#website\"},\"primaryImageOfPage\":{\"@id\":\"https:\\\/\\\/musuqilla.info\\\/en\\\/harawikuna-qulqakuna\\\/kaykunapi\\\/#primaryimage\"},\"image\":{\"@id\":\"https:\\\/\\\/musuqilla.info\\\/en\\\/harawikuna-qulqakuna\\\/kaykunapi\\\/#primaryimage\"},\"thumbnailUrl\":\"https:\\\/\\\/musuqilla.info\\\/wp-content\\\/uploads\\\/2021\\\/03\\\/liberato-kani_harawi-boom-bap_14e.jpg\",\"datePublished\":\"2021-05-20T23:32:13+00:00\",\"dateModified\":\"2021-05-21T18:21:05+00:00\",\"breadcrumb\":{\"@id\":\"https:\\\/\\\/musuqilla.info\\\/en\\\/harawikuna-qulqakuna\\\/kaykunapi\\\/#breadcrumb\"},\"inLanguage\":\"en-US\",\"potentialAction\":[{\"@type\":\"ReadAction\",\"target\":[\"https:\\\/\\\/musuqilla.info\\\/en\\\/harawikuna-qulqakuna\\\/kaykunapi\\\/\"]}]},{\"@type\":\"ImageObject\",\"inLanguage\":\"en-US\",\"@id\":\"https:\\\/\\\/musuqilla.info\\\/en\\\/harawikuna-qulqakuna\\\/kaykunapi\\\/#primaryimage\",\"url\":\"https:\\\/\\\/musuqilla.info\\\/wp-content\\\/uploads\\\/2021\\\/03\\\/liberato-kani_harawi-boom-bap_14e.jpg\",\"contentUrl\":\"https:\\\/\\\/musuqilla.info\\\/wp-content\\\/uploads\\\/2021\\\/03\\\/liberato-kani_harawi-boom-bap_14e.jpg\",\"width\":855,\"height\":1280},{\"@type\":\"BreadcrumbList\",\"@id\":\"https:\\\/\\\/musuqilla.info\\\/en\\\/harawikuna-qulqakuna\\\/kaykunapi\\\/#breadcrumb\",\"itemListElement\":[{\"@type\":\"ListItem\",\"position\":1,\"name\":\"Home\",\"item\":\"https:\\\/\\\/musuqilla.info\\\/en\\\/\"},{\"@type\":\"ListItem\",\"position\":2,\"name\":\"Bookshelf\",\"item\":\"https:\\\/\\\/musuqilla.info\\\/en\\\/bookshelf\\\/\"},{\"@type\":\"ListItem\",\"position\":3,\"name\":\"Kaykunapi\"}]},{\"@type\":\"WebSite\",\"@id\":\"https:\\\/\\\/musuqilla.info\\\/en\\\/#website\",\"url\":\"https:\\\/\\\/musuqilla.info\\\/en\\\/\",\"name\":\"Musuq Illa\",\"description\":\"Harawikuna runasimipi\",\"publisher\":{\"@id\":\"https:\\\/\\\/musuqilla.info\\\/en\\\/#organization\"},\"potentialAction\":[{\"@type\":\"SearchAction\",\"target\":{\"@type\":\"EntryPoint\",\"urlTemplate\":\"https:\\\/\\\/musuqilla.info\\\/en\\\/?s={search_term_string}\"},\"query-input\":{\"@type\":\"PropertyValueSpecification\",\"valueRequired\":true,\"valueName\":\"search_term_string\"}}],\"inLanguage\":\"en-US\"},{\"@type\":\"Organization\",\"@id\":\"https:\\\/\\\/musuqilla.info\\\/en\\\/#organization\",\"name\":\"Musuq Illa\",\"url\":\"https:\\\/\\\/musuqilla.info\\\/en\\\/\",\"logo\":{\"@type\":\"ImageObject\",\"inLanguage\":\"en-US\",\"@id\":\"https:\\\/\\\/musuqilla.info\\\/en\\\/#\\\/schema\\\/logo\\\/image\\\/\",\"url\":\"https:\\\/\\\/i0.wp.com\\\/musuqilla.info\\\/wp-content\\\/uploads\\\/2020\\\/11\\\/musuq_illa_masthead_logo_txt_E_2x_smaller.png?fit=348%2C264&ssl=1\",\"contentUrl\":\"https:\\\/\\\/i0.wp.com\\\/musuqilla.info\\\/wp-content\\\/uploads\\\/2020\\\/11\\\/musuq_illa_masthead_logo_txt_E_2x_smaller.png?fit=348%2C264&ssl=1\",\"width\":348,\"height\":264,\"caption\":\"Musuq Illa\"},\"image\":{\"@id\":\"https:\\\/\\\/musuqilla.info\\\/en\\\/#\\\/schema\\\/logo\\\/image\\\/\"},\"sameAs\":[\"https:\\\/\\\/x.com\\\/MusuqIlla\"]}]}<\/script>\n<!-- \/ Yoast SEO plugin. -->","yoast_head_json":{"title":"Kaykunapi - Musuq Illa","robots":{"index":"index","follow":"follow","max-snippet":"max-snippet:-1","max-image-preview":"max-image-preview:large","max-video-preview":"max-video-preview:-1"},"canonical":"https:\/\/musuqilla.info\/en\/harawikuna-qulqakuna\/kaykunapi\/","og_locale":"en_US","og_type":"article","og_title":"Kaykunapi - Musuq Illa","og_description":"Kaykunapi \u00f1uqam purichkani tukuy law takimuspa allinta rimachkani Wasiymanta lluqsimuspa \u00f1uqam pasarqani Kaymi punchaw qamkunapaq llaqtamasiykuna apamuchkayki Hip-hop kay killapi Tuta hatarimuspa altuman qhawaspa, umayta muyuspa Haku hermanoykuna qamkuna hatarimuychik Haku hermanoykuna qamkuna hatarimuychik Pues hoy despert\u00e9 con las ganas de querer conocer viajar, de sentirme bien my friend y fluyendo con el viento cantar de toda la cultura que queda en mi retina cada vez que paso por aquella esquina de nombre que qued\u00f3 marcado en la historia de nuestra naci\u00f3n somos el canto que nunca se perdi\u00f3 tan fuerte como un tenor que se escucha mi voz en cada rinc\u00f3n Kaykunapi \u00f1uqam purichkani tukuy law takimuspa allinta rimanchkani Wasiymanta lluqsimuspa \u00f1uqam pasarqani Kaymi punchaw qamkunapaq llaqtamasiykuna apamuchkayki Hip-hop kay killapi tuta hatarimuspa altuman qhawaspa, umayta muyuspa Haku hermanoykuna qamkuna hatarimuychik Haku hermanoykuna qamkuna hatarimuychik Tranquilo vivo en mi tierra de paisajes y colores de costumbres y regiones que al pasar del tiempo form\u00f3 parte de mi vida mientras sigo relajado con una sonrisa Donde el caminar por avenidas de nuestra serran\u00eda Expresi\u00f3n y m\u00fasica para la poes\u00eda de este viajero bohemio que solo danza con la cultura andina que siente mi alma, S\u00ed, con la cultura andina que siente mi alma S\u00ed, con la cultura andina que siente mi alma, que Kaykunapi \u00f1uqam purichkani tukuy law takimuspa allinta rimachkani Wasiymanta lluqsimuspa \u00f1uqam pasarqani Kaymi punchaw qamkunapaq llaqtamasiykuna, apamuchkayki Hip-hop kay killapi tuta hatarimuspa Altuman qhawaspa, umayta muyuspa Haku hermanoykuna qamkuna hatarimuychik Haku hermanoykuna qamkuna hatarimuychik,  Si yo digo m\u00fasica t\u00fa me respondes \u201cVida\u201d M\u00fasica Vida M\u00fasica Vida Si yo digo m\u00fasica t\u00fa me respondes \u201cVida\u201d M\u00fasica Vida M\u00fasica Vida Si yo digo rap t\u00fa me dices \u201cPoes\u00eda\u201d Rap Poes\u00eda Rap Poes\u00eda Kaykunapi Qamkunapaq waykaypanaykuna","og_url":"https:\/\/musuqilla.info\/en\/harawikuna-qulqakuna\/kaykunapi\/","og_site_name":"Musuq Illa","article_modified_time":"2021-05-21T18:21:05+00:00","og_image":[{"width":855,"height":1280,"url":"https:\/\/musuqilla.info\/wp-content\/uploads\/2021\/03\/liberato-kani_harawi-boom-bap_14e.jpg","type":"image\/jpeg"}],"twitter_card":"summary_large_image","twitter_site":"@MusuqIlla","schema":{"@context":"https:\/\/schema.org","@graph":[{"@type":"WebPage","@id":"https:\/\/musuqilla.info\/en\/harawikuna-qulqakuna\/kaykunapi\/","url":"https:\/\/musuqilla.info\/en\/harawikuna-qulqakuna\/kaykunapi\/","name":"Kaykunapi - Musuq Illa","isPartOf":{"@id":"https:\/\/musuqilla.info\/en\/#website"},"primaryImageOfPage":{"@id":"https:\/\/musuqilla.info\/en\/harawikuna-qulqakuna\/kaykunapi\/#primaryimage"},"image":{"@id":"https:\/\/musuqilla.info\/en\/harawikuna-qulqakuna\/kaykunapi\/#primaryimage"},"thumbnailUrl":"https:\/\/musuqilla.info\/wp-content\/uploads\/2021\/03\/liberato-kani_harawi-boom-bap_14e.jpg","datePublished":"2021-05-20T23:32:13+00:00","dateModified":"2021-05-21T18:21:05+00:00","breadcrumb":{"@id":"https:\/\/musuqilla.info\/en\/harawikuna-qulqakuna\/kaykunapi\/#breadcrumb"},"inLanguage":"en-US","potentialAction":[{"@type":"ReadAction","target":["https:\/\/musuqilla.info\/en\/harawikuna-qulqakuna\/kaykunapi\/"]}]},{"@type":"ImageObject","inLanguage":"en-US","@id":"https:\/\/musuqilla.info\/en\/harawikuna-qulqakuna\/kaykunapi\/#primaryimage","url":"https:\/\/musuqilla.info\/wp-content\/uploads\/2021\/03\/liberato-kani_harawi-boom-bap_14e.jpg","contentUrl":"https:\/\/musuqilla.info\/wp-content\/uploads\/2021\/03\/liberato-kani_harawi-boom-bap_14e.jpg","width":855,"height":1280},{"@type":"BreadcrumbList","@id":"https:\/\/musuqilla.info\/en\/harawikuna-qulqakuna\/kaykunapi\/#breadcrumb","itemListElement":[{"@type":"ListItem","position":1,"name":"Home","item":"https:\/\/musuqilla.info\/en\/"},{"@type":"ListItem","position":2,"name":"Bookshelf","item":"https:\/\/musuqilla.info\/en\/bookshelf\/"},{"@type":"ListItem","position":3,"name":"Kaykunapi"}]},{"@type":"WebSite","@id":"https:\/\/musuqilla.info\/en\/#website","url":"https:\/\/musuqilla.info\/en\/","name":"Musuq Illa","description":"Harawikuna runasimipi","publisher":{"@id":"https:\/\/musuqilla.info\/en\/#organization"},"potentialAction":[{"@type":"SearchAction","target":{"@type":"EntryPoint","urlTemplate":"https:\/\/musuqilla.info\/en\/?s={search_term_string}"},"query-input":{"@type":"PropertyValueSpecification","valueRequired":true,"valueName":"search_term_string"}}],"inLanguage":"en-US"},{"@type":"Organization","@id":"https:\/\/musuqilla.info\/en\/#organization","name":"Musuq Illa","url":"https:\/\/musuqilla.info\/en\/","logo":{"@type":"ImageObject","inLanguage":"en-US","@id":"https:\/\/musuqilla.info\/en\/#\/schema\/logo\/image\/","url":"https:\/\/i0.wp.com\/musuqilla.info\/wp-content\/uploads\/2020\/11\/musuq_illa_masthead_logo_txt_E_2x_smaller.png?fit=348%2C264&ssl=1","contentUrl":"https:\/\/i0.wp.com\/musuqilla.info\/wp-content\/uploads\/2020\/11\/musuq_illa_masthead_logo_txt_E_2x_smaller.png?fit=348%2C264&ssl=1","width":348,"height":264,"caption":"Musuq Illa"},"image":{"@id":"https:\/\/musuqilla.info\/en\/#\/schema\/logo\/image\/"},"sameAs":["https:\/\/x.com\/MusuqIlla"]}]}},"_links":{"self":[{"href":"https:\/\/musuqilla.info\/en\/wp-json\/wp\/v2\/product\/6393","targetHints":{"allow":["GET"]}}],"collection":[{"href":"https:\/\/musuqilla.info\/en\/wp-json\/wp\/v2\/product"}],"about":[{"href":"https:\/\/musuqilla.info\/en\/wp-json\/wp\/v2\/types\/product"}],"wp:featuredmedia":[{"embeddable":true,"href":"https:\/\/musuqilla.info\/en\/wp-json\/wp\/v2\/media\/4838"}],"wp:attachment":[{"href":"https:\/\/musuqilla.info\/en\/wp-json\/wp\/v2\/media?parent=6393"}],"wp:term":[{"taxonomy":"product_brand","embeddable":true,"href":"https:\/\/musuqilla.info\/en\/wp-json\/wp\/v2\/product_brand?post=6393"},{"taxonomy":"product_cat","embeddable":true,"href":"https:\/\/musuqilla.info\/en\/wp-json\/wp\/v2\/product_cat?post=6393"},{"taxonomy":"product_tag","embeddable":true,"href":"https:\/\/musuqilla.info\/en\/wp-json\/wp\/v2\/product_tag?post=6393"},{"taxonomy":"press","embeddable":true,"href":"https:\/\/musuqilla.info\/en\/wp-json\/wp\/v2\/press?post=6393"}],"curies":[{"name":"wp","href":"https:\/\/api.w.org\/{rel}","templated":true}]}}