{"id":3520,"date":"2020-11-18T19:53:04","date_gmt":"2020-11-19T00:53:04","guid":{"rendered":"https:\/\/musuqilla.info\/product\/52\/"},"modified":"2021-01-26T16:35:19","modified_gmt":"2021-01-26T21:35:19","slug":"52","status":"publish","type":"product","link":"https:\/\/musuqilla.info\/en\/harawikuna-qulqakuna\/52\/","title":{"rendered":"52"},"content":{"rendered":"","protected":false},"excerpt":{"rendered":"<p>tamya pakarimuni sumaklla<br \/>\npankalla<br \/>\nmana pipa makipi wataytukushka kuyaylla chumpikunawanlla<br \/>\npillurishka<br \/>\n\u00f1uka samaypash tamya yaku urmakshinami wakakun<br \/>\n\u00f1uka aychapash<br \/>\n\u00f1awpa urkukunashina pukumukun \u00f1awpa mamakunapa ushay<br \/>\nkatimushka<\/p>\n<p>chinkarishka ayllukunapa puma aya<br \/>\ntarimushka \u00f1uka hatun mamami<br \/>\nchayamushka<br \/>\ntamya yakushina<br \/>\nmishki shimikunata apamushpa kunkarishka takikunata<br \/>\nuyachishpa paymi paypakaman shamushka may ninan<br \/>\nwarmi kashka<\/p>\n","protected":false},"featured_media":4771,"template":"","meta":{"_monsterinsights_skip_tracking":false,"_monsterinsights_sitenote_active":false,"_monsterinsights_sitenote_note":"","_monsterinsights_sitenote_category":0},"product_brand":[],"product_cat":[278,103],"product_tag":[],"press":[],"class_list":{"0":"post-3520","1":"product","2":"type-product","3":"status-publish","4":"has-post-thumbnail","6":"product_author-yana-lucila-lema-otavalo-en","7":"product_cat-other-poems","8":"product_cat-poems","9":"pa_country-ecuador","10":"pa_form-free-verse","11":"pa_period-twenty-first-century","12":"pa_region-city-otavalo","13":"pa_theme-andean-philosophy","14":"pa_theme-domestic-space","15":"pa_theme-female-empowerment","16":"pa_theme-indigenous-identity","17":"pa_theme-spirituality","19":"first","20":"instock","21":"shipping-taxable","22":"product-type-external"},"yoast_head":"<!-- This site is optimized with the Yoast SEO plugin v27.6 - https:\/\/yoast.com\/product\/yoast-seo-wordpress\/ -->\n<title>52 - Musuq Illa<\/title>\n<meta name=\"robots\" content=\"index, follow, max-snippet:-1, max-image-preview:large, max-video-preview:-1\" \/>\n<link rel=\"canonical\" href=\"https:\/\/musuqilla.info\/en\/harawikuna-qulqakuna\/52\/\" \/>\n<meta property=\"og:locale\" content=\"en_US\" \/>\n<meta property=\"og:type\" content=\"article\" \/>\n<meta property=\"og:title\" content=\"52 - Musuq Illa\" \/>\n<meta property=\"og:description\" content=\"tamya pakarimuni sumaklla pankalla mana pipa makipi wataytukushka kuyaylla chumpikunawanlla  pillurishka \u00f1uka samaypash tamya yaku urmakshinami wakakun \u00f1uka aychapash \u00f1awpa urkukunashina pukumukun \u00f1awpa mamakunapa ushay  katimushka  chinkarishka ayllukunapa puma aya  tarimushka \u00f1uka hatun mamami chayamushka tamya yakushina mishki shimikunata apamushpa kunkarishka takikunata  uyachishpa paymi paypakaman shamushka may ninan  warmi kashka\" \/>\n<meta property=\"og:url\" content=\"https:\/\/musuqilla.info\/en\/harawikuna-qulqakuna\/52\/\" \/>\n<meta property=\"og:site_name\" content=\"Musuq Illa\" \/>\n<meta property=\"article:modified_time\" content=\"2021-01-26T21:35:19+00:00\" \/>\n<meta property=\"og:image\" content=\"https:\/\/musuqilla.info\/wp-content\/uploads\/2021\/03\/lema-otavalo_52_09e.jpg\" \/>\n\t<meta property=\"og:image:width\" content=\"855\" \/>\n\t<meta property=\"og:image:height\" content=\"1280\" \/>\n\t<meta property=\"og:image:type\" content=\"image\/jpeg\" \/>\n<meta name=\"twitter:card\" content=\"summary_large_image\" \/>\n<meta name=\"twitter:site\" content=\"@MusuqIlla\" \/>\n<script type=\"application\/ld+json\" class=\"yoast-schema-graph\">{\"@context\":\"https:\\\/\\\/schema.org\",\"@graph\":[{\"@type\":\"WebPage\",\"@id\":\"https:\\\/\\\/musuqilla.info\\\/en\\\/harawikuna-qulqakuna\\\/52\\\/\",\"url\":\"https:\\\/\\\/musuqilla.info\\\/en\\\/harawikuna-qulqakuna\\\/52\\\/\",\"name\":\"52 - Musuq Illa\",\"isPartOf\":{\"@id\":\"https:\\\/\\\/musuqilla.info\\\/en\\\/#website\"},\"primaryImageOfPage\":{\"@id\":\"https:\\\/\\\/musuqilla.info\\\/en\\\/harawikuna-qulqakuna\\\/52\\\/#primaryimage\"},\"image\":{\"@id\":\"https:\\\/\\\/musuqilla.info\\\/en\\\/harawikuna-qulqakuna\\\/52\\\/#primaryimage\"},\"thumbnailUrl\":\"https:\\\/\\\/musuqilla.info\\\/wp-content\\\/uploads\\\/2021\\\/03\\\/lema-otavalo_52_09e.jpg\",\"datePublished\":\"2020-11-19T00:53:04+00:00\",\"dateModified\":\"2021-01-26T21:35:19+00:00\",\"breadcrumb\":{\"@id\":\"https:\\\/\\\/musuqilla.info\\\/en\\\/harawikuna-qulqakuna\\\/52\\\/#breadcrumb\"},\"inLanguage\":\"en-US\",\"potentialAction\":[{\"@type\":\"ReadAction\",\"target\":[\"https:\\\/\\\/musuqilla.info\\\/en\\\/harawikuna-qulqakuna\\\/52\\\/\"]}]},{\"@type\":\"ImageObject\",\"inLanguage\":\"en-US\",\"@id\":\"https:\\\/\\\/musuqilla.info\\\/en\\\/harawikuna-qulqakuna\\\/52\\\/#primaryimage\",\"url\":\"https:\\\/\\\/musuqilla.info\\\/wp-content\\\/uploads\\\/2021\\\/03\\\/lema-otavalo_52_09e.jpg\",\"contentUrl\":\"https:\\\/\\\/musuqilla.info\\\/wp-content\\\/uploads\\\/2021\\\/03\\\/lema-otavalo_52_09e.jpg\",\"width\":855,\"height\":1280},{\"@type\":\"BreadcrumbList\",\"@id\":\"https:\\\/\\\/musuqilla.info\\\/en\\\/harawikuna-qulqakuna\\\/52\\\/#breadcrumb\",\"itemListElement\":[{\"@type\":\"ListItem\",\"position\":1,\"name\":\"Home\",\"item\":\"https:\\\/\\\/musuqilla.info\\\/en\\\/\"},{\"@type\":\"ListItem\",\"position\":2,\"name\":\"Bookshelf\",\"item\":\"https:\\\/\\\/musuqilla.info\\\/en\\\/bookshelf\\\/\"},{\"@type\":\"ListItem\",\"position\":3,\"name\":\"52\"}]},{\"@type\":\"WebSite\",\"@id\":\"https:\\\/\\\/musuqilla.info\\\/en\\\/#website\",\"url\":\"https:\\\/\\\/musuqilla.info\\\/en\\\/\",\"name\":\"Musuq Illa\",\"description\":\"Harawikuna runasimipi\",\"publisher\":{\"@id\":\"https:\\\/\\\/musuqilla.info\\\/en\\\/#organization\"},\"potentialAction\":[{\"@type\":\"SearchAction\",\"target\":{\"@type\":\"EntryPoint\",\"urlTemplate\":\"https:\\\/\\\/musuqilla.info\\\/en\\\/?s={search_term_string}\"},\"query-input\":{\"@type\":\"PropertyValueSpecification\",\"valueRequired\":true,\"valueName\":\"search_term_string\"}}],\"inLanguage\":\"en-US\"},{\"@type\":\"Organization\",\"@id\":\"https:\\\/\\\/musuqilla.info\\\/en\\\/#organization\",\"name\":\"Musuq Illa\",\"url\":\"https:\\\/\\\/musuqilla.info\\\/en\\\/\",\"logo\":{\"@type\":\"ImageObject\",\"inLanguage\":\"en-US\",\"@id\":\"https:\\\/\\\/musuqilla.info\\\/en\\\/#\\\/schema\\\/logo\\\/image\\\/\",\"url\":\"https:\\\/\\\/i0.wp.com\\\/musuqilla.info\\\/wp-content\\\/uploads\\\/2020\\\/11\\\/musuq_illa_masthead_logo_txt_E_2x_smaller.png?fit=348%2C264&ssl=1\",\"contentUrl\":\"https:\\\/\\\/i0.wp.com\\\/musuqilla.info\\\/wp-content\\\/uploads\\\/2020\\\/11\\\/musuq_illa_masthead_logo_txt_E_2x_smaller.png?fit=348%2C264&ssl=1\",\"width\":348,\"height\":264,\"caption\":\"Musuq Illa\"},\"image\":{\"@id\":\"https:\\\/\\\/musuqilla.info\\\/en\\\/#\\\/schema\\\/logo\\\/image\\\/\"},\"sameAs\":[\"https:\\\/\\\/x.com\\\/MusuqIlla\"]}]}<\/script>\n<!-- \/ Yoast SEO plugin. -->","yoast_head_json":{"title":"52 - Musuq Illa","robots":{"index":"index","follow":"follow","max-snippet":"max-snippet:-1","max-image-preview":"max-image-preview:large","max-video-preview":"max-video-preview:-1"},"canonical":"https:\/\/musuqilla.info\/en\/harawikuna-qulqakuna\/52\/","og_locale":"en_US","og_type":"article","og_title":"52 - Musuq Illa","og_description":"tamya pakarimuni sumaklla pankalla mana pipa makipi wataytukushka kuyaylla chumpikunawanlla  pillurishka \u00f1uka samaypash tamya yaku urmakshinami wakakun \u00f1uka aychapash \u00f1awpa urkukunashina pukumukun \u00f1awpa mamakunapa ushay  katimushka  chinkarishka ayllukunapa puma aya  tarimushka \u00f1uka hatun mamami chayamushka tamya yakushina mishki shimikunata apamushpa kunkarishka takikunata  uyachishpa paymi paypakaman shamushka may ninan  warmi kashka","og_url":"https:\/\/musuqilla.info\/en\/harawikuna-qulqakuna\/52\/","og_site_name":"Musuq Illa","article_modified_time":"2021-01-26T21:35:19+00:00","og_image":[{"width":855,"height":1280,"url":"https:\/\/musuqilla.info\/wp-content\/uploads\/2021\/03\/lema-otavalo_52_09e.jpg","type":"image\/jpeg"}],"twitter_card":"summary_large_image","twitter_site":"@MusuqIlla","schema":{"@context":"https:\/\/schema.org","@graph":[{"@type":"WebPage","@id":"https:\/\/musuqilla.info\/en\/harawikuna-qulqakuna\/52\/","url":"https:\/\/musuqilla.info\/en\/harawikuna-qulqakuna\/52\/","name":"52 - Musuq Illa","isPartOf":{"@id":"https:\/\/musuqilla.info\/en\/#website"},"primaryImageOfPage":{"@id":"https:\/\/musuqilla.info\/en\/harawikuna-qulqakuna\/52\/#primaryimage"},"image":{"@id":"https:\/\/musuqilla.info\/en\/harawikuna-qulqakuna\/52\/#primaryimage"},"thumbnailUrl":"https:\/\/musuqilla.info\/wp-content\/uploads\/2021\/03\/lema-otavalo_52_09e.jpg","datePublished":"2020-11-19T00:53:04+00:00","dateModified":"2021-01-26T21:35:19+00:00","breadcrumb":{"@id":"https:\/\/musuqilla.info\/en\/harawikuna-qulqakuna\/52\/#breadcrumb"},"inLanguage":"en-US","potentialAction":[{"@type":"ReadAction","target":["https:\/\/musuqilla.info\/en\/harawikuna-qulqakuna\/52\/"]}]},{"@type":"ImageObject","inLanguage":"en-US","@id":"https:\/\/musuqilla.info\/en\/harawikuna-qulqakuna\/52\/#primaryimage","url":"https:\/\/musuqilla.info\/wp-content\/uploads\/2021\/03\/lema-otavalo_52_09e.jpg","contentUrl":"https:\/\/musuqilla.info\/wp-content\/uploads\/2021\/03\/lema-otavalo_52_09e.jpg","width":855,"height":1280},{"@type":"BreadcrumbList","@id":"https:\/\/musuqilla.info\/en\/harawikuna-qulqakuna\/52\/#breadcrumb","itemListElement":[{"@type":"ListItem","position":1,"name":"Home","item":"https:\/\/musuqilla.info\/en\/"},{"@type":"ListItem","position":2,"name":"Bookshelf","item":"https:\/\/musuqilla.info\/en\/bookshelf\/"},{"@type":"ListItem","position":3,"name":"52"}]},{"@type":"WebSite","@id":"https:\/\/musuqilla.info\/en\/#website","url":"https:\/\/musuqilla.info\/en\/","name":"Musuq Illa","description":"Harawikuna runasimipi","publisher":{"@id":"https:\/\/musuqilla.info\/en\/#organization"},"potentialAction":[{"@type":"SearchAction","target":{"@type":"EntryPoint","urlTemplate":"https:\/\/musuqilla.info\/en\/?s={search_term_string}"},"query-input":{"@type":"PropertyValueSpecification","valueRequired":true,"valueName":"search_term_string"}}],"inLanguage":"en-US"},{"@type":"Organization","@id":"https:\/\/musuqilla.info\/en\/#organization","name":"Musuq Illa","url":"https:\/\/musuqilla.info\/en\/","logo":{"@type":"ImageObject","inLanguage":"en-US","@id":"https:\/\/musuqilla.info\/en\/#\/schema\/logo\/image\/","url":"https:\/\/i0.wp.com\/musuqilla.info\/wp-content\/uploads\/2020\/11\/musuq_illa_masthead_logo_txt_E_2x_smaller.png?fit=348%2C264&ssl=1","contentUrl":"https:\/\/i0.wp.com\/musuqilla.info\/wp-content\/uploads\/2020\/11\/musuq_illa_masthead_logo_txt_E_2x_smaller.png?fit=348%2C264&ssl=1","width":348,"height":264,"caption":"Musuq Illa"},"image":{"@id":"https:\/\/musuqilla.info\/en\/#\/schema\/logo\/image\/"},"sameAs":["https:\/\/x.com\/MusuqIlla"]}]}},"_links":{"self":[{"href":"https:\/\/musuqilla.info\/en\/wp-json\/wp\/v2\/product\/3520","targetHints":{"allow":["GET"]}}],"collection":[{"href":"https:\/\/musuqilla.info\/en\/wp-json\/wp\/v2\/product"}],"about":[{"href":"https:\/\/musuqilla.info\/en\/wp-json\/wp\/v2\/types\/product"}],"wp:featuredmedia":[{"embeddable":true,"href":"https:\/\/musuqilla.info\/en\/wp-json\/wp\/v2\/media\/4771"}],"wp:attachment":[{"href":"https:\/\/musuqilla.info\/en\/wp-json\/wp\/v2\/media?parent=3520"}],"wp:term":[{"taxonomy":"product_brand","embeddable":true,"href":"https:\/\/musuqilla.info\/en\/wp-json\/wp\/v2\/product_brand?post=3520"},{"taxonomy":"product_cat","embeddable":true,"href":"https:\/\/musuqilla.info\/en\/wp-json\/wp\/v2\/product_cat?post=3520"},{"taxonomy":"product_tag","embeddable":true,"href":"https:\/\/musuqilla.info\/en\/wp-json\/wp\/v2\/product_tag?post=3520"},{"taxonomy":"press","embeddable":true,"href":"https:\/\/musuqilla.info\/en\/wp-json\/wp\/v2\/press?post=3520"}],"curies":[{"name":"wp","href":"https:\/\/api.w.org\/{rel}","templated":true}]}}